{"id":11167,"date":"2022-12-11T18:14:58","date_gmt":"2022-12-11T17:14:58","guid":{"rendered":"https:\/\/www.prairiewind.ch\/newone\/?post_type=product&#038;p=11167"},"modified":"2025-09-05T20:37:26","modified_gmt":"2025-09-05T18:37:26","slug":"paul-thompson-floete-flacher-block","status":"publish","type":"product","link":"https:\/\/www.prairiewind.ch\/newone\/produkt\/paul-thompson-floete-flacher-block\/","title":{"rendered":"Paul Thompson (Navajo) \u2013 Fl\u00f6te mit flachem Block"},"content":{"rendered":"<p>Paul Thompson, ein K\u00fcnstler des Navajo-Stammes, pr\u00e4sentiert eine sorgf\u00e4ltig handgefertigte Fl\u00f6te aus Flussrohr. Das Flussrohr ist bekannt f\u00fcr seine nat\u00fcrliche Sch\u00f6nheit und seine hervorragenden klanglichen Eigenschaften, und in den H\u00e4nden eines Meisters wie Thompson verwandelt es sich in ein exquisites Musikinstrument.<\/p>\n<p>Ein herausragendes Merkmal dieser Fl\u00f6te ist ihr d\u00fcnner, flacher Block. Dieses sorgf\u00e4ltig gestaltete Detail erm\u00f6glicht nicht nur eine einfache Handhabung, sondern sorgt vor allem f\u00fcr einen besonders angenehmen und melodischen Klang. Der Ton, den diese <a href=\"https:\/\/www.prairiewind.ch\/newone\/produkt\/thompson-ovale-flote\/\" data-wpil-monitor-id=\"638\">Paul Thompson Navajo 8211 Flte Aus Guide<\/a> erzeugt, ist klar und resonant, wodurch der Spieler in der Lage ist, eine breite Palette von Nuancen und Emotionen auszudr\u00fccken.<\/p>\n<p>Mit einer L\u00e4nge von 44.7 cm und einem Durchmesser von 3.2 cm ist die Fl\u00f6te kompakt und dennoch perfekt dimensioniert, <a href=\"https:\/\/www.prairiewind.ch\/newone\/agb\/\" data-wpil-monitor-id=\"1022\">um einen vollen und tiefen<\/a> Klang zu erzeugen. Paul Thompsons <a href=\"https:\/\/www.prairiewind.ch\/newone\/produkt\/1166-raymie-namingha-hopi\/\" data-wpil-monitor-id=\"1187\">handwerkliches<\/a> K\u00f6nnen und sein tiefes Verst\u00e4ndnis f\u00fcr die Musik und Kultur des Navajo-Stammes sind in jedem Detail dieses Instruments sichtbar. Es ist ein Meisterwerk, <a href=\"https:\/\/www.prairiewind.ch\/newone\/produkt\/brokeshoulder-pueblo-fingerring-silber\/\" data-wpil-monitor-id=\"1024\">das sowohl in seiner Funktion<\/a> als auch in seiner Form beeindruckt.<\/p>\n","protected":false},"excerpt":{"rendered":"<p>Handgefertigte <a class=\"wpil_keyword_link\" href=\"https:\/\/www.prairiewind.ch\/newone\/produkt\/andrew-thomas-navajo-changing-woman-s-blessing-6\/\" title=\"Andrew Thomas (Navajo) &#8211; Changing Woman&#8217;s Blessing\" data-wpil-keyword-link=\"linked\" data-wpil-monitor-id=\"188989\">Fl\u00f6te<\/a> (Typ Wasserrohr) mit einem d\u00fcnnen, flachen Block, wodurch ein angenehmer Klang entsteht.<\/p>\n<p>L\u00e4nge: 44.7 cm<br \/>\nDurchmesser: 3.2 cm<\/p>\n","protected":false},"featured_media":11194,"template":"","meta":{"_uag_custom_page_level_css":"","site-sidebar-layout":"default","site-content-layout":"","ast-site-content-layout":"default","site-content-style":"default","site-sidebar-style":"default","ast-global-header-display":"","ast-banner-title-visibility":"","ast-main-header-display":"","ast-hfb-above-header-display":"","ast-hfb-below-header-display":"","ast-hfb-mobile-header-display":"","site-post-title":"","ast-breadcrumbs-content":"","ast-featured-img":"","footer-sml-layout":"","ast-disable-related-posts":"","theme-transparent-header-meta":"default","adv-header-id-meta":"","stick-header-meta":"","header-above-stick-meta":"","header-main-stick-meta":"","header-below-stick-meta":"","astra-migrate-meta-layouts":"set","ast-page-background-enabled":"default","ast-page-background-meta":{"desktop":{"background-color":"var(--ast-global-color-4)","background-image":"","background-repeat":"repeat","background-position":"center center","background-size":"auto","background-attachment":"scroll","background-type":"","background-media":"","overlay-type":"","overlay-color":"","overlay-opacity":"","overlay-gradient":""},"tablet":{"background-color":"","background-image":"","background-repeat":"repeat","background-position":"center center","background-size":"auto","background-attachment":"scroll","background-type":"","background-media":"","overlay-type":"","overlay-color":"","overlay-opacity":"","overlay-gradient":""},"mobile":{"background-color":"","background-image":"","background-repeat":"repeat","background-position":"center center","background-size":"auto","background-attachment":"scroll","background-type":"","background-media":"","overlay-type":"","overlay-color":"","overlay-opacity":"","overlay-gradient":""}},"ast-content-background-meta":{"desktop":{"background-color":"var(--ast-global-color-5)","background-image":"","background-repeat":"repeat","background-position":"center center","background-size":"auto","background-attachment":"scroll","background-type":"","background-media":"","overlay-type":"","overlay-color":"","overlay-opacity":"","overlay-gradient":""},"tablet":{"background-color":"var(--ast-global-color-5)","background-image":"","background-repeat":"repeat","background-position":"center center","background-size":"auto","background-attachment":"scroll","background-type":"","background-media":"","overlay-type":"","overlay-color":"","overlay-opacity":"","overlay-gradient":""},"mobile":{"background-color":"var(--ast-global-color-5)","background-image":"","background-repeat":"repeat","background-position":"center center","background-size":"auto","background-attachment":"scroll","background-type":"","background-media":"","overlay-type":"","overlay-color":"","overlay-opacity":"","overlay-gradient":""}}},"product_brand":[],"product_cat":[56],"product_tag":[858],"class_list":{"0":"post-11167","1":"product","2":"type-product","3":"status-publish","4":"has-post-thumbnail","6":"product_cat-indianerfloeten","7":"product_tag-navajo","8":"desktop-align-left","9":"tablet-align-left","10":"mobile-align-left","12":"first","13":"outofstock","14":"shipping-taxable","15":"purchasable","16":"product-type-simple"},"uagb_featured_image_src":{"full":["https:\/\/www.prairiewind.ch\/newone\/wp-content\/uploads\/2022\/12\/20221211_144016134_iOS-scaled.webp",1920,1440,false],"thumbnail":["https:\/\/www.prairiewind.ch\/newone\/wp-content\/uploads\/2022\/12\/20221211_144016134_iOS-scaled-150x150.webp",150,150,true],"medium":["https:\/\/www.prairiewind.ch\/newone\/wp-content\/uploads\/2022\/12\/20221211_144016134_iOS-scaled-300x225.webp",300,225,true],"medium_large":["https:\/\/www.prairiewind.ch\/newone\/wp-content\/uploads\/2022\/12\/20221211_144016134_iOS-scaled-768x576.webp",768,576,true],"large":["https:\/\/www.prairiewind.ch\/newone\/wp-content\/uploads\/2022\/12\/20221211_144016134_iOS-scaled-1024x768.webp",1024,768,true],"1536x1536":["https:\/\/www.prairiewind.ch\/newone\/wp-content\/uploads\/2022\/12\/20221211_144016134_iOS-scaled-1536x1152.webp",1536,1152,true],"2048x2048":["https:\/\/www.prairiewind.ch\/newone\/wp-content\/uploads\/2022\/12\/20221211_144016134_iOS-2048x1536.webp",1920,1440,true],"hero-banner":["https:\/\/www.prairiewind.ch\/newone\/wp-content\/uploads\/2022\/12\/20221211_144016134_iOS-scaled-450x160.webp",450,160,true],"category-thumb":["https:\/\/www.prairiewind.ch\/newone\/wp-content\/uploads\/2022\/12\/20221211_144016134_iOS-scaled-200x150.webp",200,150,true],"woocommerce_thumbnail":["https:\/\/www.prairiewind.ch\/newone\/wp-content\/uploads\/2022\/12\/20221211_144016134_iOS-scaled-188x141.webp",188,141,true],"woocommerce_single":["https:\/\/www.prairiewind.ch\/newone\/wp-content\/uploads\/2022\/12\/20221211_144016134_iOS-scaled-251x188.webp",251,188,true],"woocommerce_gallery_thumbnail":["https:\/\/www.prairiewind.ch\/newone\/wp-content\/uploads\/2022\/12\/20221211_144016134_iOS-scaled-100x100.webp",100,100,true]},"uagb_author_info":{"display_name":"Kurt Weissen","author_link":"https:\/\/www.prairiewind.ch\/newone\/author\/"},"uagb_comment_info":0,"uagb_excerpt":"Handgefertigte Fl\u00f6te (Typ Wasserrohr) mit einem d\u00fcnnen, flachen Block, wodurch ein angenehmer Klang entsteht. L\u00e4nge: 44.7 cm Durchmesser: 3.2 cm","_links":{"self":[{"href":"https:\/\/www.prairiewind.ch\/newone\/wp-json\/wp\/v2\/product\/11167","targetHints":{"allow":["GET"]}}],"collection":[{"href":"https:\/\/www.prairiewind.ch\/newone\/wp-json\/wp\/v2\/product"}],"about":[{"href":"https:\/\/www.prairiewind.ch\/newone\/wp-json\/wp\/v2\/types\/product"}],"version-history":[{"count":2,"href":"https:\/\/www.prairiewind.ch\/newone\/wp-json\/wp\/v2\/product\/11167\/revisions"}],"predecessor-version":[{"id":112065,"href":"https:\/\/www.prairiewind.ch\/newone\/wp-json\/wp\/v2\/product\/11167\/revisions\/112065"}],"wp:featuredmedia":[{"embeddable":true,"href":"https:\/\/www.prairiewind.ch\/newone\/wp-json\/wp\/v2\/media\/11194"}],"wp:attachment":[{"href":"https:\/\/www.prairiewind.ch\/newone\/wp-json\/wp\/v2\/media?parent=11167"}],"wp:term":[{"taxonomy":"product_brand","embeddable":true,"href":"https:\/\/www.prairiewind.ch\/newone\/wp-json\/wp\/v2\/product_brand?post=11167"},{"taxonomy":"product_cat","embeddable":true,"href":"https:\/\/www.prairiewind.ch\/newone\/wp-json\/wp\/v2\/product_cat?post=11167"},{"taxonomy":"product_tag","embeddable":true,"href":"https:\/\/www.prairiewind.ch\/newone\/wp-json\/wp\/v2\/product_tag?post=11167"}],"curies":[{"name":"wp","href":"https:\/\/api.w.org\/{rel}","templated":true}]}}