{"id":11162,"date":"2022-12-11T18:07:54","date_gmt":"2022-12-11T17:07:54","guid":{"rendered":"https:\/\/www.prairiewind.ch\/newone\/?post_type=product&#038;p=11162"},"modified":"2025-07-15T21:19:51","modified_gmt":"2025-07-15T19:19:51","slug":"paul-thompson-wasserrohr-floete","status":"publish","type":"product","link":"https:\/\/www.prairiewind.ch\/newone\/produkt\/paul-thompson-wasserrohr-floete\/","title":{"rendered":"Paul Thompson (Navajo) &#8211; Flussrohr-Fl\u00f6te"},"content":{"rendered":"<p>Paul Thompson, ein renommierter K\u00fcnstler der Navajo, pr\u00e4sentiert eine meisterhaft handgefertigte Fl\u00f6te, die die Finesse und das K\u00f6nnen seines Handwerks verk\u00f6rpert. Das auff\u00e4llige Merkmal dieses Instruments ist sein d\u00fcnner, flacher Block. Dieses sorgf\u00e4ltig gestaltete Detail gibt der Fl\u00f6te ihren charakteristischen hellen Klang, der sich in sanften Melodien und klaren T\u00f6nen ausdr\u00fcckt. Dieser angenehm helle Klang hebt sich von den tieferen T\u00f6nen vieler traditioneller <a href=\"https:\/\/www.prairiewind.ch\/newone\/produkt\/andrew-thomas-navajo-changing-woman-s-blessing-6\/\" data-wpil-monitor-id=\"447\">Andrew Thomas Navajo 8211 Changing Woman8217s Tips<\/a> ab und bietet dem Spieler eine erfrischende und inspirierende musikalische Erfahrung.<\/p>\n<p><a href=\"https:\/\/www.prairiewind.ch\/newone\/produkt\/betty-rodriguez-kewa-gestreifte-halskette\/\" data-wpil-monitor-id=\"906\">Die Fl\u00f6te misst in der L\u00e4nge 48 cm und hat einen<\/a> Durchmesser von 2.2 cm. Diese pr\u00e4zisen Abmessungen tragen dazu bei, die einzigartige Klangqualit\u00e4t des Instruments zu f\u00f6rdern und gleichzeitig sicherzustellen, <a href=\"https:\/\/www.prairiewind.ch\/newone\/produkt\/barry-johnson-lakota-amulett-schildkroete\/\" data-wpil-monitor-id=\"1206\">dass es leicht und bequem<\/a> in der Hand liegt.<\/p>\n<p><a href=\"https:\/\/www.prairiewind.ch\/newone\/produkt\/thompson-ovale-flote\/\" data-wpil-monitor-id=\"637\">Paul Thompsons Fl\u00f6te<\/a> ist nicht nur ein Zeugnis seines handwerklichen K\u00f6nnens, sondern auch ein Ausdruck seiner tiefe Verbindung zur Navajo-Kultur und der st\u00e4ndigen Weiterentwicklung traditioneller Musikinstrumente. <a href=\"https:\/\/www.prairiewind.ch\/newone\/schmuck-ureinwohner-nordamerikas\/\" data-wpil-monitor-id=\"1048\">Es handelt sich um<\/a> ein Instrument, das gleicherma\u00dfen zum Spielen wie zum Bewundern einl\u00e4dt.<\/p>\n","protected":false},"excerpt":{"rendered":"<p>Handgefertigte <a class=\"wpil_keyword_link\" href=\"https:\/\/www.prairiewind.ch\/newone\/produkt\/michael-chavez-zuni-bemalte-rasselschlange\/\" title=\"Michael Chavez (Zuni) &#8211; bemalte Rasselschlange\" data-wpil-keyword-link=\"linked\" data-wpil-monitor-id=\"188990\">Fl\u00f6te<\/a> mit einem d\u00fcnnen, flachen Block, wodurch ein angenehmer heller Klang entsteht.<\/p>\n<p>L\u00e4nge: 48 cm<br \/>\nDurchmesser: 2.2 cm<\/p>\n","protected":false},"featured_media":11173,"template":"","meta":{"_uag_custom_page_level_css":"","site-sidebar-layout":"default","site-content-layout":"","ast-site-content-layout":"default","site-content-style":"default","site-sidebar-style":"default","ast-global-header-display":"","ast-banner-title-visibility":"","ast-main-header-display":"","ast-hfb-above-header-display":"","ast-hfb-below-header-display":"","ast-hfb-mobile-header-display":"","site-post-title":"","ast-breadcrumbs-content":"","ast-featured-img":"","footer-sml-layout":"","ast-disable-related-posts":"","theme-transparent-header-meta":"default","adv-header-id-meta":"","stick-header-meta":"","header-above-stick-meta":"","header-main-stick-meta":"","header-below-stick-meta":"","astra-migrate-meta-layouts":"set","ast-page-background-enabled":"default","ast-page-background-meta":{"desktop":{"background-color":"var(--ast-global-color-4)","background-image":"","background-repeat":"repeat","background-position":"center center","background-size":"auto","background-attachment":"scroll","background-type":"","background-media":"","overlay-type":"","overlay-color":"","overlay-opacity":"","overlay-gradient":""},"tablet":{"background-color":"","background-image":"","background-repeat":"repeat","background-position":"center center","background-size":"auto","background-attachment":"scroll","background-type":"","background-media":"","overlay-type":"","overlay-color":"","overlay-opacity":"","overlay-gradient":""},"mobile":{"background-color":"","background-image":"","background-repeat":"repeat","background-position":"center center","background-size":"auto","background-attachment":"scroll","background-type":"","background-media":"","overlay-type":"","overlay-color":"","overlay-opacity":"","overlay-gradient":""}},"ast-content-background-meta":{"desktop":{"background-color":"var(--ast-global-color-5)","background-image":"","background-repeat":"repeat","background-position":"center center","background-size":"auto","background-attachment":"scroll","background-type":"","background-media":"","overlay-type":"","overlay-color":"","overlay-opacity":"","overlay-gradient":""},"tablet":{"background-color":"var(--ast-global-color-5)","background-image":"","background-repeat":"repeat","background-position":"center center","background-size":"auto","background-attachment":"scroll","background-type":"","background-media":"","overlay-type":"","overlay-color":"","overlay-opacity":"","overlay-gradient":""},"mobile":{"background-color":"var(--ast-global-color-5)","background-image":"","background-repeat":"repeat","background-position":"center center","background-size":"auto","background-attachment":"scroll","background-type":"","background-media":"","overlay-type":"","overlay-color":"","overlay-opacity":"","overlay-gradient":""}}},"product_brand":[],"product_cat":[56],"product_tag":[],"class_list":{"0":"post-11162","1":"product","2":"type-product","3":"status-publish","4":"has-post-thumbnail","6":"product_cat-indianerfloeten","7":"desktop-align-left","8":"tablet-align-left","9":"mobile-align-left","11":"first","12":"instock","13":"shipping-taxable","14":"purchasable","15":"product-type-simple"},"uagb_featured_image_src":{"full":["https:\/\/www.prairiewind.ch\/newone\/wp-content\/uploads\/2022\/12\/20221211_143548958_iOS-scaled.webp",1920,1440,false],"thumbnail":["https:\/\/www.prairiewind.ch\/newone\/wp-content\/uploads\/2022\/12\/20221211_143548958_iOS-scaled-150x150.webp",150,150,true],"medium":["https:\/\/www.prairiewind.ch\/newone\/wp-content\/uploads\/2022\/12\/20221211_143548958_iOS-scaled-300x225.webp",300,225,true],"medium_large":["https:\/\/www.prairiewind.ch\/newone\/wp-content\/uploads\/2022\/12\/20221211_143548958_iOS-scaled-768x576.webp",768,576,true],"large":["https:\/\/www.prairiewind.ch\/newone\/wp-content\/uploads\/2022\/12\/20221211_143548958_iOS-scaled-1024x768.webp",1024,768,true],"1536x1536":["https:\/\/www.prairiewind.ch\/newone\/wp-content\/uploads\/2022\/12\/20221211_143548958_iOS-scaled-1536x1152.webp",1536,1152,true],"2048x2048":["https:\/\/www.prairiewind.ch\/newone\/wp-content\/uploads\/2022\/12\/20221211_143548958_iOS-2048x1536.webp",1920,1440,true],"hero-banner":["https:\/\/www.prairiewind.ch\/newone\/wp-content\/uploads\/2022\/12\/20221211_143548958_iOS-scaled-450x160.webp",450,160,true],"category-thumb":["https:\/\/www.prairiewind.ch\/newone\/wp-content\/uploads\/2022\/12\/20221211_143548958_iOS-scaled-200x150.webp",200,150,true],"woocommerce_thumbnail":["https:\/\/www.prairiewind.ch\/newone\/wp-content\/uploads\/2022\/12\/20221211_143548958_iOS-scaled-188x141.webp",188,141,true],"woocommerce_single":["https:\/\/www.prairiewind.ch\/newone\/wp-content\/uploads\/2022\/12\/20221211_143548958_iOS-scaled-251x188.webp",251,188,true],"woocommerce_gallery_thumbnail":["https:\/\/www.prairiewind.ch\/newone\/wp-content\/uploads\/2022\/12\/20221211_143548958_iOS-scaled-100x100.webp",100,100,true]},"uagb_author_info":{"display_name":"Kurt Weissen","author_link":"https:\/\/www.prairiewind.ch\/newone\/author\/"},"uagb_comment_info":0,"uagb_excerpt":"Handgefertigte Fl\u00f6te mit einem d\u00fcnnen, flachen Block, wodurch ein angenehmer heller Klang entsteht. L\u00e4nge: 48 cm Durchmesser: 2.2 cm","_links":{"self":[{"href":"https:\/\/www.prairiewind.ch\/newone\/wp-json\/wp\/v2\/product\/11162","targetHints":{"allow":["GET"]}}],"collection":[{"href":"https:\/\/www.prairiewind.ch\/newone\/wp-json\/wp\/v2\/product"}],"about":[{"href":"https:\/\/www.prairiewind.ch\/newone\/wp-json\/wp\/v2\/types\/product"}],"version-history":[{"count":2,"href":"https:\/\/www.prairiewind.ch\/newone\/wp-json\/wp\/v2\/product\/11162\/revisions"}],"predecessor-version":[{"id":112066,"href":"https:\/\/www.prairiewind.ch\/newone\/wp-json\/wp\/v2\/product\/11162\/revisions\/112066"}],"wp:featuredmedia":[{"embeddable":true,"href":"https:\/\/www.prairiewind.ch\/newone\/wp-json\/wp\/v2\/media\/11173"}],"wp:attachment":[{"href":"https:\/\/www.prairiewind.ch\/newone\/wp-json\/wp\/v2\/media?parent=11162"}],"wp:term":[{"taxonomy":"product_brand","embeddable":true,"href":"https:\/\/www.prairiewind.ch\/newone\/wp-json\/wp\/v2\/product_brand?post=11162"},{"taxonomy":"product_cat","embeddable":true,"href":"https:\/\/www.prairiewind.ch\/newone\/wp-json\/wp\/v2\/product_cat?post=11162"},{"taxonomy":"product_tag","embeddable":true,"href":"https:\/\/www.prairiewind.ch\/newone\/wp-json\/wp\/v2\/product_tag?post=11162"}],"curies":[{"name":"wp","href":"https:\/\/api.w.org\/{rel}","templated":true}]}}