{"id":97,"date":"2018-11-17T18:20:25","date_gmt":"2018-11-17T18:20:25","guid":{"rendered":"https:\/\/www.prairiewind.ch\/newone\/?page_id=97"},"modified":"2026-01-09T15:30:11","modified_gmt":"2026-01-09T13:30:11","slug":"impressum","status":"publish","type":"page","link":"https:\/\/www.prairiewind.ch\/newone\/impressum\/","title":{"rendered":"Impressum &#8211; Angaben zu Unternehmung und Verantwortlichen"},"content":{"rendered":"\t\t<div data-elementor-type=\"wp-page\" data-elementor-id=\"97\" class=\"elementor elementor-97\" data-elementor-post-type=\"page\">\n\t\t\t\t\t\t<section class=\"elementor-section elementor-top-section elementor-element elementor-element-ebfb552 elementor-section-stretched elementor-section-boxed elementor-section-height-default elementor-section-height-default\" data-id=\"ebfb552\" data-element_type=\"section\" data-e-type=\"section\" data-settings=\"{&quot;stretch_section&quot;:&quot;section-stretched&quot;}\">\n\t\t\t\t\t\t<div class=\"elementor-container elementor-column-gap-default\">\n\t\t\t\t\t<div class=\"elementor-column elementor-col-100 elementor-top-column elementor-element elementor-element-0cef3f2\" data-id=\"0cef3f2\" data-element_type=\"column\" data-e-type=\"column\">\n\t\t\t<div class=\"elementor-widget-wrap elementor-element-populated\">\n\t\t\t\t\t\t<div class=\"elementor-element elementor-element-1da561f elementor-widget elementor-widget-heading\" data-id=\"1da561f\" data-element_type=\"widget\" data-e-type=\"widget\" data-widget_type=\"heading.default\">\n\t\t\t\t<div class=\"elementor-widget-container\">\n\t\t\t\t\t<h1 class=\"elementor-heading-title elementor-size-default\">Impressum \u2013 Angaben zu Unternehmung und Verantwortlichen\n<\/h1>\t\t\t\t<\/div>\n\t\t\t\t<\/div>\n\t\t\t\t<div class=\"elementor-element elementor-element-08b03e3 elementor-widget elementor-widget-heading\" data-id=\"08b03e3\" data-element_type=\"widget\" data-e-type=\"widget\" data-widget_type=\"heading.default\">\n\t\t\t\t<div class=\"elementor-widget-container\">\n\t\t\t\t\t<h2 class=\"elementor-heading-title elementor-size-default\">Kontakt-Adresse der Verantwortlichen\n<\/h2>\t\t\t\t<\/div>\n\t\t\t\t<\/div>\n\t\t\t\t<div class=\"elementor-element elementor-element-8db2d13 gm-text-col-2 elementor-widget elementor-widget-text-editor\" data-id=\"8db2d13\" data-element_type=\"widget\" data-e-type=\"widget\" data-widget_type=\"text-editor.default\">\n\t\t\t\t<div class=\"elementor-widget-container\">\n\t\t\t\t\t\t\t\t\t<ul><li><a href=\"https:\/\/www.prairiewind.ch\/newone\/kontakt\/\">prairie wind. iris herzig weissen<\/a><\/li><li><a class=\"ob-external-link ng-star-inserted\" href=\"https:\/\/www.uid.admin.ch\/Detail.aspx?uid_id=CHE105647439\" target=\"_blank\" rel=\"noopener noreferrer\" aria-label=\" - \u00d6ffnet in einem neuen Tab.\">CHE-105.647.439<\/a><\/li><li>Iris Herzig,\u00a0Gotthelfstrasse 45,\u00a04054 Basel,\u00a0Schweiz<\/li><li>E-Mail:\u00a0mail @ <a class=\"wpil_keyword_link\" href=\"https:\/\/www.prairiewind.ch\/newone\/about-us\/\" title=\"\u00fcber prairie wind\" data-wpil-keyword-link=\"linked\" data-wpil-monitor-id=\"188351\">prairiewind<\/a>. ch<\/li><\/ul>\t\t\t\t\t\t\t\t<\/div>\n\t\t\t\t<\/div>\n\t\t\t\t<div class=\"elementor-element elementor-element-48b8739 elementor-widget elementor-widget-heading\" data-id=\"48b8739\" data-element_type=\"widget\" data-e-type=\"widget\" data-widget_type=\"heading.default\">\n\t\t\t\t<div class=\"elementor-widget-container\">\n\t\t\t\t\t<h2 class=\"elementor-heading-title elementor-size-default\">Angaben zur vertretungsberechtigten Inhaberin\n<\/h2>\t\t\t\t<\/div>\n\t\t\t\t<\/div>\n\t\t\t\t<div class=\"elementor-element elementor-element-6ec4db5 gm-text-col-2 elementor-widget elementor-widget-text-editor\" data-id=\"6ec4db5\" data-element_type=\"widget\" data-e-type=\"widget\" data-widget_type=\"text-editor.default\">\n\t\t\t\t<div class=\"elementor-widget-container\">\n\t\t\t\t\t\t\t\t\t<p>Iris Herzig <a href=\"https:\/\/www.prairiewind.ch\/newone\/mein-konto\/\" data-wpil-monitor-id=\"1185\">Weissen<\/a>, Gesch\u00e4ftsinhaberin<\/p>\t\t\t\t\t\t\t\t<\/div>\n\t\t\t\t<\/div>\n\t\t\t\t<div class=\"elementor-element elementor-element-efa09f9 elementor-widget elementor-widget-heading\" data-id=\"efa09f9\" data-element_type=\"widget\" data-e-type=\"widget\" data-widget_type=\"heading.default\">\n\t\t\t\t<div class=\"elementor-widget-container\">\n\t\t\t\t\t<h2 class=\"elementor-heading-title elementor-size-default\">Haftungsausschluss der Unternehmung\n<\/h2>\t\t\t\t<\/div>\n\t\t\t\t<\/div>\n\t\t\t\t<div class=\"elementor-element elementor-element-6f5dbbd gm-text-col-2 elementor-widget elementor-widget-text-editor\" data-id=\"6f5dbbd\" data-element_type=\"widget\" data-e-type=\"widget\" data-widget_type=\"text-editor.default\">\n\t\t\t\t<div class=\"elementor-widget-container\">\n\t\t\t\t\t\t\t\t\t<p>Der Autor \u00fcbernimmt keinerlei Gew\u00e4hr hinsichtlich der inhaltlichen Richtigkeit, Genauigkeit, Aktualit\u00e4t, Zuverl\u00e4ssigkeit und Vollst\u00e4ndigkeit der Informationen.<\/p><p>Haftungsanspr\u00fcche gegen den Autor wegen Sch\u00e4den materieller <a href=\"https:\/\/www.prairiewind.ch\/newone\/produkt\/lynn-quam-zuni-sitzender-wolf\/\" data-wpil-monitor-id=\"2206\">oder immaterieller Art<\/a>, welche aus dem Zugriff oder der Nutzung bzw. Nichtnutzung der ver\u00f6ffentlichten Informationen, <a href=\"https:\/\/www.prairiewind.ch\/newone\/belletristik-indianer\/\" data-wpil-monitor-id=\"1208\">durch<\/a> Missbrauch der Verbindung oder durch technische St\u00f6rungen entstanden sind, werden ausgeschlossen.<\/p><p><a href=\"https:\/\/www.prairiewind.ch\/newone\/cookie-politik\/\" data-wpil-monitor-id=\"1269\">Alle Angebote sind unverbindlich<\/a>. Der Autor beh\u00e4lt es sich ausdr\u00fccklich vor, Teile der Seiten oder das gesamte Angebot ohne besondere Ank\u00fcndigung zu ver\u00e4ndern, zu erg\u00e4nzen, <a href=\"https:\/\/www.prairiewind.ch\/newone\/warenzoll\/\" data-wpil-monitor-id=\"1276\">zu l\u00f6schen oder die Ver\u00f6ffentlichung zeitweise<\/a> oder endg\u00fcltig einzustellen.<\/p>\t\t\t\t\t\t\t\t<\/div>\n\t\t\t\t<\/div>\n\t\t\t\t<div class=\"elementor-element elementor-element-8824c21 elementor-widget elementor-widget-heading\" data-id=\"8824c21\" data-element_type=\"widget\" data-e-type=\"widget\" data-widget_type=\"heading.default\">\n\t\t\t\t<div class=\"elementor-widget-container\">\n\t\t\t\t\t<h3 class=\"elementor-heading-title elementor-size-default\">Haftungsausschluss f\u00fcr Links\n<\/h3>\t\t\t\t<\/div>\n\t\t\t\t<\/div>\n\t\t\t\t<div class=\"elementor-element elementor-element-53115f6 gm-text-col-2 elementor-widget elementor-widget-text-editor\" data-id=\"53115f6\" data-element_type=\"widget\" data-e-type=\"widget\" data-widget_type=\"text-editor.default\">\n\t\t\t\t<div class=\"elementor-widget-container\">\n\t\t\t\t\t\t\t\t\tVerweise und <a href=\"https:\/\/www.prairiewind.ch\/newone\/links-3\/\" data-wpil-monitor-id=\"313\">Links auf Webseiten<\/a> Dritter liegen ausserhalb unseres Verantwortungsbereichs. Es wird <a href=\"https:\/\/www.prairiewind.ch\/newone\/agb\/\" data-wpil-monitor-id=\"1021\">jegliche<\/a> Verantwortung f\u00fcr solche Webseiten abgelehnt. Der Zugriff und die Nutzung solcher Webseiten erfolgen auf eigene Gefahr des jeweiligen Nutzers. \t\t\t\t\t\t\t\t<\/div>\n\t\t\t\t<\/div>\n\t\t\t\t<div class=\"elementor-element elementor-element-3dae95c elementor-widget elementor-widget-heading\" data-id=\"3dae95c\" data-element_type=\"widget\" data-e-type=\"widget\" data-widget_type=\"heading.default\">\n\t\t\t\t<div class=\"elementor-widget-container\">\n\t\t\t\t\t<h3 class=\"elementor-heading-title elementor-size-default\">Urheberrechte\n<\/h3>\t\t\t\t<\/div>\n\t\t\t\t<\/div>\n\t\t\t\t<div class=\"elementor-element elementor-element-6648221 elementor-widget elementor-widget-text-editor\" data-id=\"6648221\" data-element_type=\"widget\" data-e-type=\"widget\" data-widget_type=\"text-editor.default\">\n\t\t\t\t<div class=\"elementor-widget-container\">\n\t\t\t\t\t\t\t\t\t<p>Die Urheber- und alle <a href=\"https:\/\/www.prairiewind.ch\/newone\/produkt\/012004-betty-rodriguez-kewa-halskette\/\" data-wpil-monitor-id=\"704\">anderen<\/a> Rechte an Inhalten, Bildern, Fotos oder anderen Dateien auf dieser Website, geh\u00f6ren ausschliesslich\u00a0<strong>Iris Herzig<\/strong>\u00a0oder den speziell genannten Rechteinhabern. <a href=\"https:\/\/www.prairiewind.ch\/newone\/gutscheine\/\" data-wpil-monitor-id=\"989\">F\u00fcr die Reproduktion jeglicher Elemente ist die schriftliche Zustimmung des<\/a> Urheberrechtstr\u00e4gers im Voraus einzuholen.<\/p><p>Quelle:\u00a0<a href=\"https:\/\/www.swissanwalt.ch\/Customer\/Home\/Index\" target=\"_blank\" rel=\"noopener noreferrer\">SwissAnwalt<\/a><\/p>\t\t\t\t\t\t\t\t<\/div>\n\t\t\t\t<\/div>\n\t\t\t\t\t<\/div>\n\t\t<\/div>\n\t\t\t\t\t<\/div>\n\t\t<\/section>\n\t\t\t\t<\/div>\n\t\t","protected":false},"excerpt":{"rendered":"<p>Impressum \u2013 Angaben zu Unternehmung und Verantwortlichen Kontakt-Adresse der Verantwortlichen prairie wind. iris herzig weissen CHE-105.647.439 Iris Herzig,\u00a0Gotthelfstrasse 45,\u00a04054 Basel,\u00a0Schweiz [&hellip;]<\/p>\n","protected":false},"author":2,"featured_media":0,"parent":0,"menu_order":0,"comment_status":"closed","ping_status":"closed","template":"elementor_header_footer","meta":{"_uag_custom_page_level_css":"","site-sidebar-layout":"default","site-content-layout":"","ast-site-content-layout":"default","site-content-style":"default","site-sidebar-style":"default","ast-global-header-display":"","ast-banner-title-visibility":"","ast-main-header-display":"","ast-hfb-above-header-display":"","ast-hfb-below-header-display":"","ast-hfb-mobile-header-display":"","site-post-title":"","ast-breadcrumbs-content":"","ast-featured-img":"","footer-sml-layout":"","ast-disable-related-posts":"","theme-transparent-header-meta":"default","adv-header-id-meta":"","stick-header-meta":"","header-above-stick-meta":"","header-main-stick-meta":"","header-below-stick-meta":"","astra-migrate-meta-layouts":"set","ast-page-background-enabled":"default","ast-page-background-meta":{"desktop":{"background-color":"var(--ast-global-color-4)","background-image":"","background-repeat":"repeat","background-position":"center center","background-size":"auto","background-attachment":"scroll","background-type":"","background-media":"","overlay-type":"","overlay-color":"","overlay-opacity":"","overlay-gradient":""},"tablet":{"background-color":"","background-image":"","background-repeat":"repeat","background-position":"center center","background-size":"auto","background-attachment":"scroll","background-type":"","background-media":"","overlay-type":"","overlay-color":"","overlay-opacity":"","overlay-gradient":""},"mobile":{"background-color":"","background-image":"","background-repeat":"repeat","background-position":"center center","background-size":"auto","background-attachment":"scroll","background-type":"","background-media":"","overlay-type":"","overlay-color":"","overlay-opacity":"","overlay-gradient":""}},"ast-content-background-meta":{"desktop":{"background-color":"var(--ast-global-color-5)","background-image":"","background-repeat":"repeat","background-position":"center center","background-size":"auto","background-attachment":"scroll","background-type":"","background-media":"","overlay-type":"","overlay-color":"","overlay-opacity":"","overlay-gradient":""},"tablet":{"background-color":"var(--ast-global-color-5)","background-image":"","background-repeat":"repeat","background-position":"center center","background-size":"auto","background-attachment":"scroll","background-type":"","background-media":"","overlay-type":"","overlay-color":"","overlay-opacity":"","overlay-gradient":""},"mobile":{"background-color":"var(--ast-global-color-5)","background-image":"","background-repeat":"repeat","background-position":"center center","background-size":"auto","background-attachment":"scroll","background-type":"","background-media":"","overlay-type":"","overlay-color":"","overlay-opacity":"","overlay-gradient":""}},"footnotes":""},"class_list":["post-97","page","type-page","status-publish","hentry"],"uagb_featured_image_src":{"full":false,"thumbnail":false,"medium":false,"medium_large":false,"large":false,"1536x1536":false,"2048x2048":false,"hero-banner":false,"category-thumb":false,"woocommerce_thumbnail":false,"woocommerce_single":false,"woocommerce_gallery_thumbnail":false},"uagb_author_info":{"display_name":"Kurt Weissen","author_link":"https:\/\/www.prairiewind.ch\/newone\/author\/kurt-weissen\/"},"uagb_comment_info":0,"uagb_excerpt":"Impressum \u2013 Angaben zu Unternehmung und Verantwortlichen Kontakt-Adresse der Verantwortlichen prairie wind. iris herzig weissen CHE-105.647.439 Iris Herzig,\u00a0Gotthelfstrasse 45,\u00a04054 Basel,\u00a0Schweiz [&hellip;]","_links":{"self":[{"href":"https:\/\/www.prairiewind.ch\/newone\/wp-json\/wp\/v2\/pages\/97","targetHints":{"allow":["GET"]}}],"collection":[{"href":"https:\/\/www.prairiewind.ch\/newone\/wp-json\/wp\/v2\/pages"}],"about":[{"href":"https:\/\/www.prairiewind.ch\/newone\/wp-json\/wp\/v2\/types\/page"}],"author":[{"embeddable":true,"href":"https:\/\/www.prairiewind.ch\/newone\/wp-json\/wp\/v2\/users\/2"}],"replies":[{"embeddable":true,"href":"https:\/\/www.prairiewind.ch\/newone\/wp-json\/wp\/v2\/comments?post=97"}],"version-history":[{"count":2,"href":"https:\/\/www.prairiewind.ch\/newone\/wp-json\/wp\/v2\/pages\/97\/revisions"}],"predecessor-version":[{"id":111733,"href":"https:\/\/www.prairiewind.ch\/newone\/wp-json\/wp\/v2\/pages\/97\/revisions\/111733"}],"wp:attachment":[{"href":"https:\/\/www.prairiewind.ch\/newone\/wp-json\/wp\/v2\/media?parent=97"}],"curies":[{"name":"wp","href":"https:\/\/api.w.org\/{rel}","templated":true}]}}