{"id":8165,"date":"2022-03-09T15:07:03","date_gmt":"2022-03-09T14:07:03","guid":{"rendered":"https:\/\/www.prairiewind.ch\/newone\/?page_id=8165"},"modified":"2026-01-09T17:29:38","modified_gmt":"2026-01-09T15:29:38","slug":"schmuck-handwerkskunst-indianer-naturmaterialien","status":"publish","type":"page","link":"https:\/\/www.prairiewind.ch\/newone\/schmuck-handwerkskunst-indianer-naturmaterialien\/","title":{"rendered":"Schmuck und Kunsthandwerk aus Naturmaterialien"},"content":{"rendered":"\t\t<div data-elementor-type=\"wp-page\" data-elementor-id=\"8165\" class=\"elementor elementor-8165\" data-elementor-post-type=\"page\">\n\t\t\t\t\t\t<section class=\"elementor-section elementor-top-section elementor-element elementor-element-b56a54a elementor-section-stretched elementor-section-boxed elementor-section-height-default elementor-section-height-default\" data-id=\"b56a54a\" data-element_type=\"section\" data-e-type=\"section\" data-settings=\"{&quot;stretch_section&quot;:&quot;section-stretched&quot;}\">\n\t\t\t\t\t\t<div class=\"elementor-container elementor-column-gap-default\">\n\t\t\t\t\t<div class=\"elementor-column elementor-col-100 elementor-top-column elementor-element elementor-element-dc82df3\" data-id=\"dc82df3\" data-element_type=\"column\" data-e-type=\"column\">\n\t\t\t<div class=\"elementor-widget-wrap elementor-element-populated\">\n\t\t\t\t\t\t<div class=\"elementor-element elementor-element-c92d494 elementor-widget elementor-widget-heading\" data-id=\"c92d494\" data-element_type=\"widget\" data-e-type=\"widget\" data-widget_type=\"heading.default\">\n\t\t\t\t<div class=\"elementor-widget-container\">\n\t\t\t\t\t<h1 class=\"elementor-heading-title elementor-size-default\">Schmuck &amp; Kunsthandwerk aus Naturmaterialien\n<\/h1>\t\t\t\t<\/div>\n\t\t\t\t<\/div>\n\t\t\t\t<div class=\"elementor-element elementor-element-5fa9ee9 gm-text-col-2 elementor-widget elementor-widget-text-editor\" data-id=\"5fa9ee9\" data-element_type=\"widget\" data-e-type=\"widget\" data-widget_type=\"text-editor.default\">\n\t\t\t\t<div class=\"elementor-widget-container\">\n\t\t\t\t\t\t\t\t\t<p>Die Ureinwohner Nordamerikas haben sehr vielf\u00e4ltige Entwicklungsgeschichten und Traditionen, die sich auch in handwerklichen G\u00fctern, Kunsthandwerk, Alltagsgegenst\u00e4nden und Schmuck widerspiegeln. Die Naturmaterialien, die meist f\u00fcr die Herstellung verwendet werden, sind ebenso traditionsreich wie sch\u00f6n.\u00a0Die Materialien f\u00fcr Schmuck und Accessoires werden sorgsam ausgew\u00e4hlt und von den indigenen K\u00fcnstlerinnen und K\u00fcnstlern von Hand verarbeitet, zu sowohl traditionellen als auch modernen und sehr individuellen Schmuckst\u00fccken und einzigartigen Accessoires.<\/p>\t\t\t\t\t\t\t\t<\/div>\n\t\t\t\t<\/div>\n\t\t\t\t<div class=\"elementor-element elementor-element-36c8754 gm-text-col-2 elementor-widget elementor-widget-text-editor\" data-id=\"36c8754\" data-element_type=\"widget\" data-e-type=\"widget\" data-widget_type=\"text-editor.default\">\n\t\t\t\t<div class=\"elementor-widget-container\">\n\t\t\t\t\t\t\t\t\t<p><a href=\"https:\/\/www.prairiewind.ch\/newone\/indianische-kuenstlerinnen-und-kuenstler-bei-prairie-wind\/\">Bei prairie wind finden Sie Schmuck und<\/a>\u00a0Handarbeiten, h\u00e4ufig basierend auf Silber und mit folgenden besonders sch\u00f6nen\u00a0<a href=\"https:\/\/www.prairiewind.ch\/newone\/schmuck-ureinwohner-nordamerikas\/\">Naturmaterialien<\/a>:<\/p><ul><li><a href=\"https:\/\/www.prairiewind.ch\/newone\/produkt-schlagwort\/jet-versteinerte-kohle\/\">Jet (versteinerte Kohle)<\/a><\/li><li><a href=\"https:\/\/www.prairiewind.ch\/newone\/produkt-schlagwort\/muschel\/\">Muschel<\/a><\/li><li><a href=\"https:\/\/www.prairiewind.ch\/newone\/produkt-schlagwort\/perlmutt\/\">Perlmutt<\/a><\/li><li><a href=\"https:\/\/www.prairiewind.ch\/newone\/produkt-schlagwort\/tuerkis\/\">T\u00fcrkis<\/a><\/li><\/ul>\t\t\t\t\t\t\t\t<\/div>\n\t\t\t\t<\/div>\n\t\t\t\t<div class=\"elementor-element elementor-element-55f1d07 gm-text-col-2 elementor-widget elementor-widget-text-editor\" data-id=\"55f1d07\" data-element_type=\"widget\" data-e-type=\"widget\" data-widget_type=\"text-editor.default\">\n\t\t\t\t<div class=\"elementor-widget-container\">\n\t\t\t\t\t\t\t\t\t<p>Jet-Schmuck, Muschel-Schmuck, Perlmutt-Schmuck, T\u00fcrkis-Schmuck und andere Accessoires wie <a href=\"https:\/\/www.prairiewind.ch\/newone\/produkt\/alvin-todacheene-navajo-concho-belt\/\" data-wpil-monitor-id=\"259\">G\u00fcrtelschnallen<\/a> oder Bolo Ties kaufe ich ebenso wie Taschen, Traumf\u00e4nger, Musikinstrumente und viele weitere Produktionen direkt bei verschiedenen nativen K\u00fcnstlerinnen und K\u00fcnstlern ein. Damit m\u00f6chte ich einen Beitrag zum direkten Einkommen\u00a0<a href=\"https:\/\/www.prairiewind.ch\/newone\/versand\/\">der K\u00fcnstlerinnen und<\/a>\u00a0K\u00fcnstler leisten. Sie als Kunde k\u00f6nnen wiederum <a href=\"https:\/\/www.prairiewind.ch\/newone\/faelschungen\/\" data-wpil-monitor-id=\"654\">authentische<\/a>, einzigartige, handgefertigte und zertifizierte Unikate erwerben.<\/p>\t\t\t\t\t\t\t\t<\/div>\n\t\t\t\t<\/div>\n\t\t\t\t<div class=\"elementor-element elementor-element-5579246 elementor-widget elementor-widget-heading\" data-id=\"5579246\" data-element_type=\"widget\" data-e-type=\"widget\" data-widget_type=\"heading.default\">\n\t\t\t\t<div class=\"elementor-widget-container\">\n\t\t\t\t\t<h2 class=\"elementor-heading-title elementor-size-default\">Die Materialien f\u00fcr Schmuck sind kein Zufall bei indigene Kulturen\n<\/h2>\t\t\t\t<\/div>\n\t\t\t\t<\/div>\n\t\t\t\t<div class=\"elementor-element elementor-element-12938e2 gm-text-col-2 elementor-widget elementor-widget-text-editor\" data-id=\"12938e2\" data-element_type=\"widget\" data-e-type=\"widget\" data-widget_type=\"text-editor.default\">\n\t\t\t\t<div class=\"elementor-widget-container\">\n\t\t\t\t\t\t\t\t\tDer Edelstein <a href=\"https:\/\/www.prairiewind.ch\/newone\/produkt\/bennard-dallasvuyoma-mosaic-inlay-haenger\/\"  data-wpil-monitor-id=\"506\">T\u00fcrkis<\/a> ist sowohl Heilstein als auch Symbol f\u00fcr die Verbindung von Himmel und Wasser. Muscheln, sowie auch Schneckenh\u00e4user werden unter <a href=\"https:\/\/www.prairiewind.ch\/newone\/produkt\/012004-betty-rodriguez-kewa-halskette\/\"  data-wpil-monitor-id=\"698\">anderem<\/a> als Symbol f\u00fcr die Regeneration des Lebens eingesetzt. Perlmuttschmuck und Korallenschmuck schliessen sich f\u00fcr die <a href=\"https:\/\/www.prairiewind.ch\/newone\/fairer-handel\/\"  data-wpil-monitor-id=\"321\">Native Americans<\/a>, die Zugang dazu haben, an die Symbolik des Lebenskreislaufes an.\n\nJet-Steine, <a href=\"https:\/\/www.prairiewind.ch\/newone\/produkt\/leland-boone-wolf-buendel\/\"  data-wpil-monitor-id=\"1461\">die aus versteinerte Holzkohle<\/a> bestehen, sind ein sehr leichtes und zugleich sehr edles dunkles Material, das zur Herstellung von\u00a0Schmuck\u00a0und rituellen Gegenst\u00e4nden sehr beliebt ist. <a href=\"https:\/\/www.prairiewind.ch\/newone\/produkt\/betty-rodriguez-kewa-halskette-aus-tuerkisscheiben\/\"  data-wpil-monitor-id=\"1522\">Nat\u00fcrlich spielt auch die M\u00f6glichkeit der Auffindbarkeit und<\/a> der Verarbeitung eine grosse Rolle \u2013 in den letzten Jahrhunderten praktisch ausschliesslich per Hand sch\u00f6pfbar, bieten sich aktuell auch f\u00fcr traditionelles Handwerk viele Verarbeitungsm\u00f6glichkeiten und weitere Materialien an. \t\t\t\t\t\t\t\t<\/div>\n\t\t\t\t<\/div>\n\t\t\t\t<div class=\"elementor-element elementor-element-0de99c9 elementor-widget elementor-widget-heading\" data-id=\"0de99c9\" data-element_type=\"widget\" data-e-type=\"widget\" data-widget_type=\"heading.default\">\n\t\t\t\t<div class=\"elementor-widget-container\">\n\t\t\t\t\t<h3 class=\"elementor-heading-title elementor-size-default\">Ich berate Sie gerne zu den einzigartigen Schmuckst\u00fccken\n<\/h3>\t\t\t\t<\/div>\n\t\t\t\t<\/div>\n\t\t\t\t<div class=\"elementor-element elementor-element-3f6ec24 gm-text-col-2 elementor-widget elementor-widget-text-editor\" data-id=\"3f6ec24\" data-element_type=\"widget\" data-e-type=\"widget\" data-widget_type=\"text-editor.default\">\n\t\t\t\t<div class=\"elementor-widget-container\">\n\t\t\t\t\t\t\t\t\t<p>Ob T\u00fcrkisschmuck, Muschelschmuck, Perlmuttschmuck oder sch\u00f6ne Dinge aus Jet: In dem Sortiment des\u00a0<a href=\"https:\/\/www.prairiewind.ch\/newone\/warenkorb\/\" data-wpil-monitor-id=\"7\">prairie<\/a>\u00a0wind-Onlineshops finden Sie authentische, individuelle und handgefertigte Schmuckst\u00fccke.<\/p><p><a href=\"https:\/\/www.prairiewind.ch\/newone\/kasse\/\" data-wpil-monitor-id=\"975\">Nicht jedes Unikat und Schmuckst\u00fcck ist im<\/a> Onlineshop aufgef\u00fchrt, sondern lediglich ein kleine Auswahl. Sie haben Fragen oder sind auf der Suche nach weiteren aus besonders sch\u00f6nen Naturmaterialien aus der Ureinwohner Nordamerikas, der nicht im <a href=\"https:\/\/www.prairiewind.ch\/newone\/shop\/\" data-wpil-monitor-id=\"564\">Shop<\/a> sichtbar ist? Ich berate\u00a0<a href=\"https:\/\/www.prairiewind.ch\/newone\/kontakt\/\">Sie sehr gerne und freue mich<\/a>\u00a0auf Ihre Fragen. <a href=\"https:\/\/www.prairiewind.ch\/newone\/cds\/\" data-wpil-monitor-id=\"1705\">Nehmen Sie jederzeit gern Kontakt<\/a> zu mir auf!<\/p><p><span style=\"font-style: inherit; font-weight: inherit; background-color: var(--ast-global-color-5);\">iris herzig<\/span><\/p>\t\t\t\t\t\t\t\t<\/div>\n\t\t\t\t<\/div>\n\t\t\t\t<div class=\"elementor-element elementor-element-e1cd33a elementor-widget elementor-widget-heading\" data-id=\"e1cd33a\" data-element_type=\"widget\" data-e-type=\"widget\" data-widget_type=\"heading.default\">\n\t\t\t\t<div class=\"elementor-widget-container\">\n\t\t\t\t\t<h3 class=\"elementor-heading-title elementor-size-default\">Weitere interessante Informationen\n<\/h3>\t\t\t\t<\/div>\n\t\t\t\t<\/div>\n\t\t\t\t<div class=\"elementor-element elementor-element-fb36b04 elementor-widget elementor-widget-text-editor\" data-id=\"fb36b04\" data-element_type=\"widget\" data-e-type=\"widget\" data-widget_type=\"text-editor.default\">\n\t\t\t\t<div class=\"elementor-widget-container\">\n\t\t\t\t\t\t\t\t\t<main id=\"main\" class=\"\"><\/main><div id=\"content\" class=\"content-area page-wrapper\" role=\"main\"><div class=\"row row-main\"><div class=\"large-12 col\"><div class=\"col-inner\"><p>Informieren Sie sich gerne vertiefend bei unterst\u00fctzenden <a href=\"https:\/\/www.prairiewind.ch\/newone\/links-native-americans-indianer\/\" data-wpil-monitor-id=\"520\">Organisationen f\u00fcr Native Americans<\/a> oder lesen Sie meinen Beitrag zur kritischen Auseinandersetzung mit den Worten \u201c Indianerschmuck \u201d und \u00e4hnlichen verallgemeinernden Bezeichnungen. Dieser besch\u00e4ftigt sich mit der politisch korrekten Verwendung indigener Begriffe, macht aber zugleich auf mein pers\u00f6nliches Dilemma aufmerksam. Informieren Sie sich zur Thematik und kommen Sie der Welt der indigenen V\u00f6lker ein wenig n\u00e4her.<\/p><\/div><\/div><\/div><\/div><p>\u00a0<\/p>\t\t\t\t\t\t\t\t<\/div>\n\t\t\t\t<\/div>\n\t\t\t\t\t<\/div>\n\t\t<\/div>\n\t\t\t\t\t<\/div>\n\t\t<\/section>\n\t\t\t\t<\/div>\n\t\t","protected":false},"excerpt":{"rendered":"<p>Schmuck &amp; Kunsthandwerk aus Naturmaterialien Die Ureinwohner Nordamerikas haben sehr vielf\u00e4ltige Entwicklungsgeschichten und Traditionen, die sich auch in handwerklichen G\u00fctern, [&hellip;]<\/p>\n","protected":false},"author":2,"featured_media":0,"parent":0,"menu_order":0,"comment_status":"closed","ping_status":"closed","template":"elementor_header_footer","meta":{"_uag_custom_page_level_css":"","site-sidebar-layout":"default","site-content-layout":"","ast-site-content-layout":"default","site-content-style":"default","site-sidebar-style":"default","ast-global-header-display":"","ast-banner-title-visibility":"","ast-main-header-display":"","ast-hfb-above-header-display":"","ast-hfb-below-header-display":"","ast-hfb-mobile-header-display":"","site-post-title":"","ast-breadcrumbs-content":"","ast-featured-img":"","footer-sml-layout":"","ast-disable-related-posts":"","theme-transparent-header-meta":"default","adv-header-id-meta":"","stick-header-meta":"","header-above-stick-meta":"","header-main-stick-meta":"","header-below-stick-meta":"","astra-migrate-meta-layouts":"set","ast-page-background-enabled":"default","ast-page-background-meta":{"desktop":{"background-color":"var(--ast-global-color-4)","background-image":"","background-repeat":"repeat","background-position":"center center","background-size":"auto","background-attachment":"scroll","background-type":"","background-media":"","overlay-type":"","overlay-color":"","overlay-opacity":"","overlay-gradient":""},"tablet":{"background-color":"","background-image":"","background-repeat":"repeat","background-position":"center center","background-size":"auto","background-attachment":"scroll","background-type":"","background-media":"","overlay-type":"","overlay-color":"","overlay-opacity":"","overlay-gradient":""},"mobile":{"background-color":"","background-image":"","background-repeat":"repeat","background-position":"center center","background-size":"auto","background-attachment":"scroll","background-type":"","background-media":"","overlay-type":"","overlay-color":"","overlay-opacity":"","overlay-gradient":""}},"ast-content-background-meta":{"desktop":{"background-color":"var(--ast-global-color-5)","background-image":"","background-repeat":"repeat","background-position":"center center","background-size":"auto","background-attachment":"scroll","background-type":"","background-media":"","overlay-type":"","overlay-color":"","overlay-opacity":"","overlay-gradient":""},"tablet":{"background-color":"var(--ast-global-color-5)","background-image":"","background-repeat":"repeat","background-position":"center center","background-size":"auto","background-attachment":"scroll","background-type":"","background-media":"","overlay-type":"","overlay-color":"","overlay-opacity":"","overlay-gradient":""},"mobile":{"background-color":"var(--ast-global-color-5)","background-image":"","background-repeat":"repeat","background-position":"center center","background-size":"auto","background-attachment":"scroll","background-type":"","background-media":"","overlay-type":"","overlay-color":"","overlay-opacity":"","overlay-gradient":""}},"footnotes":""},"class_list":["post-8165","page","type-page","status-publish","hentry"],"uagb_featured_image_src":{"full":false,"thumbnail":false,"medium":false,"medium_large":false,"large":false,"1536x1536":false,"2048x2048":false,"hero-banner":false,"category-thumb":false,"woocommerce_thumbnail":false,"woocommerce_single":false,"woocommerce_gallery_thumbnail":false},"uagb_author_info":{"display_name":"Kurt Weissen","author_link":"https:\/\/www.prairiewind.ch\/newone\/author\/kurt-weissen\/"},"uagb_comment_info":0,"uagb_excerpt":"Schmuck &amp; Kunsthandwerk aus Naturmaterialien Die Ureinwohner Nordamerikas haben sehr vielf\u00e4ltige Entwicklungsgeschichten und Traditionen, die sich auch in handwerklichen G\u00fctern, [&hellip;]","_links":{"self":[{"href":"https:\/\/www.prairiewind.ch\/newone\/wp-json\/wp\/v2\/pages\/8165","targetHints":{"allow":["GET"]}}],"collection":[{"href":"https:\/\/www.prairiewind.ch\/newone\/wp-json\/wp\/v2\/pages"}],"about":[{"href":"https:\/\/www.prairiewind.ch\/newone\/wp-json\/wp\/v2\/types\/page"}],"author":[{"embeddable":true,"href":"https:\/\/www.prairiewind.ch\/newone\/wp-json\/wp\/v2\/users\/2"}],"replies":[{"embeddable":true,"href":"https:\/\/www.prairiewind.ch\/newone\/wp-json\/wp\/v2\/comments?post=8165"}],"version-history":[{"count":2,"href":"https:\/\/www.prairiewind.ch\/newone\/wp-json\/wp\/v2\/pages\/8165\/revisions"}],"predecessor-version":[{"id":73028,"href":"https:\/\/www.prairiewind.ch\/newone\/wp-json\/wp\/v2\/pages\/8165\/revisions\/73028"}],"wp:attachment":[{"href":"https:\/\/www.prairiewind.ch\/newone\/wp-json\/wp\/v2\/media?parent=8165"}],"curies":[{"name":"wp","href":"https:\/\/api.w.org\/{rel}","templated":true}]}}