{"id":8162,"date":"2022-03-08T21:09:07","date_gmt":"2022-03-08T20:09:07","guid":{"rendered":"https:\/\/www.prairiewind.ch\/newone\/?page_id=8162"},"modified":"2025-12-23T11:50:35","modified_gmt":"2025-12-23T09:50:35","slug":"schmuck-ureinwohner-nordamerikas","status":"publish","type":"page","link":"https:\/\/www.prairiewind.ch\/newone\/schmuck-ureinwohner-nordamerikas\/","title":{"rendered":"Indianerschmuck"},"content":{"rendered":"\t\t<div data-elementor-type=\"wp-page\" data-elementor-id=\"8162\" class=\"elementor elementor-8162\" data-elementor-post-type=\"page\">\n\t\t\t\t\t\t<section class=\"elementor-section elementor-top-section elementor-element elementor-element-f80fd8f elementor-section-stretched elementor-section-boxed elementor-section-height-default elementor-section-height-default\" data-id=\"f80fd8f\" data-element_type=\"section\" data-e-type=\"section\" data-settings=\"{&quot;stretch_section&quot;:&quot;section-stretched&quot;}\">\n\t\t\t\t\t\t<div class=\"elementor-container elementor-column-gap-default\">\n\t\t\t\t\t<div class=\"elementor-column elementor-col-100 elementor-top-column elementor-element elementor-element-4033bae\" data-id=\"4033bae\" data-element_type=\"column\" data-e-type=\"column\">\n\t\t\t<div class=\"elementor-widget-wrap elementor-element-populated\">\n\t\t\t\t\t\t<div class=\"elementor-element elementor-element-fb1d988 elementor-widget elementor-widget-heading\" data-id=\"fb1d988\" data-element_type=\"widget\" data-e-type=\"widget\" data-widget_type=\"heading.default\">\n\t\t\t\t<div class=\"elementor-widget-container\">\n\t\t\t\t\t<h1 class=\"elementor-heading-title elementor-size-default\">Schmuck &amp; Kunsthandwerk der Ureinwohner Nordamerikas\n<\/h1>\t\t\t\t<\/div>\n\t\t\t\t<\/div>\n\t\t\t\t<div class=\"elementor-element elementor-element-3caa530 gm-text-col-2 elementor-widget elementor-widget-text-editor\" data-id=\"3caa530\" data-element_type=\"widget\" data-e-type=\"widget\" data-widget_type=\"text-editor.default\">\n\t\t\t\t<div class=\"elementor-widget-container\">\n\t\t\t\t\t\t\t\t\t<p>Die Ureinwohner Nordamerikas, die sich in verschiedene indigene V\u00f6lker des Kontinents Nord-Amerika aufteilen, haben sehr vielf\u00e4ltige Entwicklungsgeschichten und Traditionen, die sich auch in handwerklichen G\u00fctern, Kunsthandwerk, Alltagsgegenst\u00e4nden und zeremoniellen Artefakten widerspiegeln.<\/p><p>Um diese, oft auch noch als \u201cNaturv\u00f6lker\u201c bezeichneten indigenen Kulturen einerseits kennen zu lernen und andererseits ihre Vielfalt, ihre Traditionen aber auch ihre Modernit\u00e4t zu vermitteln, hat es sich prairie wind zur Aufgabe gemacht, die direkt bei den verschiedenen nativen K\u00fcnstlerinnen und K\u00fcnstler n eingekauften und einzigartigen\u00a0Fertigungsst\u00fccke\u00a0in die Welt zu tragen. Zugleich m\u00f6chte ich damit einen Beitrag zum direkten Einkommen der K\u00fcnstlerinnen und K\u00fcnstler leisten.<\/p><p>Ihnen als Kunden wiederum werden einzigartige, handgefertigte und zertifizierte Unikate sehr viel Freude bringen.<\/p>\t\t\t\t\t\t\t\t<\/div>\n\t\t\t\t<\/div>\n\t\t\t\t<div class=\"elementor-element elementor-element-417f3f0 elementor-widget elementor-widget-heading\" data-id=\"417f3f0\" data-element_type=\"widget\" data-e-type=\"widget\" data-widget_type=\"heading.default\">\n\t\t\t\t<div class=\"elementor-widget-container\">\n\t\t\t\t\t<h2 class=\"elementor-heading-title elementor-size-default\">Es gibt nicht \u201cdie eine\u201d indigene Kultur: Lernen Sie die ganze Vielfalt kennen\n<\/h2>\t\t\t\t<\/div>\n\t\t\t\t<\/div>\n\t\t\t\t<div class=\"elementor-element elementor-element-36c8309 gm-text-col-2 elementor-widget elementor-widget-text-editor\" data-id=\"36c8309\" data-element_type=\"widget\" data-e-type=\"widget\" data-widget_type=\"text-editor.default\">\n\t\t\t\t<div class=\"elementor-widget-container\">\n\t\t\t\t\t\t\t\t\t<p><a href=\"https:\/\/www.prairiewind.ch\/newone\/produkt\/kimimi-ashley-blackfeet-medizintaeschchen\/\" data-wpil-monitor-id=\"1966\">Nordamerikanische Ureinwohner und ihre jeweiligen Nationen<\/a> bzw. indigenen\u00a0<a href=\"https:\/\/www.prairiewind.ch\/newone\/begriff-indianer\/\">Kulturen sind<\/a>\u00a0mindestens so vielf\u00e4ltig wie die europ\u00e4ischen Lebenswelten. Die einheimischen\u00a0K\u00fcnstlerinnen und K\u00fcnstler\u00a0nutzen entsprechend ihres kulturellen Hintergrundes und pers\u00f6nlicher Vorlieben f\u00fcr die Herstellung verschiedene nat\u00fcrliche Materialien und \u2013 nat\u00fcrlich \u2013 ihre kreative Handarbeit \u2014 so entstehen tagt\u00e4glich zahlreiche Unikate, <a href=\"https:\/\/www.prairiewind.ch\/newone\/produkt\/betty-rodriguez-kewa-halskette-aus-tuerkisscheiben\/\" data-wpil-monitor-id=\"1524\">die Kunst<\/a>, Geschichte und K\u00f6nnen der Erschaffer vereinen.<\/p><p>Ein Verzeichnis aller Native American Tribes finden Sie auf den\u00a0<a href=\"https:\/\/www.ncai.org\/tribal-directory\" target=\"_blank\" rel=\"noopener\">Webseiten des \u201cNationale Congress of American Indians\u201d:<\/a><\/p>\t\t\t\t\t\t\t\t<\/div>\n\t\t\t\t<\/div>\n\t\t\t\t<div class=\"elementor-element elementor-element-7755940 elementor-widget elementor-widget-image\" data-id=\"7755940\" data-element_type=\"widget\" data-e-type=\"widget\" data-widget_type=\"image.default\">\n\t\t\t\t<div class=\"elementor-widget-container\">\n\t\t\t\t\t\t\t\t\t\t\t\t\t\t\t\t<a href=\"https:\/\/www.ncai.org\/tribal-directory\" target=\"_blank\" rel=\"noopener\">\n\t\t\t\t\t\t\t<img fetchpriority=\"high\" decoding=\"async\" width=\"300\" height=\"174\" src=\"https:\/\/www.prairiewind.ch\/newone\/wp-content\/uploads\/2024\/09\/Screenshot-2022-11-11-185929-300x174-1.webp\" class=\"attachment-large size-large wp-image-17399\" alt=\"\" srcset=\"https:\/\/www.prairiewind.ch\/newone\/wp-content\/uploads\/2024\/09\/Screenshot-2022-11-11-185929-300x174-1.webp 300w, https:\/\/www.prairiewind.ch\/newone\/wp-content\/uploads\/2024\/09\/Screenshot-2022-11-11-185929-300x174-1-251x146.webp 251w\" sizes=\"(max-width: 300px) 100vw, 300px\" title=\"\">\t\t\t\t\t\t\t\t<\/a>\n\t\t\t\t\t\t\t\t\t\t\t\t\t\t\t<\/div>\n\t\t\t\t<\/div>\n\t\t\t\t<div class=\"elementor-element elementor-element-afe425d gm-text-col-2 elementor-widget elementor-widget-text-editor\" data-id=\"afe425d\" data-element_type=\"widget\" data-e-type=\"widget\" data-widget_type=\"text-editor.default\">\n\t\t\t\t<div class=\"elementor-widget-container\">\n\t\t\t\t\t\t\t\t\t<p><strong><a href=\"https:\/\/www.prairiewind.ch\/newone\/gutscheine\/\">Bei prairie wind<\/a><\/strong>\u00a0finden sie die Produkte der folgenden Nordamerikanischen Ureinwohner:<\/p><ul><li><a href=\"https:\/\/www.prairiewind.ch\/newone\/produkt-schlagwort\/acoma\/\">Acoma<\/a><\/li><li>Blackfeet<\/li><li>Dakota\/Lakota<\/li><li><a class=\"wpil_keyword_link\" href=\"https:\/\/www.prairiewind.ch\/newone\/produkt-kategorie\/kachinas-hopi\/\" title=\"Hopi Kachinas\" data-wpil-keyword-link=\"linked\" data-wpil-monitor-id=\"188693\">Hopi<\/a><\/li><li><a class=\"wpil_keyword_link\" href=\"https:\/\/www.prairiewind.ch\/newone\/produkt\/fuenfreihige-tuerkishalskette-kewa\/\" title=\"M. C. Coriz (Kewa) &#8211; f\u00fcnfreihige T\u00fcrkishalskette\" data-wpil-keyword-link=\"linked\" data-wpil-monitor-id=\"46855\">Kewa<\/a><\/li><li><a href=\"https:\/\/www.prairiewind.ch\/newone\/produkt-schlagwort\/navajo\/\">Navajo<\/a><\/li><li><a href=\"https:\/\/www.prairiewind.ch\/newone\/produkt-schlagwort\/san-felipe\/\">San Felipe<\/a><\/li><li><a href=\"https:\/\/www.prairiewind.ch\/newone\/produkt-schlagwort\/santa-ana\/\" data-wpil-monitor-id=\"626\">Santa Ana<\/a><\/li><li>Shawnee-Choctaw<\/li><li>Shoshone-Paiute<\/li><li><a class=\"wpil_keyword_link\" href=\"https:\/\/www.prairiewind.ch\/newone\/produkt\/lynn-quam-zuni-sitzender-wolf\/\" title=\"Lynn Quam (Zuni) &#8211; sitzender Wolf\" data-wpil-keyword-link=\"linked\" data-wpil-monitor-id=\"138452\">Zuni<\/a><\/li><\/ul>\t\t\t\t\t\t\t\t<\/div>\n\t\t\t\t<\/div>\n\t\t\t\t<div class=\"elementor-element elementor-element-7c7b334 gm-text-col-2 elementor-widget elementor-widget-text-editor\" data-id=\"7c7b334\" data-element_type=\"widget\" data-e-type=\"widget\" data-widget_type=\"text-editor.default\">\n\t\t\t\t<div class=\"elementor-widget-container\">\n\t\t\t\t\t\t\t\t\tIm Sortiment des\u00a0<a href=\"https:\/\/www.prairiewind.ch\/newone\/prairie-wind-vom-laden-zum-onlineshop\/\" data-wpil-monitor-id=\"1351\">prairie<\/a> wind-Onlineshops\u00a0finden Sie authentische, individuelle und handgefertigte Schmuckst\u00fccke, Beadworks, Steinfetiche, Traumf\u00e4nger, Taschen, Musikinstrumente und vieles mehr \u2013 und zwar explizit bei der jeweiligen Nation, in der ein bestimmtes Artefakt, Produkt oder Handwerksst\u00fcck tats\u00e4chlich beheimatet ist. Dies ist mir wichtig zu betonen, <a href=\"https:\/\/www.prairiewind.ch\/newone\/produkt\/barry-johnson-lakota-echsen-amulett\/\" data-wpil-monitor-id=\"862\">da es mir<\/a> sehr am Herzen liegt, die bedeutsamen origin\u00e4ren Namen zu verwenden, was sehr wichtig ist, wenn Sie etwas aus dieser Kultur verstehen \u2013 und im Fall meines Onlineshops \u2013 erwerben wollen. <a href=\"https:\/\/www.prairiewind.ch\/newone\/produkt\/abby-quam-zuni-pyritebaer\/\" data-wpil-monitor-id=\"1403\">All diese Vielfalt unter dem Wort \u201cIndianer\u201c<\/a> zusammenzufassen war schon immer falsch, jedoch ist die Erkenntnis schneller als die Durchsetzung, wie wir gerade erleben.\n\nLesen Sie dazu auch gerne die kritische Auseinandersetzung zu \u201c <a href=\"https:\/\/www.prairiewind.ch\/newone\/produkt\/lenore-cheykaychi-kewa-hopi-lange-ohrhaenger\/\" data-wpil-monitor-id=\"2226\">Indianerschmuck \u201d und \u00e4hnlichen<\/a> verallgemeinernden Bezeichnungen. Dieser besch\u00e4ftigt sich <a href=\"https:\/\/www.prairiewind.ch\/newone\/produkt\/017003-julian-coriz-kewa-muschelhalskette-mit-tuerkis\/\" data-wpil-monitor-id=\"2296\">mit der politisch<\/a> korrekten Verwendung indigener Begriffe. <a href=\"https:\/\/www.prairiewind.ch\/newone\/produkt\/corwin-yamutewa-zuni-schildkroete\/\" data-wpil-monitor-id=\"1923\">Informieren Sie sich zur Thematik und kommen Sie der<\/a> Welt der indigenen V\u00f6lker ein wenig n\u00e4her!\t\t\t\t\t\t\t\t<\/div>\n\t\t\t\t<\/div>\n\t\t\t\t<div class=\"elementor-element elementor-element-42cc072 elementor-widget elementor-widget-heading\" data-id=\"42cc072\" data-element_type=\"widget\" data-e-type=\"widget\" data-widget_type=\"heading.default\">\n\t\t\t\t<div class=\"elementor-widget-container\">\n\t\t\t\t\t<h3 class=\"elementor-heading-title elementor-size-default\">Ich berate Sie gerne zu der einzigartigen Vielfalt nativer Handarbeiten\n<\/h3>\t\t\t\t<\/div>\n\t\t\t\t<\/div>\n\t\t\t\t<div class=\"elementor-element elementor-element-9e4ab54 elementor-widget elementor-widget-text-editor\" data-id=\"9e4ab54\" data-element_type=\"widget\" data-e-type=\"widget\" data-widget_type=\"text-editor.default\">\n\t\t\t\t<div class=\"elementor-widget-container\">\n\t\t\t\t\t\t\t\t\t<p>Nicht jedes Unikat, Schmuckst\u00fcck und handwerkliche Produkt von Ureinwohnern Nordamerikas ist im\u00a0<a href=\"https:\/\/www.prairiewind.ch\/newone\/warenkorb\/\" data-wpil-monitor-id=\"30\">Onlineshop<\/a>\u00a0aufgef\u00fchrt, sondern nur ein kleine Auswahl.<\/p><p><a href=\"https:\/\/www.prairiewind.ch\/newone\/produkt-schlagwort\/zuni\/\" data-wpil-monitor-id=\"1693\">Sie haben Fragen oder sind auf der<\/a> Suche nach etwas Bestimmten aus der Ureinwohner Nordamerikas, der nicht im Shop sichtbar ist? Ich berate Sie sehr gerne und freue mich auf <a href=\"https:\/\/www.prairiewind.ch\/newone\/produkt\/anderson-koinva-hopi-armreif-mit-regenmotiven\/\" data-wpil-monitor-id=\"1978\">Ihre<\/a> Fragen. Nehmen Sie jederzeit gern\u00a0<a href=\"https:\/\/www.prairiewind.ch\/newone\/kontakt\/\">Kontakt<\/a>\u00a0zu mir auf!<\/p><p>Ihre<br \/>iris herzig<\/p>\t\t\t\t\t\t\t\t<\/div>\n\t\t\t\t<\/div>\n\t\t\t\t\t<\/div>\n\t\t<\/div>\n\t\t\t\t\t<\/div>\n\t\t<\/section>\n\t\t\t\t<\/div>\n\t\t","protected":false},"excerpt":{"rendered":"<p>Schmuck &amp; Kunsthandwerk der Ureinwohner Nordamerikas Die Ureinwohner Nordamerikas, die sich in verschiedene indigene V\u00f6lker des Kontinents Nord-Amerika aufteilen, haben [&hellip;]<\/p>\n","protected":false},"author":2,"featured_media":0,"parent":0,"menu_order":0,"comment_status":"closed","ping_status":"closed","template":"elementor_header_footer","meta":{"_uag_custom_page_level_css":"","site-sidebar-layout":"default","site-content-layout":"","ast-site-content-layout":"default","site-content-style":"default","site-sidebar-style":"default","ast-global-header-display":"","ast-banner-title-visibility":"","ast-main-header-display":"","ast-hfb-above-header-display":"","ast-hfb-below-header-display":"","ast-hfb-mobile-header-display":"","site-post-title":"","ast-breadcrumbs-content":"","ast-featured-img":"","footer-sml-layout":"","ast-disable-related-posts":"","theme-transparent-header-meta":"default","adv-header-id-meta":"","stick-header-meta":"","header-above-stick-meta":"","header-main-stick-meta":"","header-below-stick-meta":"","astra-migrate-meta-layouts":"set","ast-page-background-enabled":"default","ast-page-background-meta":{"desktop":{"background-color":"var(--ast-global-color-4)","background-image":"","background-repeat":"repeat","background-position":"center center","background-size":"auto","background-attachment":"scroll","background-type":"","background-media":"","overlay-type":"","overlay-color":"","overlay-opacity":"","overlay-gradient":""},"tablet":{"background-color":"","background-image":"","background-repeat":"repeat","background-position":"center center","background-size":"auto","background-attachment":"scroll","background-type":"","background-media":"","overlay-type":"","overlay-color":"","overlay-opacity":"","overlay-gradient":""},"mobile":{"background-color":"","background-image":"","background-repeat":"repeat","background-position":"center center","background-size":"auto","background-attachment":"scroll","background-type":"","background-media":"","overlay-type":"","overlay-color":"","overlay-opacity":"","overlay-gradient":""}},"ast-content-background-meta":{"desktop":{"background-color":"var(--ast-global-color-5)","background-image":"","background-repeat":"repeat","background-position":"center center","background-size":"auto","background-attachment":"scroll","background-type":"","background-media":"","overlay-type":"","overlay-color":"","overlay-opacity":"","overlay-gradient":""},"tablet":{"background-color":"var(--ast-global-color-5)","background-image":"","background-repeat":"repeat","background-position":"center center","background-size":"auto","background-attachment":"scroll","background-type":"","background-media":"","overlay-type":"","overlay-color":"","overlay-opacity":"","overlay-gradient":""},"mobile":{"background-color":"var(--ast-global-color-5)","background-image":"","background-repeat":"repeat","background-position":"center center","background-size":"auto","background-attachment":"scroll","background-type":"","background-media":"","overlay-type":"","overlay-color":"","overlay-opacity":"","overlay-gradient":""}},"footnotes":""},"class_list":["post-8162","page","type-page","status-publish","hentry"],"uagb_featured_image_src":{"full":false,"thumbnail":false,"medium":false,"medium_large":false,"large":false,"1536x1536":false,"2048x2048":false,"hero-banner":false,"category-thumb":false,"woocommerce_thumbnail":false,"woocommerce_single":false,"woocommerce_gallery_thumbnail":false},"uagb_author_info":{"display_name":"Kurt Weissen","author_link":"https:\/\/www.prairiewind.ch\/newone\/author\/kurt-weissen\/"},"uagb_comment_info":0,"uagb_excerpt":"Schmuck &amp; Kunsthandwerk der Ureinwohner Nordamerikas Die Ureinwohner Nordamerikas, die sich in verschiedene indigene V\u00f6lker des Kontinents Nord-Amerika aufteilen, haben [&hellip;]","_links":{"self":[{"href":"https:\/\/www.prairiewind.ch\/newone\/wp-json\/wp\/v2\/pages\/8162","targetHints":{"allow":["GET"]}}],"collection":[{"href":"https:\/\/www.prairiewind.ch\/newone\/wp-json\/wp\/v2\/pages"}],"about":[{"href":"https:\/\/www.prairiewind.ch\/newone\/wp-json\/wp\/v2\/types\/page"}],"author":[{"embeddable":true,"href":"https:\/\/www.prairiewind.ch\/newone\/wp-json\/wp\/v2\/users\/2"}],"replies":[{"embeddable":true,"href":"https:\/\/www.prairiewind.ch\/newone\/wp-json\/wp\/v2\/comments?post=8162"}],"version-history":[{"count":2,"href":"https:\/\/www.prairiewind.ch\/newone\/wp-json\/wp\/v2\/pages\/8162\/revisions"}],"predecessor-version":[{"id":111911,"href":"https:\/\/www.prairiewind.ch\/newone\/wp-json\/wp\/v2\/pages\/8162\/revisions\/111911"}],"wp:attachment":[{"href":"https:\/\/www.prairiewind.ch\/newone\/wp-json\/wp\/v2\/media?parent=8162"}],"curies":[{"name":"wp","href":"https:\/\/api.w.org\/{rel}","templated":true}]}}