{"id":7047,"date":"2021-08-21T21:47:12","date_gmt":"2021-08-21T20:47:12","guid":{"rendered":"https:\/\/www.prairiewind.ch\/newone\/?page_id=7047"},"modified":"2026-01-09T17:29:23","modified_gmt":"2026-01-09T15:29:23","slug":"faelschungen","status":"publish","type":"page","link":"https:\/\/www.prairiewind.ch\/newone\/faelschungen\/","title":{"rendered":"Diebstahl und F\u00e4lschungen"},"content":{"rendered":"\t\t<div data-elementor-type=\"wp-page\" data-elementor-id=\"7047\" class=\"elementor elementor-7047\" data-elementor-post-type=\"page\">\n\t\t\t\t\t\t<section class=\"elementor-section elementor-top-section elementor-element elementor-element-c503642 elementor-section-stretched elementor-section-boxed elementor-section-height-default elementor-section-height-default\" data-id=\"c503642\" data-element_type=\"section\" data-e-type=\"section\" data-settings=\"{&quot;stretch_section&quot;:&quot;section-stretched&quot;}\">\n\t\t\t\t\t\t<div class=\"elementor-container elementor-column-gap-default\">\n\t\t\t\t\t<div class=\"elementor-column elementor-col-100 elementor-top-column elementor-element elementor-element-5bdf5a4\" data-id=\"5bdf5a4\" data-element_type=\"column\" data-e-type=\"column\">\n\t\t\t<div class=\"elementor-widget-wrap elementor-element-populated\">\n\t\t\t\t\t\t<div class=\"elementor-element elementor-element-1d7eb90 elementor-widget elementor-widget-heading\" data-id=\"1d7eb90\" data-element_type=\"widget\" data-e-type=\"widget\" data-widget_type=\"heading.default\">\n\t\t\t\t<div class=\"elementor-widget-container\">\n\t\t\t\t\t<h1 class=\"elementor-heading-title elementor-size-default\">Diebstahl und F\u00e4lschungen\n<\/h1>\t\t\t\t<\/div>\n\t\t\t\t<\/div>\n\t\t\t\t<div class=\"elementor-element elementor-element-5199082 gm-text-col-2 elementor-widget elementor-widget-text-editor\" data-id=\"5199082\" data-element_type=\"widget\" data-e-type=\"widget\" data-widget_type=\"text-editor.default\">\n\t\t\t\t<div class=\"elementor-widget-container\">\n\t\t\t\t\t\t\t\t\t<p><span style=\"background-color: var(--ast-global-color-5);\">Die Kunstwerke der indigenen V\u00f6lker der USA, darunter Schmuck, T\u00f6pferwaren und Textilien, sind tief in der Geschichte und den Traditionen dieser Gemeinschaften verwurzelt. Sie erz\u00e4hlen Geschichten und repr\u00e4sentieren Jahrhunderte von Handwerkskunst, \u00fcberliefert durch Generationen. Die Schaffung dieser Kunstwerke erfordert nicht nur handwerkliches Geschick, sondern auch ein tiefes Verst\u00e4ndnis der kulturellen Bedeutung der verwendeten Symbole und Materialien.<\/span><\/p><p><span style=\"background-color: var(--ast-global-color-5); font-style: inherit; font-weight: inherit;\">Leider sehen sich indigene <a href=\"https:\/\/www.prairiewind.ch\/newone\/indianische-kuenstlerinnen-und-kuenstler-bei-prairie-wind\/\" data-wpil-monitor-id=\"649\">K\u00fcnstlerinnen und K\u00fcnstler<\/a> zunehmend mit Billigkopien ihrer Werke konfrontiert, die in den USA, aber auch in asiatischen L\u00e4ndern massenhaft und ohne R\u00fccksicht auf die kulturelle Bedeutung hergestellt werden. Diese minderwertigen Nachahmungen \u00fcberschwemmen den Markt und gef\u00e4hrden das kulturelle Erbe der <a href=\"https:\/\/www.prairiewind.ch\/newone\/produkt\/04a001-aaron-brokeshoulder-shawnee-choctaw-kewa-schmetterlings-ohrhaenger\/\" data-wpil-monitor-id=\"1112\">indigenen<\/a> V\u00f6lker, indem sie die Originalit\u00e4t und Authentizit\u00e4t der echten Kunstwerke untergraben.\u00a0<\/span><\/p><p><span style=\"background-color: var(--ast-global-color-5); font-style: inherit; font-weight: inherit;\">Um diesem Raub ihres kulturellen Erbes entgegenzuwirken, werden indigene <a href=\"https:\/\/www.prairiewind.ch\/newone\/produkt-schlagwort\/acoma\/\" data-wpil-monitor-id=\"650\">K\u00fcnstlerinnen und K\u00fcnstler<\/a> durch die US-Regierung unterst\u00fctzt. <a href=\"https:\/\/www.prairiewind.ch\/newone\/produkt\/harley-zephier-lakota-dakota-sacred-hoop\/\" data-wpil-monitor-id=\"1063\">Ein wesentlicher Teil dieses Schutzes ist der Indian Arts and<\/a> Crafts Act (Act) of 1990 (P.L. 101-644), der den juristischen Rahmen bietet, um gegen F\u00e4lschungen vorzugehen und den Schutz der indigenen Kunst zu gew\u00e4hrleisten.<\/span><\/p><p>Wie schwierig die Durchsetzung der Rechte\u00a0<a href=\"https:\/\/www.prairiewind.ch\/newone\/shop\/\">der Native Americans<\/a>\u00a0in der Realit\u00e4t ist, zeigt eindr\u00fccklich ein Artikel im sehr angesehenen National Geographic, den sie hier finden:\u00a0<span style=\"background-color: var(--ast-global-color-5); --tw-border-spacing-x: 0; --tw-border-spacing-y: 0; --tw-translate-x: 0; --tw-translate-y: 0; --tw-rotate: 0; --tw-skew-x: 0; --tw-skew-y: 0; --tw-scale-x: 1; --tw-scale-y: 1; --tw-scroll-snap-strictness: proximity; --tw-ring-offset-width: 0px; --tw-ring-offset-color: #fff; --tw-ring-color: rgb(59 130 246 \/ .5); --tw-ring-offset-shadow: 0 0 #0000; --tw-ring-shadow: 0 0 #0000; --tw-shadow: 0 0 #0000; --tw-shadow-colored: 0 0 #0000; color: #111111; font-size: 19px;\"><a style=\"--tw-border-spacing-x: 0; --tw-border-spacing-y: 0; --tw-translate-x: 0; --tw-translate-y: 0; --tw-rotate: 0; --tw-skew-x: 0; --tw-skew-y: 0; --tw-scale-x: 1; --tw-scale-y: 1; --tw-scroll-snap-strictness: proximity; --tw-ring-offset-width: 0px; --tw-ring-offset-color: #fff; --tw-ring-color: rgb(59 130 246 \/ .5); --tw-ring-offset-shadow: 0 0 #0000; --tw-ring-shadow: 0 0 #0000; --tw-shadow: 0 0 #0000; --tw-shadow-colored: 0 0 #0000;\" href=\"https:\/\/www.nationalgeographic.com\/history\/article\/native-american-indian-art-fake-forgery-hopi-zuni0\" target=\"_blank\" rel=\"noopener\">National Geographic<\/a><\/span><\/p>\t\t\t\t\t\t\t\t<\/div>\n\t\t\t\t<\/div>\n\t\t\t\t<div class=\"elementor-element elementor-element-64dfcb3 elementor-widget elementor-widget-heading\" data-id=\"64dfcb3\" data-element_type=\"widget\" data-e-type=\"widget\" data-widget_type=\"heading.default\">\n\t\t\t\t<div class=\"elementor-widget-container\">\n\t\t\t\t\t<h2 class=\"elementor-heading-title elementor-size-default\">Fernsehberichte \u00fcber F\u00e4lschungen zum Schaden der Native Americans\n<\/h2>\t\t\t\t<\/div>\n\t\t\t\t<\/div>\n\t\t\t\t<section class=\"elementor-section elementor-inner-section elementor-element elementor-element-c9d2e40 elementor-section-boxed elementor-section-height-default elementor-section-height-default\" data-id=\"c9d2e40\" data-element_type=\"section\" data-e-type=\"section\">\n\t\t\t\t\t\t<div class=\"elementor-container elementor-column-gap-default\">\n\t\t\t\t\t<div class=\"elementor-column elementor-col-33 elementor-inner-column elementor-element elementor-element-fa8832a\" data-id=\"fa8832a\" data-element_type=\"column\" data-e-type=\"column\">\n\t\t\t<div class=\"elementor-widget-wrap elementor-element-populated\">\n\t\t\t\t\t\t<div class=\"elementor-element elementor-element-8a04237 elementor-widget elementor-widget-video\" data-id=\"8a04237\" data-element_type=\"widget\" data-e-type=\"widget\" data-settings=\"{&quot;youtube_url&quot;:&quot;https:\\\/\\\/youtu.be\\\/8o7GW4T_Oao?si=6u10Gn8NG8LfWPYv&quot;,&quot;video_type&quot;:&quot;youtube&quot;}\" data-widget_type=\"video.default\">\n\t\t\t\t<div class=\"elementor-widget-container\">\n\t\t\t\t\t\t\t<div class=\"elementor-wrapper elementor-open-inline\">\n\t\t\t<div class=\"elementor-video\"><\/div>\t\t<\/div>\n\t\t\t\t\t\t<\/div>\n\t\t\t\t<\/div>\n\t\t\t\t\t<\/div>\n\t\t<\/div>\n\t\t\t\t<div class=\"elementor-column elementor-col-33 elementor-inner-column elementor-element elementor-element-0c1aa4f\" data-id=\"0c1aa4f\" data-element_type=\"column\" data-e-type=\"column\">\n\t\t\t<div class=\"elementor-widget-wrap elementor-element-populated\">\n\t\t\t\t\t\t<div class=\"elementor-element elementor-element-f22110e elementor-widget elementor-widget-video\" data-id=\"f22110e\" data-element_type=\"widget\" data-e-type=\"widget\" data-settings=\"{&quot;youtube_url&quot;:&quot;https:\\\/\\\/www.youtube.com\\\/watch?v=2ybhyxstSg8&amp;embeds_referring_euri=https%3A%2F%2Fwww.prairiewind.ch%2Fnewone%2F&quot;,&quot;video_type&quot;:&quot;youtube&quot;}\" data-widget_type=\"video.default\">\n\t\t\t\t<div class=\"elementor-widget-container\">\n\t\t\t\t\t\t\t<div class=\"elementor-wrapper elementor-open-inline\">\n\t\t\t<div class=\"elementor-video\"><\/div>\t\t<\/div>\n\t\t\t\t\t\t<\/div>\n\t\t\t\t<\/div>\n\t\t\t\t\t<\/div>\n\t\t<\/div>\n\t\t\t\t<div class=\"elementor-column elementor-col-33 elementor-inner-column elementor-element elementor-element-f88c7c0\" data-id=\"f88c7c0\" data-element_type=\"column\" data-e-type=\"column\">\n\t\t\t<div class=\"elementor-widget-wrap elementor-element-populated\">\n\t\t\t\t\t\t<div class=\"elementor-element elementor-element-1536263 elementor-widget elementor-widget-video\" data-id=\"1536263\" data-element_type=\"widget\" data-e-type=\"widget\" data-settings=\"{&quot;youtube_url&quot;:&quot;https:\\\/\\\/www.youtube.com\\\/watch?v=bgbuvT1Mc4s&amp;embeds_referring_euri=https%3A%2F%2Fwww.prairiewind.ch%2Fnewone%2F&quot;,&quot;video_type&quot;:&quot;youtube&quot;}\" data-widget_type=\"video.default\">\n\t\t\t\t<div class=\"elementor-widget-container\">\n\t\t\t\t\t\t\t<div class=\"elementor-wrapper elementor-open-inline\">\n\t\t\t<div class=\"elementor-video\"><\/div>\t\t<\/div>\n\t\t\t\t\t\t<\/div>\n\t\t\t\t<\/div>\n\t\t\t\t\t<\/div>\n\t\t<\/div>\n\t\t\t\t\t<\/div>\n\t\t<\/section>\n\t\t\t\t\t<\/div>\n\t\t<\/div>\n\t\t\t\t\t<\/div>\n\t\t<\/section>\n\t\t\t\t<\/div>\n\t\t","protected":false},"excerpt":{"rendered":"<p>Die indigenen K\u00fcnstlerinnen und K\u00fcnstler werden durch die US-Regierung beim Kampf gegen den Raub ihres kulturellen Erbes durch F\u00e4lschungen ihrer Kunstwerke in Billigl\u00e4ndern unterst\u00fctzt. Seit 1990 existiert ein Gesetz, das den K\u00fcnstlerinnen und K\u00fcnstlern juristischen Schutz gew\u00e4hren soll: Indian Arts and Crafts Act (Act) of 1990 (P.L. 101-644).<\/p>\n","protected":false},"author":2,"featured_media":13257,"parent":0,"menu_order":0,"comment_status":"closed","ping_status":"closed","template":"elementor_header_footer","meta":{"_uag_custom_page_level_css":"","site-sidebar-layout":"default","site-content-layout":"","ast-site-content-layout":"default","site-content-style":"default","site-sidebar-style":"default","ast-global-header-display":"","ast-banner-title-visibility":"","ast-main-header-display":"","ast-hfb-above-header-display":"","ast-hfb-below-header-display":"","ast-hfb-mobile-header-display":"","site-post-title":"","ast-breadcrumbs-content":"","ast-featured-img":"","footer-sml-layout":"","ast-disable-related-posts":"","theme-transparent-header-meta":"default","adv-header-id-meta":"","stick-header-meta":"","header-above-stick-meta":"","header-main-stick-meta":"","header-below-stick-meta":"","astra-migrate-meta-layouts":"set","ast-page-background-enabled":"default","ast-page-background-meta":{"desktop":{"background-color":"var(--ast-global-color-4)","background-image":"","background-repeat":"repeat","background-position":"center center","background-size":"auto","background-attachment":"scroll","background-type":"","background-media":"","overlay-type":"","overlay-color":"","overlay-opacity":"","overlay-gradient":""},"tablet":{"background-color":"","background-image":"","background-repeat":"repeat","background-position":"center center","background-size":"auto","background-attachment":"scroll","background-type":"","background-media":"","overlay-type":"","overlay-color":"","overlay-opacity":"","overlay-gradient":""},"mobile":{"background-color":"","background-image":"","background-repeat":"repeat","background-position":"center center","background-size":"auto","background-attachment":"scroll","background-type":"","background-media":"","overlay-type":"","overlay-color":"","overlay-opacity":"","overlay-gradient":""}},"ast-content-background-meta":{"desktop":{"background-color":"var(--ast-global-color-5)","background-image":"","background-repeat":"repeat","background-position":"center center","background-size":"auto","background-attachment":"scroll","background-type":"","background-media":"","overlay-type":"","overlay-color":"","overlay-opacity":"","overlay-gradient":""},"tablet":{"background-color":"var(--ast-global-color-5)","background-image":"","background-repeat":"repeat","background-position":"center center","background-size":"auto","background-attachment":"scroll","background-type":"","background-media":"","overlay-type":"","overlay-color":"","overlay-opacity":"","overlay-gradient":""},"mobile":{"background-color":"var(--ast-global-color-5)","background-image":"","background-repeat":"repeat","background-position":"center center","background-size":"auto","background-attachment":"scroll","background-type":"","background-media":"","overlay-type":"","overlay-color":"","overlay-opacity":"","overlay-gradient":""}},"footnotes":""},"class_list":["post-7047","page","type-page","status-publish","has-post-thumbnail","hentry"],"uagb_featured_image_src":{"full":["https:\/\/www.prairiewind.ch\/newone\/wp-content\/uploads\/2023\/03\/Screenshot-2023-03-30-210811.webp",1375,910,false],"thumbnail":["https:\/\/www.prairiewind.ch\/newone\/wp-content\/uploads\/2023\/03\/Screenshot-2023-03-30-210811-150x150.webp",150,150,true],"medium":["https:\/\/www.prairiewind.ch\/newone\/wp-content\/uploads\/2023\/03\/Screenshot-2023-03-30-210811-300x199.webp",300,199,true],"medium_large":["https:\/\/www.prairiewind.ch\/newone\/wp-content\/uploads\/2023\/03\/Screenshot-2023-03-30-210811-768x508.webp",768,508,true],"large":["https:\/\/www.prairiewind.ch\/newone\/wp-content\/uploads\/2023\/03\/Screenshot-2023-03-30-210811-1024x678.webp",1024,678,true],"1536x1536":["https:\/\/www.prairiewind.ch\/newone\/wp-content\/uploads\/2023\/03\/Screenshot-2023-03-30-210811.webp",1375,910,false],"2048x2048":["https:\/\/www.prairiewind.ch\/newone\/wp-content\/uploads\/2023\/03\/Screenshot-2023-03-30-210811.webp",1375,910,false],"hero-banner":["https:\/\/www.prairiewind.ch\/newone\/wp-content\/uploads\/2023\/03\/Screenshot-2023-03-30-210811-450x160.webp",450,160,true],"category-thumb":["https:\/\/www.prairiewind.ch\/newone\/wp-content\/uploads\/2023\/03\/Screenshot-2023-03-30-210811-200x150.webp",200,150,true],"woocommerce_thumbnail":["https:\/\/www.prairiewind.ch\/newone\/wp-content\/uploads\/2023\/03\/Screenshot-2023-03-30-210811-188x141.webp",188,141,true],"woocommerce_single":["https:\/\/www.prairiewind.ch\/newone\/wp-content\/uploads\/2023\/03\/Screenshot-2023-03-30-210811-251x166.webp",251,166,true],"woocommerce_gallery_thumbnail":["https:\/\/www.prairiewind.ch\/newone\/wp-content\/uploads\/2023\/03\/Screenshot-2023-03-30-210811-100x100.webp",100,100,true]},"uagb_author_info":{"display_name":"Kurt Weissen","author_link":"https:\/\/www.prairiewind.ch\/newone\/author\/kurt-weissen\/"},"uagb_comment_info":0,"uagb_excerpt":"Die indigenen K\u00fcnstlerinnen und K\u00fcnstler werden durch die US-Regierung beim Kampf gegen den Raub ihres kulturellen Erbes durch F\u00e4lschungen ihrer Kunstwerke in Billigl\u00e4ndern unterst\u00fctzt. Seit 1990 existiert ein Gesetz, das den K\u00fcnstlerinnen und K\u00fcnstlern juristischen Schutz gew\u00e4hren soll: Indian Arts and Crafts Act (Act) of 1990 (P.L. 101-644).","_links":{"self":[{"href":"https:\/\/www.prairiewind.ch\/newone\/wp-json\/wp\/v2\/pages\/7047","targetHints":{"allow":["GET"]}}],"collection":[{"href":"https:\/\/www.prairiewind.ch\/newone\/wp-json\/wp\/v2\/pages"}],"about":[{"href":"https:\/\/www.prairiewind.ch\/newone\/wp-json\/wp\/v2\/types\/page"}],"author":[{"embeddable":true,"href":"https:\/\/www.prairiewind.ch\/newone\/wp-json\/wp\/v2\/users\/2"}],"replies":[{"embeddable":true,"href":"https:\/\/www.prairiewind.ch\/newone\/wp-json\/wp\/v2\/comments?post=7047"}],"version-history":[{"count":2,"href":"https:\/\/www.prairiewind.ch\/newone\/wp-json\/wp\/v2\/pages\/7047\/revisions"}],"predecessor-version":[{"id":73032,"href":"https:\/\/www.prairiewind.ch\/newone\/wp-json\/wp\/v2\/pages\/7047\/revisions\/73032"}],"wp:featuredmedia":[{"embeddable":true,"href":"https:\/\/www.prairiewind.ch\/newone\/wp-json\/wp\/v2\/media\/13257"}],"wp:attachment":[{"href":"https:\/\/www.prairiewind.ch\/newone\/wp-json\/wp\/v2\/media?parent=7047"}],"curies":[{"name":"wp","href":"https:\/\/api.w.org\/{rel}","templated":true}]}}