{"id":5715,"date":"2020-12-04T17:53:47","date_gmt":"2020-12-04T16:53:47","guid":{"rendered":"https:\/\/www.prairiewind.ch\/newone\/?page_id=5715"},"modified":"2026-01-09T19:21:08","modified_gmt":"2026-01-09T17:21:08","slug":"links-native-americans-indianer","status":"publish","type":"page","link":"https:\/\/www.prairiewind.ch\/newone\/links-native-americans-indianer\/","title":{"rendered":"Links zu Organisationen der Native Americans &#8211; Spende!"},"content":{"rendered":"<h1>Links zu Organisationen der Native Americans \u2013 Spende!<\/h1>\n<p>&nbsp;<\/p>\n<h2>Warum Unterst\u00fctzung wichtig ist<\/h2>\n<p>&nbsp;<\/p>\n<p>Die allermeisten Indianerinnen und\u00a0Indianer leben auch\u00a0heute noch in grosser Armut und k\u00e4mpfen mit sehr\u00a0geringen finanziellen\u00a0Mitteln f\u00fcr das \u00dcberleben ihrer Kultur gegen \u00fcberm\u00e4chtige kommerzielle Interesse. Wenn Sie diesen allt\u00e4glichen Kampf unterst\u00fctzen m\u00f6chten, dann kann ich Ihnen die folgenden Organisationen empfehlen, auf deren Webseiten Sie immer einen Link f\u00fcr Spenden finden.<\/p>\n<p>Vielen Dank f\u00fcr jeden Dollar!<\/p>\n<div class=\"ast-oembed-container \" style=\"height: 100%;\"><iframe title=\"The Impact of the Native American Rights Fund\" width=\"500\" height=\"281\" src=\"https:\/\/www.youtube.com\/embed\/slUJYwdH6CY?feature=oembed\" frameborder=\"0\" allow=\"accelerometer; autoplay; clipboard-write; encrypted-media; gyroscope; picture-in-picture; web-share\" referrerpolicy=\"strict-origin-when-cross-origin\" allowfullscreen><\/iframe><\/div>\n<ul>\n<li><a class=\"wpil_keyword_link\" title=\"Darf man heute den Begriff Indianer noch verwenden?\" href=\"https:\/\/www.prairiewind.ch\/newone\/begriff-indianer\/\" data-wpil-keyword-link=\"linked\" data-wpil-monitor-id=\"4922\">NATIVE AMERICAN<\/a> RIGHTS FUND (NARF)<\/li>\n<li>FRIENDS OF PINE RIDGE RESERVATION<\/li>\n<li>INDIAN COUNTRY TODAY<\/li>\n<li>AIM American Indian Mouvement<\/li>\n<li>NATIVE WELLNESS INSTITUTE<\/li>\n<li>WARRIOR WOMEN PROJECT<\/li>\n<li>SITTING BULL COLLEGE<\/li>\n<li>FIRST NATIONS COVID-19 EMERGENCY RESPONSE FUND<\/li>\n<li>THE REDHAWK <a href=\"https:\/\/www.prairiewind.ch\/newone\/?elementor_library=diebstahl-und-faelschungen\" title=\"homepage\" data-wpil-monitor-id=\"181032\">NATIVE AMERICAN ART<\/a> COUNCIL<\/li>\n<li>INCOMINDIOS<\/li>\n<\/ul>\n<footer id=\"footer\">\n<section id=\"section_296777069\"><\/section>\n<\/footer>\n","protected":false},"excerpt":{"rendered":"<p>Links zu Organisationen der Native Americans \u2013 Spende! &nbsp; Warum Unterst\u00fctzung wichtig ist &nbsp; Die allermeisten Indianerinnen und\u00a0Indianer leben auch\u00a0heute [&hellip;]<\/p>\n","protected":false},"author":2,"featured_media":0,"parent":0,"menu_order":0,"comment_status":"closed","ping_status":"closed","template":"elementor_header_footer","meta":{"_uag_custom_page_level_css":"","site-sidebar-layout":"default","site-content-layout":"","ast-site-content-layout":"default","site-content-style":"default","site-sidebar-style":"default","ast-global-header-display":"","ast-banner-title-visibility":"","ast-main-header-display":"","ast-hfb-above-header-display":"","ast-hfb-below-header-display":"","ast-hfb-mobile-header-display":"","site-post-title":"","ast-breadcrumbs-content":"","ast-featured-img":"","footer-sml-layout":"","ast-disable-related-posts":"","theme-transparent-header-meta":"default","adv-header-id-meta":"","stick-header-meta":"","header-above-stick-meta":"","header-main-stick-meta":"","header-below-stick-meta":"","astra-migrate-meta-layouts":"set","ast-page-background-enabled":"default","ast-page-background-meta":{"desktop":{"background-color":"var(--ast-global-color-4)","background-image":"","background-repeat":"repeat","background-position":"center center","background-size":"auto","background-attachment":"scroll","background-type":"","background-media":"","overlay-type":"","overlay-color":"","overlay-opacity":"","overlay-gradient":""},"tablet":{"background-color":"","background-image":"","background-repeat":"repeat","background-position":"center center","background-size":"auto","background-attachment":"scroll","background-type":"","background-media":"","overlay-type":"","overlay-color":"","overlay-opacity":"","overlay-gradient":""},"mobile":{"background-color":"","background-image":"","background-repeat":"repeat","background-position":"center center","background-size":"auto","background-attachment":"scroll","background-type":"","background-media":"","overlay-type":"","overlay-color":"","overlay-opacity":"","overlay-gradient":""}},"ast-content-background-meta":{"desktop":{"background-color":"var(--ast-global-color-5)","background-image":"","background-repeat":"repeat","background-position":"center center","background-size":"auto","background-attachment":"scroll","background-type":"","background-media":"","overlay-type":"","overlay-color":"","overlay-opacity":"","overlay-gradient":""},"tablet":{"background-color":"var(--ast-global-color-5)","background-image":"","background-repeat":"repeat","background-position":"center center","background-size":"auto","background-attachment":"scroll","background-type":"","background-media":"","overlay-type":"","overlay-color":"","overlay-opacity":"","overlay-gradient":""},"mobile":{"background-color":"var(--ast-global-color-5)","background-image":"","background-repeat":"repeat","background-position":"center center","background-size":"auto","background-attachment":"scroll","background-type":"","background-media":"","overlay-type":"","overlay-color":"","overlay-opacity":"","overlay-gradient":""}},"footnotes":""},"class_list":["post-5715","page","type-page","status-publish","hentry"],"uagb_featured_image_src":{"full":false,"thumbnail":false,"medium":false,"medium_large":false,"large":false,"1536x1536":false,"2048x2048":false,"hero-banner":false,"category-thumb":false,"woocommerce_thumbnail":false,"woocommerce_single":false,"woocommerce_gallery_thumbnail":false},"uagb_author_info":{"display_name":"Kurt Weissen","author_link":"https:\/\/www.prairiewind.ch\/newone\/author\/kurt-weissen\/"},"uagb_comment_info":0,"uagb_excerpt":"Links zu Organisationen der Native Americans \u2013 Spende! &nbsp; Warum Unterst\u00fctzung wichtig ist &nbsp; Die allermeisten Indianerinnen und\u00a0Indianer leben auch\u00a0heute [&hellip;]","_links":{"self":[{"href":"https:\/\/www.prairiewind.ch\/newone\/wp-json\/wp\/v2\/pages\/5715","targetHints":{"allow":["GET"]}}],"collection":[{"href":"https:\/\/www.prairiewind.ch\/newone\/wp-json\/wp\/v2\/pages"}],"about":[{"href":"https:\/\/www.prairiewind.ch\/newone\/wp-json\/wp\/v2\/types\/page"}],"author":[{"embeddable":true,"href":"https:\/\/www.prairiewind.ch\/newone\/wp-json\/wp\/v2\/users\/2"}],"replies":[{"embeddable":true,"href":"https:\/\/www.prairiewind.ch\/newone\/wp-json\/wp\/v2\/comments?post=5715"}],"version-history":[{"count":3,"href":"https:\/\/www.prairiewind.ch\/newone\/wp-json\/wp\/v2\/pages\/5715\/revisions"}],"predecessor-version":[{"id":111726,"href":"https:\/\/www.prairiewind.ch\/newone\/wp-json\/wp\/v2\/pages\/5715\/revisions\/111726"}],"wp:attachment":[{"href":"https:\/\/www.prairiewind.ch\/newone\/wp-json\/wp\/v2\/media?parent=5715"}],"curies":[{"name":"wp","href":"https:\/\/api.w.org\/{rel}","templated":true}]}}