{"id":29,"date":"2018-11-15T17:37:43","date_gmt":"2018-11-15T16:37:43","guid":{"rendered":"https:\/\/www.prairiewind.ch\/newone\/contact\/"},"modified":"2026-01-09T21:37:52","modified_gmt":"2026-01-09T19:37:52","slug":"kontakt","status":"publish","type":"page","link":"https:\/\/www.prairiewind.ch\/newone\/kontakt\/","title":{"rendered":"Kontakt &#8211; Rufen Sie mich an oder schreiben Sie eine e-Mail"},"content":{"rendered":"\t\t<div data-elementor-type=\"wp-page\" data-elementor-id=\"29\" class=\"elementor elementor-29\" data-elementor-post-type=\"page\">\n\t\t\t\t\t\t<section class=\"elementor-section elementor-top-section elementor-element elementor-element-690b4fe elementor-section-boxed elementor-section-height-default elementor-section-height-default\" data-id=\"690b4fe\" data-element_type=\"section\" data-e-type=\"section\">\n\t\t\t\t\t\t<div class=\"elementor-container elementor-column-gap-default\">\n\t\t\t\t\t<div class=\"elementor-column elementor-col-100 elementor-top-column elementor-element elementor-element-96fe876\" data-id=\"96fe876\" data-element_type=\"column\" data-e-type=\"column\">\n\t\t\t<div class=\"elementor-widget-wrap elementor-element-populated\">\n\t\t\t\t\t\t<div class=\"elementor-element elementor-element-b3f5666 elementor-widget elementor-widget-heading\" data-id=\"b3f5666\" data-element_type=\"widget\" data-e-type=\"widget\" data-widget_type=\"heading.default\">\n\t\t\t\t<div class=\"elementor-widget-container\">\n\t\t\t\t\t<h1 class=\"elementor-heading-title elementor-size-default\">Ich freue mich \u00fcber Ihre Kontaktaufnahme<\/h1>\t\t\t\t<\/div>\n\t\t\t\t<\/div>\n\t\t\t\t<div class=\"elementor-element elementor-element-d35db4a gm-text-col-2 elementor-widget elementor-widget-text-editor\" data-id=\"d35db4a\" data-element_type=\"widget\" data-e-type=\"widget\" data-widget_type=\"text-editor.default\">\n\t\t\t\t<div class=\"elementor-widget-container\">\n\t\t\t\t\t\t\t\t\t<p><a href=\"https:\/\/www.prairiewind.ch\/newone\/about-us\/\" data-wpil-monitor-id=\"227\"><span style=\"vertical-align: inherit;\"><span style=\"vertical-align: inherit;\">prairie wind<\/span><\/span><\/a><br \/><span style=\"vertical-align: inherit;\"><span style=\"vertical-align: inherit;\"> Gotthelfstrasse 45 <\/span><\/span><br \/><span style=\"vertical-align: inherit;\"><span style=\"vertical-align: inherit;\">4054 <\/span><\/span><a href=\"https:\/\/www.prairiewind.ch\/newone\/zahlungsmethoden\/\" data-wpil-monitor-id=\"1937\"><span style=\"vertical-align: inherit;\"><span style=\"vertical-align: inherit;\">Basel <\/span><\/span><\/a><br \/><span style=\"vertical-align: inherit;\"><span style=\"vertical-align: inherit;\">mail @ prairiewind. ch <\/span><\/span><br \/><a href=\"tel:+41612614366\"><span style=\"vertical-align: inherit;\"><span style=\"vertical-align: inherit;\">+41 61 261 43 66<\/span><\/span><\/a><\/p>\t\t\t\t\t\t\t\t<\/div>\n\t\t\t\t<\/div>\n\t\t\t\t<div class=\"elementor-element elementor-element-7bff550 elementor-widget elementor-widget-heading\" data-id=\"7bff550\" data-element_type=\"widget\" data-e-type=\"widget\" data-widget_type=\"heading.default\">\n\t\t\t\t<div class=\"elementor-widget-container\">\n\t\t\t\t\t<h2 class=\"elementor-heading-title elementor-size-default\">Besuch in Basel<\/h2>\t\t\t\t<\/div>\n\t\t\t\t<\/div>\n\t\t\t\t<div class=\"elementor-element elementor-element-1a68f96 elementor-widget elementor-widget-text-editor\" data-id=\"1a68f96\" data-element_type=\"widget\" data-e-type=\"widget\" data-widget_type=\"text-editor.default\">\n\t\t\t\t<div class=\"elementor-widget-container\">\n\t\t\t\t\t\t\t\t\t<p>Im <a class=\"wpil_keyword_link\" href=\"https:\/\/www.prairiewind.ch\/newone\/warenkorb\/\"   title=\"Warenkorb\" data-wpil-keyword-link=\"linked\"  data-wpil-monitor-id=\"146161\">Onlineshop<\/a> sehen Sie nur einen Bruchteil des vorhandenen Angebots!<\/p><p><a href=\"https:\/\/www.prairiewind.ch\/newone\/produkt-schlagwort\/anashinabe\/\" data-wpil-monitor-id=\"1223\">Stammkunden biete ich selbstverst\u00e4ndlich auch<\/a> die M\u00f6glichkeit, zu mir nach Basel zu kommen und so direkt auf das gesamte Sortiment zugreifen zu k\u00f6nnen.<\/p><p>Auch vertrauensw\u00fcrdige Kunden, die Moccasins, <a href=\"https:\/\/www.prairiewind.ch\/newone\/produkt\/paul-thompson-floete-beadwork\/\" data-wpil-monitor-id=\"228\">Fl\u00f6ten<\/a>, Trommeln und Schmuckst\u00fccke aus- oder anprobieren m\u00f6chten, sind <a href=\"https:\/\/www.prairiewind.ch\/newone\/kontakt\/\">herzlich willkommen<\/a>.<\/p><p>Nehmen Sie einfach fr\u00fchzeitig mit mir <a class=\"wpil_keyword_link\" href=\"https:\/\/www.prairiewind.ch\/newone\/produkt\/kleine-cochiti-trommel-doppelseitig-bespannt\/\"   title=\"kleine Cochiti-Trommel (doppelseitig bespannt)\" data-wpil-keyword-link=\"linked\"  data-wpil-monitor-id=\"81908\">Kontakt<\/a> auf, damit wir einen Termin vereinbaren k\u00f6nnen.<\/p>\t\t\t\t\t\t\t\t<\/div>\n\t\t\t\t<\/div>\n\t\t\t\t<div class=\"elementor-element elementor-element-11d2e65 elementor-widget elementor-widget-heading\" data-id=\"11d2e65\" data-element_type=\"widget\" data-e-type=\"widget\" data-widget_type=\"heading.default\">\n\t\t\t\t<div class=\"elementor-widget-container\">\n\t\t\t\t\t<h2 class=\"elementor-heading-title elementor-size-default\">Nicht gefunden, was Sie suchen?<\/h2>\t\t\t\t<\/div>\n\t\t\t\t<\/div>\n\t\t\t\t<div class=\"elementor-element elementor-element-8187b14 gm-text-col-2 elementor-widget elementor-widget-text-editor\" data-id=\"8187b14\" data-element_type=\"widget\" data-e-type=\"widget\" data-widget_type=\"text-editor.default\">\n\t\t\t\t<div class=\"elementor-widget-container\">\n\t\t\t\t\t\t\t\t\t<p>Ich freue mich, wenn Sie mir <a class=\"wpil_keyword_link\" href=\"https:\/\/www.prairiewind.ch\/newone\/bestellung-storniert\/\"   title=\"Bestellung storniert\" data-wpil-keyword-link=\"linked\"  data-wpil-monitor-id=\"113539\">Ihre<\/a> W\u00fcnsche und Anregungen mitteilen oder weitere Informationen zu einem Produkt m\u00f6chten. Gerne pr\u00fcfe ich auch, <a href=\"https:\/\/www.prairiewind.ch\/newone\/produkt\/herb-halate-zuni-bergloewe-buendel\/\" data-wpil-monitor-id=\"1060\">ob ich Ihnen Fotos von gesuchten<\/a> Sachen schicken kann, wenn Sie das Gew\u00fcnschte auf der Webseite nicht finden.<\/p><p>Sie k\u00f6nnen mir gerne eine e-Mail schreiben oder mich anrufen. Gerne rufe ich Sie auch zur\u00fcck.<\/p>\t\t\t\t\t\t\t\t<\/div>\n\t\t\t\t<\/div>\n\t\t\t\t\t<\/div>\n\t\t<\/div>\n\t\t\t\t\t<\/div>\n\t\t<\/section>\n\t\t\t\t<section class=\"elementor-section elementor-top-section elementor-element elementor-element-aafa614 elementor-section-stretched elementor-section-boxed elementor-section-height-default elementor-section-height-default\" data-id=\"aafa614\" data-element_type=\"section\" data-e-type=\"section\" data-settings=\"{&quot;stretch_section&quot;:&quot;section-stretched&quot;}\">\n\t\t\t\t\t\t<div class=\"elementor-container elementor-column-gap-default\">\n\t\t\t\t\t<div class=\"elementor-column elementor-col-100 elementor-top-column elementor-element elementor-element-0ca444e\" data-id=\"0ca444e\" data-element_type=\"column\" data-e-type=\"column\">\n\t\t\t<div class=\"elementor-widget-wrap\">\n\t\t\t\t\t\t\t<\/div>\n\t\t<\/div>\n\t\t\t\t\t<\/div>\n\t\t<\/section>\n\t\t\t\t<\/div>\n\t\t","protected":false},"excerpt":{"rendered":"<p>Ich freue mich \u00fcber Ihre Kontaktaufnahme prairie wind Gotthelfstrasse 45 4054 Basel mail @ prairiewind. ch +41 61 261 43 [&hellip;]<\/p>\n","protected":false},"author":2,"featured_media":0,"parent":0,"menu_order":5,"comment_status":"closed","ping_status":"closed","template":"elementor_header_footer","meta":{"_uag_custom_page_level_css":"","site-sidebar-layout":"no-sidebar","site-content-layout":"","ast-site-content-layout":"full-width-container","site-content-style":"default","site-sidebar-style":"default","ast-global-header-display":"","ast-banner-title-visibility":"","ast-main-header-display":"","ast-hfb-above-header-display":"","ast-hfb-below-header-display":"","ast-hfb-mobile-header-display":"","site-post-title":"disabled","ast-breadcrumbs-content":"","ast-featured-img":"disabled","footer-sml-layout":"","ast-disable-related-posts":"","theme-transparent-header-meta":"default","adv-header-id-meta":"","stick-header-meta":"","header-above-stick-meta":"","header-main-stick-meta":"","header-below-stick-meta":"","astra-migrate-meta-layouts":"set","ast-page-background-enabled":"default","ast-page-background-meta":{"desktop":{"background-color":"var(--ast-global-color-4)","background-image":"","background-repeat":"repeat","background-position":"center center","background-size":"auto","background-attachment":"scroll","background-type":"","background-media":"","overlay-type":"","overlay-color":"","overlay-opacity":"","overlay-gradient":""},"tablet":{"background-color":"","background-image":"","background-repeat":"repeat","background-position":"center center","background-size":"auto","background-attachment":"scroll","background-type":"","background-media":"","overlay-type":"","overlay-color":"","overlay-opacity":"","overlay-gradient":""},"mobile":{"background-color":"","background-image":"","background-repeat":"repeat","background-position":"center center","background-size":"auto","background-attachment":"scroll","background-type":"","background-media":"","overlay-type":"","overlay-color":"","overlay-opacity":"","overlay-gradient":""}},"ast-content-background-meta":{"desktop":{"background-color":"var(--ast-global-color-5)","background-image":"","background-repeat":"repeat","background-position":"center center","background-size":"auto","background-attachment":"scroll","background-type":"","background-media":"","overlay-type":"","overlay-color":"","overlay-opacity":"","overlay-gradient":""},"tablet":{"background-color":"var(--ast-global-color-5)","background-image":"","background-repeat":"repeat","background-position":"center center","background-size":"auto","background-attachment":"scroll","background-type":"","background-media":"","overlay-type":"","overlay-color":"","overlay-opacity":"","overlay-gradient":""},"mobile":{"background-color":"var(--ast-global-color-5)","background-image":"","background-repeat":"repeat","background-position":"center center","background-size":"auto","background-attachment":"scroll","background-type":"","background-media":"","overlay-type":"","overlay-color":"","overlay-opacity":"","overlay-gradient":""}},"footnotes":""},"class_list":["post-29","page","type-page","status-publish","hentry"],"uagb_featured_image_src":{"full":false,"thumbnail":false,"medium":false,"medium_large":false,"large":false,"1536x1536":false,"2048x2048":false,"hero-banner":false,"category-thumb":false,"woocommerce_thumbnail":false,"woocommerce_single":false,"woocommerce_gallery_thumbnail":false},"uagb_author_info":{"display_name":"Kurt Weissen","author_link":"https:\/\/www.prairiewind.ch\/newone\/author\/kurt-weissen\/"},"uagb_comment_info":0,"uagb_excerpt":"Ich freue mich \u00fcber Ihre Kontaktaufnahme prairie wind Gotthelfstrasse 45 4054 Basel mail @ prairiewind. ch +41 61 261 43 [&hellip;]","_links":{"self":[{"href":"https:\/\/www.prairiewind.ch\/newone\/wp-json\/wp\/v2\/pages\/29","targetHints":{"allow":["GET"]}}],"collection":[{"href":"https:\/\/www.prairiewind.ch\/newone\/wp-json\/wp\/v2\/pages"}],"about":[{"href":"https:\/\/www.prairiewind.ch\/newone\/wp-json\/wp\/v2\/types\/page"}],"author":[{"embeddable":true,"href":"https:\/\/www.prairiewind.ch\/newone\/wp-json\/wp\/v2\/users\/2"}],"replies":[{"embeddable":true,"href":"https:\/\/www.prairiewind.ch\/newone\/wp-json\/wp\/v2\/comments?post=29"}],"version-history":[{"count":2,"href":"https:\/\/www.prairiewind.ch\/newone\/wp-json\/wp\/v2\/pages\/29\/revisions"}],"predecessor-version":[{"id":89527,"href":"https:\/\/www.prairiewind.ch\/newone\/wp-json\/wp\/v2\/pages\/29\/revisions\/89527"}],"wp:attachment":[{"href":"https:\/\/www.prairiewind.ch\/newone\/wp-json\/wp\/v2\/media?parent=29"}],"curies":[{"name":"wp","href":"https:\/\/api.w.org\/{rel}","templated":true}]}}