{"id":20208,"date":"2024-11-22T22:16:00","date_gmt":"2024-11-22T21:16:00","guid":{"rendered":"https:\/\/www.prairiewind.ch\/newone\/?page_id=20208"},"modified":"2025-12-22T17:26:39","modified_gmt":"2025-12-22T15:26:39","slug":"silberschmiedekunst-kewa","status":"publish","type":"page","link":"https:\/\/www.prairiewind.ch\/newone\/silberschmiedekunst-kewa\/","title":{"rendered":"Silberschmiedekunst der Kewa"},"content":{"rendered":"\t\t<div data-elementor-type=\"wp-page\" data-elementor-id=\"20208\" class=\"elementor elementor-20208\" data-elementor-post-type=\"page\">\n\t\t\t\t\t\t<section class=\"elementor-section elementor-top-section elementor-element elementor-element-a897287 elementor-section-stretched elementor-section-boxed elementor-section-height-default elementor-section-height-default\" data-id=\"a897287\" data-element_type=\"section\" data-e-type=\"section\" data-settings=\"{&quot;stretch_section&quot;:&quot;section-stretched&quot;}\">\n\t\t\t\t\t\t<div class=\"elementor-container elementor-column-gap-default\">\n\t\t\t\t\t<div class=\"elementor-column elementor-col-100 elementor-top-column elementor-element elementor-element-4cd08ca\" data-id=\"4cd08ca\" data-element_type=\"column\" data-e-type=\"column\">\n\t\t\t<div class=\"elementor-widget-wrap elementor-element-populated\">\n\t\t\t\t\t\t<div class=\"elementor-element elementor-element-4e332f5 elementor-widget elementor-widget-heading\" data-id=\"4e332f5\" data-element_type=\"widget\" data-e-type=\"widget\" data-widget_type=\"heading.default\">\n\t\t\t\t<div class=\"elementor-widget-container\">\n\t\t\t\t\t<h1 class=\"elementor-heading-title elementor-size-default\">Der Schmuck der Kewa<\/h1>\t\t\t\t<\/div>\n\t\t\t\t<\/div>\n\t\t\t\t<div class=\"elementor-element elementor-element-f3ec256 gm-text-col-2 elementor-widget elementor-widget-text-editor\" data-id=\"f3ec256\" data-element_type=\"widget\" data-e-type=\"widget\" data-widget_type=\"text-editor.default\">\n\t\t\t\t<div class=\"elementor-widget-container\">\n\t\t\t\t\t\t\t\t\t<p>Die Kewa, auch bekannt als Santo Domingo Pueblo, sind ein indigener Stamm aus dem heutigen New Mexico. Ihre Kunst, insbesondere die Schmuckherstellung, hat eine lange Geschichte, die eng mit ihrer spirituellen Verbindung zur Natur und ihren kulturellen Traditionen verwoben ist. Die Kewa-Silberschmiedekunst hebt sich durch ihre Einzigartigkeit und ihre Verwendung nat\u00fcrlicher Materialien hervor.<\/p>\t\t\t\t\t\t\t\t<\/div>\n\t\t\t\t<\/div>\n\t\t\t\t<div class=\"elementor-element elementor-element-735d1d1 elementor-widget elementor-widget-heading\" data-id=\"735d1d1\" data-element_type=\"widget\" data-e-type=\"widget\" data-widget_type=\"heading.default\">\n\t\t\t\t<div class=\"elementor-widget-container\">\n\t\t\t\t\t<h2 class=\"elementor-heading-title elementor-size-default\">Die Urspr\u00fcnge der Kewa-Schmuckherstellung<\/h2>\t\t\t\t<\/div>\n\t\t\t\t<\/div>\n\t\t\t\t<div class=\"elementor-element elementor-element-d19d78a gm-text-col-2 elementor-widget elementor-widget-text-editor\" data-id=\"d19d78a\" data-element_type=\"widget\" data-e-type=\"widget\" data-widget_type=\"text-editor.default\">\n\t\t\t\t<div class=\"elementor-widget-container\">\n\t\t\t\t\t\t\t\t\t<p>Die <a href=\"https:\/\/www.prairiewind.ch\/newone\/produkt\/melton-muschelanhaenger\/\" data-wpil-monitor-id=\"2198\">Kewa sind nicht prim\u00e4r<\/a> f\u00fcr das Silberschmieden, sondern vor allem f\u00fcr ihren Perlenschmuck und ihre Verwendung von Halbedelsteinen und nat\u00fcrlichen Materialien bekannt. Dennoch haben sie auch das Silberschmieden \u00fcbernommen, das in der Region durch die <a href=\"https:\/\/www.prairiewind.ch\/newone\/silberschmiede-der-navajo\/\" data-wpil-monitor-id=\"2095\">Navajo<\/a> und Hopi eingef\u00fchrt wurde. Die Kewa entwickelten ihren eigenen Stil, der sich durch die Integration von Silber mit traditionellen Elementen wie <a href=\"https:\/\/www.prairiewind.ch\/newone\/produkt\/shannon-tenorio-kewa-muschelanhaenger-mit-inlay\/\" data-wpil-monitor-id=\"2067\">T\u00fcrkis<\/a>, Koralle und Muscheln auszeichnet.<\/p>\t\t\t\t\t\t\t\t<\/div>\n\t\t\t\t<\/div>\n\t\t\t\t<div class=\"elementor-element elementor-element-2f237f1 elementor-widget elementor-widget-heading\" data-id=\"2f237f1\" data-element_type=\"widget\" data-e-type=\"widget\" data-widget_type=\"heading.default\">\n\t\t\t\t<div class=\"elementor-widget-container\">\n\t\t\t\t\t<h2 class=\"elementor-heading-title elementor-size-default\">Charakteristische Designs und Techniken<\/h2>\t\t\t\t<\/div>\n\t\t\t\t<\/div>\n\t\t\t\t<div class=\"elementor-element elementor-element-673b673 gm-text-col-2 elementor-widget elementor-widget-text-editor\" data-id=\"673b673\" data-element_type=\"widget\" data-e-type=\"widget\" data-widget_type=\"text-editor.default\">\n\t\t\t\t<div class=\"elementor-widget-container\">\n\t\t\t\t\t\t\t\t\t<p>Die Kewa-Schmuckkunst ist gepr\u00e4gt von der Verwendung nat\u00fcrlicher Materialien, oft in <a href=\"https:\/\/www.prairiewind.ch\/newone\/produkt\/lenore-cheykaychi-kewa-hopi-lange-ohrhaenger\/\" data-wpil-monitor-id=\"2224\">Kombination mit Silber<\/a>. Typische Merkmale ihrer Werke sind:<\/p><ul><li>Heishi-Perlen: Kleine, flache Perlen aus <a href=\"https:\/\/www.prairiewind.ch\/newone\/produkt\/a-yatsattie-zuni-pfeilanhanger\/\" data-wpil-monitor-id=\"2249\">Muscheln oder Steinen<\/a>, die von Hand geformt und auf F\u00e4den aufgezogen werden. Dies ist eine der \u00e4ltesten Schmucktechniken der Region.<\/li><li>Inlay-Arbeiten: Silberst\u00fccke, die mit <a href=\"https:\/\/www.prairiewind.ch\/newone\/produkt\/priscilla-aguilar-kewa-viereckige-ohrhaenger-mit-inlay\/\" data-wpil-monitor-id=\"2077\">T\u00fcrkis<\/a>, Koralle oder Jet (schwarzer Bernstein) eingelegt sind, oft in geometrischen oder symbolischen Mustern.<\/li><li>Pflanzen- und Naturmotive: Designs, die ihre Verbundenheit <a href=\"https:\/\/www.prairiewind.ch\/newone\/produkt\/rosita-kaamasee-zuni-halskette-mit-voegeln\/\" data-wpil-monitor-id=\"2128\">mit<\/a> der Umwelt ausdr\u00fccken, wie Bl\u00e4tter, Sonnenstrahlen oder Wasserwellen.<\/li><\/ul>\t\t\t\t\t\t\t\t<\/div>\n\t\t\t\t<\/div>\n\t\t\t\t<div class=\"elementor-element elementor-element-94a70bb elementor-widget elementor-widget-heading\" data-id=\"94a70bb\" data-element_type=\"widget\" data-e-type=\"widget\" data-widget_type=\"heading.default\">\n\t\t\t\t<div class=\"elementor-widget-container\">\n\t\t\t\t\t<h2 class=\"elementor-heading-title elementor-size-default\">Bedeutung und Symbolik<\/h2>\t\t\t\t<\/div>\n\t\t\t\t<\/div>\n\t\t\t\t<div class=\"elementor-element elementor-element-ff45041 gm-text-col-2 elementor-widget elementor-widget-text-editor\" data-id=\"ff45041\" data-element_type=\"widget\" data-e-type=\"widget\" data-widget_type=\"text-editor.default\">\n\t\t\t\t<div class=\"elementor-widget-container\">\n\t\t\t\t\t\t\t\t\t<p>F\u00fcr die <a href=\"https:\/\/www.prairiewind.ch\/newone\/produkt\/betty-rodriguez-kewa-olivegruene-tuerkishalskette\/\"  data-wpil-monitor-id=\"2200\">Kewa hat Schmuck<\/a> nicht nur dekorativen Wert, sondern auch eine spirituelle Bedeutung. Die verwendeten Materialien wie <a href=\"https:\/\/www.prairiewind.ch\/newone\/produkt\/paul-coriz-kewa-gurtelschnalle-3\/\"  data-wpil-monitor-id=\"2082\">T\u00fcrkis<\/a> und Muscheln symbolisieren Schutz, Heilung und Wohlstand. Schmuckst\u00fccke sind oft Teil von Zeremonien oder dienen als Ausdruck der kulturellen Identit\u00e4t.<\/p>\t\t\t\t\t\t\t\t<\/div>\n\t\t\t\t<\/div>\n\t\t\t\t<section class=\"elementor-section elementor-inner-section elementor-element elementor-element-05c7f6c elementor-section-boxed elementor-section-height-default elementor-section-height-default\" data-id=\"05c7f6c\" data-element_type=\"section\" data-e-type=\"section\">\n\t\t\t\t\t\t<div class=\"elementor-container elementor-column-gap-default\">\n\t\t\t\t\t<div class=\"elementor-column elementor-col-50 elementor-inner-column elementor-element elementor-element-9a27d62\" data-id=\"9a27d62\" data-element_type=\"column\" data-e-type=\"column\">\n\t\t\t<div class=\"elementor-widget-wrap elementor-element-populated\">\n\t\t\t\t\t\t<div class=\"elementor-element elementor-element-cefe02e elementor-widget elementor-widget-image\" data-id=\"cefe02e\" data-element_type=\"widget\" data-e-type=\"widget\" data-widget_type=\"image.default\">\n\t\t\t\t<div class=\"elementor-widget-container\">\n\t\t\t\t\t\t\t\t\t\t\t\t<figure class=\"wp-caption\">\n\t\t\t\t\t\t\t\t\t\t\t<a href=\"https:\/\/www.prairiewind.ch\/newone\/produkt\/fuenfreihige-tuerkishalskette-kewa\/\">\n\t\t\t\t\t\t\t<img fetchpriority=\"high\" decoding=\"async\" width=\"300\" height=\"225\" src=\"https:\/\/www.prairiewind.ch\/newone\/wp-content\/uploads\/2024\/08\/20240711_111925627_iOS-300x225.webp\" class=\"attachment-medium size-medium wp-image-17014\" alt=\"M. C. Coriz (Kewa) - f\u00fcnfreihige T\u00fcrkishalskette\" srcset=\"https:\/\/www.prairiewind.ch\/newone\/wp-content\/uploads\/2024\/08\/20240711_111925627_iOS-300x225.webp 300w, https:\/\/www.prairiewind.ch\/newone\/wp-content\/uploads\/2024\/08\/20240711_111925627_iOS-200x150.webp 200w, https:\/\/www.prairiewind.ch\/newone\/wp-content\/uploads\/2024\/08\/20240711_111925627_iOS-768x576.webp 768w, https:\/\/www.prairiewind.ch\/newone\/wp-content\/uploads\/2024\/08\/20240711_111925627_iOS-1024x768.webp 1024w, https:\/\/www.prairiewind.ch\/newone\/wp-content\/uploads\/2024\/08\/20240711_111925627_iOS-1536x1152.webp 1536w, https:\/\/www.prairiewind.ch\/newone\/wp-content\/uploads\/2024\/08\/20240711_111925627_iOS-188x141.webp 188w, https:\/\/www.prairiewind.ch\/newone\/wp-content\/uploads\/2024\/08\/20240711_111925627_iOS-251x188.webp 251w, https:\/\/www.prairiewind.ch\/newone\/wp-content\/uploads\/2024\/08\/20240711_111925627_iOS-600x450.webp 600w, https:\/\/www.prairiewind.ch\/newone\/wp-content\/uploads\/2024\/08\/20240711_111925627_iOS.webp 1920w\" sizes=\"(max-width: 300px) 100vw, 300px\" title=\"\">\t\t\t\t\t\t\t\t<\/a>\n\t\t\t\t\t\t\t\t\t\t\t<figcaption class=\"widget-image-caption wp-caption-text\">M. C. Coriz<\/figcaption>\n\t\t\t\t\t\t\t\t\t\t<\/figure>\n\t\t\t\t\t\t\t\t\t<\/div>\n\t\t\t\t<\/div>\n\t\t\t\t\t<\/div>\n\t\t<\/div>\n\t\t\t\t<div class=\"elementor-column elementor-col-50 elementor-inner-column elementor-element elementor-element-279ad07\" data-id=\"279ad07\" data-element_type=\"column\" data-e-type=\"column\">\n\t\t\t<div class=\"elementor-widget-wrap elementor-element-populated\">\n\t\t\t\t\t\t<div class=\"elementor-element elementor-element-9e04cc8 elementor-widget elementor-widget-image\" data-id=\"9e04cc8\" data-element_type=\"widget\" data-e-type=\"widget\" data-widget_type=\"image.default\">\n\t\t\t\t<div class=\"elementor-widget-container\">\n\t\t\t\t\t\t\t\t\t\t\t\t<figure class=\"wp-caption\">\n\t\t\t\t\t\t\t\t\t\t\t<a href=\"https:\/\/www.prairiewind.ch\/newone\/produkt\/charlotte-percy-reano-kewa-ohrhaenger\/\">\n\t\t\t\t\t\t\t<img decoding=\"async\" width=\"300\" height=\"225\" src=\"https:\/\/www.prairiewind.ch\/newone\/wp-content\/uploads\/2023\/02\/20230221_132853884_iOS-scaled-300x225.webp\" class=\"attachment-medium size-medium wp-image-11770\" alt=\"Charlotte &amp; Percy Reano (Kewa) - Ohrh\u00e4nger\" srcset=\"https:\/\/www.prairiewind.ch\/newone\/wp-content\/uploads\/2023\/02\/20230221_132853884_iOS-scaled-300x225.webp 300w, https:\/\/www.prairiewind.ch\/newone\/wp-content\/uploads\/2023\/02\/20230221_132853884_iOS-scaled-1024x768.webp 1024w, https:\/\/www.prairiewind.ch\/newone\/wp-content\/uploads\/2023\/02\/20230221_132853884_iOS-scaled-768x576.webp 768w, https:\/\/www.prairiewind.ch\/newone\/wp-content\/uploads\/2023\/02\/20230221_132853884_iOS-scaled-1536x1152.webp 1536w, https:\/\/www.prairiewind.ch\/newone\/wp-content\/uploads\/2023\/02\/20230221_132853884_iOS-scaled-200x150.webp 200w, https:\/\/www.prairiewind.ch\/newone\/wp-content\/uploads\/2023\/02\/20230221_132853884_iOS-scaled.webp 1920w, https:\/\/www.prairiewind.ch\/newone\/wp-content\/uploads\/2023\/02\/20230221_132853884_iOS-scaled-188x141.webp 188w, https:\/\/www.prairiewind.ch\/newone\/wp-content\/uploads\/2023\/02\/20230221_132853884_iOS-scaled-251x188.webp 251w\" sizes=\"(max-width: 300px) 100vw, 300px\" title=\"\">\t\t\t\t\t\t\t\t<\/a>\n\t\t\t\t\t\t\t\t\t\t\t<figcaption class=\"widget-image-caption wp-caption-text\">Charlotte &amp; Percy Reano<\/figcaption>\n\t\t\t\t\t\t\t\t\t\t<\/figure>\n\t\t\t\t\t\t\t\t\t<\/div>\n\t\t\t\t<\/div>\n\t\t\t\t\t<\/div>\n\t\t<\/div>\n\t\t\t\t\t<\/div>\n\t\t<\/section>\n\t\t\t\t<div class=\"elementor-element elementor-element-a33de79 elementor-widget elementor-widget-heading\" data-id=\"a33de79\" data-element_type=\"widget\" data-e-type=\"widget\" data-widget_type=\"heading.default\">\n\t\t\t\t<div class=\"elementor-widget-container\">\n\t\t\t\t\t<h2 class=\"elementor-heading-title elementor-size-default\">Einzigartige Techniken und Handwerkskunst<\/h2>\t\t\t\t<\/div>\n\t\t\t\t<\/div>\n\t\t\t\t<div class=\"elementor-element elementor-element-3c199ac elementor-widget elementor-widget-text-editor\" data-id=\"3c199ac\" data-element_type=\"widget\" data-e-type=\"widget\" data-widget_type=\"text-editor.default\">\n\t\t\t\t<div class=\"elementor-widget-container\">\n\t\t\t\t\t\t\t\t\t<p>Die <a href=\"\/\" data-wpil-monitor-id=\"2261\">Kewa sind Meister<\/a> in der Herstellung von Heishi-Perlen, eine Technik, die Pr\u00e4zision und Geduld erfordert. Jede Perle wird aus einem Rohmaterial geformt, gebohrt, geschliffen und poliert \u2013 ein zeitaufw\u00e4ndiger Prozess, der jedes St\u00fcck zu einem Unikat macht. In Kombination mit Silber entstehen einzigartige Werke, die die Tradition mit modernem Design verbinden.<\/p>\t\t\t\t\t\t\t\t<\/div>\n\t\t\t\t<\/div>\n\t\t\t\t\t<\/div>\n\t\t<\/div>\n\t\t\t\t\t<\/div>\n\t\t<\/section>\n\t\t\t\t<\/div>\n\t\t","protected":false},"excerpt":{"rendered":"<p>prairie wind verkauft den Kunden (nachfolgend &#171;Kunde&#187; genannt) die im Online Store (prairiewind.ch, prairiewind.biz, prairiewind.de, prairie-wind.com) spezifizierten Waren zu den nachstehend aufgef\u00fchrten Liefer- und Verkaufsbedingungen (AGB). Die von prairie wind gespeicherten Daten gelten als Beweis f\u00fcr s\u00e4mtliche zwischen prairie wind und ihren Kunden stattgefundenen Transaktionen.<\/p>\n","protected":false},"author":2,"featured_media":0,"parent":0,"menu_order":0,"comment_status":"closed","ping_status":"closed","template":"elementor_header_footer","meta":{"_uag_custom_page_level_css":"","site-sidebar-layout":"default","site-content-layout":"","ast-site-content-layout":"default","site-content-style":"default","site-sidebar-style":"default","ast-global-header-display":"","ast-banner-title-visibility":"","ast-main-header-display":"","ast-hfb-above-header-display":"","ast-hfb-below-header-display":"","ast-hfb-mobile-header-display":"","site-post-title":"","ast-breadcrumbs-content":"","ast-featured-img":"","footer-sml-layout":"","ast-disable-related-posts":"","theme-transparent-header-meta":"default","adv-header-id-meta":"","stick-header-meta":"","header-above-stick-meta":"","header-main-stick-meta":"","header-below-stick-meta":"","astra-migrate-meta-layouts":"set","ast-page-background-enabled":"default","ast-page-background-meta":{"desktop":{"background-color":"var(--ast-global-color-4)","background-image":"","background-repeat":"repeat","background-position":"center center","background-size":"auto","background-attachment":"scroll","background-type":"","background-media":"","overlay-type":"","overlay-color":"","overlay-opacity":"","overlay-gradient":""},"tablet":{"background-color":"","background-image":"","background-repeat":"repeat","background-position":"center center","background-size":"auto","background-attachment":"scroll","background-type":"","background-media":"","overlay-type":"","overlay-color":"","overlay-opacity":"","overlay-gradient":""},"mobile":{"background-color":"","background-image":"","background-repeat":"repeat","background-position":"center center","background-size":"auto","background-attachment":"scroll","background-type":"","background-media":"","overlay-type":"","overlay-color":"","overlay-opacity":"","overlay-gradient":""}},"ast-content-background-meta":{"desktop":{"background-color":"var(--ast-global-color-5)","background-image":"","background-repeat":"repeat","background-position":"center center","background-size":"auto","background-attachment":"scroll","background-type":"","background-media":"","overlay-type":"","overlay-color":"","overlay-opacity":"","overlay-gradient":""},"tablet":{"background-color":"var(--ast-global-color-5)","background-image":"","background-repeat":"repeat","background-position":"center center","background-size":"auto","background-attachment":"scroll","background-type":"","background-media":"","overlay-type":"","overlay-color":"","overlay-opacity":"","overlay-gradient":""},"mobile":{"background-color":"var(--ast-global-color-5)","background-image":"","background-repeat":"repeat","background-position":"center center","background-size":"auto","background-attachment":"scroll","background-type":"","background-media":"","overlay-type":"","overlay-color":"","overlay-opacity":"","overlay-gradient":""}},"footnotes":""},"class_list":["post-20208","page","type-page","status-publish","hentry"],"uagb_featured_image_src":{"full":false,"thumbnail":false,"medium":false,"medium_large":false,"large":false,"1536x1536":false,"2048x2048":false,"hero-banner":false,"category-thumb":false,"woocommerce_thumbnail":false,"woocommerce_single":false,"woocommerce_gallery_thumbnail":false},"uagb_author_info":{"display_name":"Kurt Weissen","author_link":"https:\/\/www.prairiewind.ch\/newone\/author\/kurt-weissen\/"},"uagb_comment_info":0,"uagb_excerpt":"prairie wind verkauft den Kunden (nachfolgend \"Kunde\" genannt) die im Online Store (prairiewind.ch, prairiewind.biz, prairiewind.de, prairie-wind.com) spezifizierten Waren zu den nachstehend aufgef\u00fchrten Liefer- und Verkaufsbedingungen (AGB). Die von prairie wind gespeicherten Daten gelten als Beweis f\u00fcr s\u00e4mtliche zwischen prairie wind und ihren Kunden stattgefundenen Transaktionen.","_links":{"self":[{"href":"https:\/\/www.prairiewind.ch\/newone\/wp-json\/wp\/v2\/pages\/20208","targetHints":{"allow":["GET"]}}],"collection":[{"href":"https:\/\/www.prairiewind.ch\/newone\/wp-json\/wp\/v2\/pages"}],"about":[{"href":"https:\/\/www.prairiewind.ch\/newone\/wp-json\/wp\/v2\/types\/page"}],"author":[{"embeddable":true,"href":"https:\/\/www.prairiewind.ch\/newone\/wp-json\/wp\/v2\/users\/2"}],"replies":[{"embeddable":true,"href":"https:\/\/www.prairiewind.ch\/newone\/wp-json\/wp\/v2\/comments?post=20208"}],"version-history":[{"count":2,"href":"https:\/\/www.prairiewind.ch\/newone\/wp-json\/wp\/v2\/pages\/20208\/revisions"}],"predecessor-version":[{"id":73025,"href":"https:\/\/www.prairiewind.ch\/newone\/wp-json\/wp\/v2\/pages\/20208\/revisions\/73025"}],"wp:attachment":[{"href":"https:\/\/www.prairiewind.ch\/newone\/wp-json\/wp\/v2\/media?parent=20208"}],"curies":[{"name":"wp","href":"https:\/\/api.w.org\/{rel}","templated":true}]}}