{"id":20173,"date":"2024-11-22T20:00:00","date_gmt":"2024-11-22T19:00:00","guid":{"rendered":"https:\/\/www.prairiewind.ch\/newone\/?page_id=20173"},"modified":"2025-12-23T22:00:33","modified_gmt":"2025-12-23T20:00:33","slug":"silberschmiede-der-navajo","status":"publish","type":"page","link":"https:\/\/www.prairiewind.ch\/newone\/silberschmiede-der-navajo\/","title":{"rendered":"Silberschmiede der Navajo"},"content":{"rendered":"\t\t<div data-elementor-type=\"wp-page\" data-elementor-id=\"20173\" class=\"elementor elementor-20173\" data-elementor-post-type=\"page\">\n\t\t\t\t\t\t<section class=\"elementor-section elementor-top-section elementor-element elementor-element-a897287 elementor-section-stretched elementor-section-boxed elementor-section-height-default elementor-section-height-default\" data-id=\"a897287\" data-element_type=\"section\" data-e-type=\"section\" data-settings=\"{&quot;stretch_section&quot;:&quot;section-stretched&quot;}\">\n\t\t\t\t\t\t<div class=\"elementor-container elementor-column-gap-default\">\n\t\t\t\t\t<div class=\"elementor-column elementor-col-100 elementor-top-column elementor-element elementor-element-4cd08ca\" data-id=\"4cd08ca\" data-element_type=\"column\" data-e-type=\"column\">\n\t\t\t<div class=\"elementor-widget-wrap elementor-element-populated\">\n\t\t\t\t\t\t<div class=\"elementor-element elementor-element-4e332f5 elementor-widget elementor-widget-heading\" data-id=\"4e332f5\" data-element_type=\"widget\" data-e-type=\"widget\" data-widget_type=\"heading.default\">\n\t\t\t\t<div class=\"elementor-widget-container\">\n\t\t\t\t\t<h1 class=\"elementor-heading-title elementor-size-default\">Die Silberschmiedekunst der Navajo<\/h1>\t\t\t\t<\/div>\n\t\t\t\t<\/div>\n\t\t\t\t<div class=\"elementor-element elementor-element-f3ec256 gm-text-col-2 elementor-widget elementor-widget-text-editor\" data-id=\"f3ec256\" data-element_type=\"widget\" data-e-type=\"widget\" data-widget_type=\"text-editor.default\">\n\t\t\t\t<div class=\"elementor-widget-container\">\n\t\t\t\t\t\t\t\t\t<p>Die Silberschmiede der Navajo des amerikanischen S\u00fcdwestens haben die Kunst des Schmuckmachens zu einem der bekanntesten Ausdrucksformen ihrer Kultur gemacht. Diese Kunstform, die tief in ihrer Geschichte und ihrem spirituellen Verst\u00e4ndnis verwurzelt ist, hat einen festen Platz in der Welt des Kunsthandwerks und dar\u00fcber hinaus gefunden.<\/p>\t\t\t\t\t\t\t\t<\/div>\n\t\t\t\t<\/div>\n\t\t\t\t<div class=\"elementor-element elementor-element-735d1d1 elementor-widget elementor-widget-heading\" data-id=\"735d1d1\" data-element_type=\"widget\" data-e-type=\"widget\" data-widget_type=\"heading.default\">\n\t\t\t\t<div class=\"elementor-widget-container\">\n\t\t\t\t\t<h3 class=\"elementor-heading-title elementor-size-default\">Die Urspr\u00fcnge der Navajo-Silberschmiedekunst<\/h3>\t\t\t\t<\/div>\n\t\t\t\t<\/div>\n\t\t\t\t<div class=\"elementor-element elementor-element-d19d78a gm-text-col-2 elementor-widget elementor-widget-text-editor\" data-id=\"d19d78a\" data-element_type=\"widget\" data-e-type=\"widget\" data-widget_type=\"text-editor.default\">\n\t\t\t\t<div class=\"elementor-widget-container\">\n\t\t\t\t\t\t\t\t\t<p>Die Silberschmiedekunst wurde den Navajo im 19. Jahrhundert durch mexikanische Silberschmiede (Plateros) nahegebracht. Es wird angenommen, dass der Navajo-Silberschmied Atsidi Sani (um 1860) der erste war, <a href=\"https:\/\/www.prairiewind.ch\/newone\/produkt\/diana-passmore-blackfeet-grune-messerscheide\/\"  data-wpil-monitor-id=\"2245\">der diese Kunst<\/a> in den Stamm einf\u00fchrte. Von dieser bescheidenen Anfangszeit entwickelte sich das Silberschmieden schnell zu einem Symbol der Navajo-Kultur.<\/p>\t\t\t\t\t\t\t\t<\/div>\n\t\t\t\t<\/div>\n\t\t\t\t<div class=\"elementor-element elementor-element-2f237f1 elementor-widget elementor-widget-heading\" data-id=\"2f237f1\" data-element_type=\"widget\" data-e-type=\"widget\" data-widget_type=\"heading.default\">\n\t\t\t\t<div class=\"elementor-widget-container\">\n\t\t\t\t\t<h2 class=\"elementor-heading-title elementor-size-default\">Charakteristische Designs und Techniken<\/h2>\t\t\t\t<\/div>\n\t\t\t\t<\/div>\n\t\t\t\t<div class=\"elementor-element elementor-element-673b673 gm-text-col-2 elementor-widget elementor-widget-text-editor\" data-id=\"673b673\" data-element_type=\"widget\" data-e-type=\"widget\" data-widget_type=\"text-editor.default\">\n\t\t\t\t<div class=\"elementor-widget-container\">\n\t\t\t\t\t\t\t\t\tDie Navajo sind bekannt f\u00fcr ihre kunstvollen Silberarbeiten, die oft mit Halbedelsteinen wie <a href=\"https:\/\/www.prairiewind.ch\/newone\/produkt\/shannon-tenorio-kewa-muschelanhaenger-mit-inlay\/\" data-wpil-monitor-id=\"2072\">T\u00fcrkis<\/a> kombiniert werden. Der <a href=\"https:\/\/www.prairiewind.ch\/newone\/produkt\/priscilla-aguilar-kewa-viereckige-ohrhaenger-mit-inlay\/\" data-wpil-monitor-id=\"2079\">T\u00fcrkis<\/a>, ein Symbol f\u00fcr Gesundheit, Wohlstand und Schutz, ist eines der zentralen Elemente ihrer Schmuckst\u00fccke.\n\nTypische <a href=\"https:\/\/www.prairiewind.ch\/newone\/produkt\/rick-tolino-navajo-fingerring-mit-inlay\/\" data-wpil-monitor-id=\"2277\">Designs umfassen<\/a>:\n<ul>\n \t<li><strong>Concho-G\u00fcrtel<\/strong>: Breite G\u00fcrtel <a href=\"https:\/\/www.prairiewind.ch\/newone\/produkt\/paul-coriz-kewa-grosse-haarspange-mit-mosaik\/\" data-wpil-monitor-id=\"2157\">mit<\/a> gro\u00dfen, kunstvoll gestalteten Silberplatten.<\/li>\n \t<li><strong>Armb\u00e4nder und <a href=\"https:\/\/www.prairiewind.ch\/newone\/produkt\/betty-rodriguez-kewa-muschelhalskette\/\" data-wpil-monitor-id=\"2052\">Halsketten<\/a><\/strong>: Verziert mit eingelegten Steinen und geschwungenen, organischen Mustern.<\/li>\n \t<li><strong>Silberperlen (Navajo Pearls)<\/strong>: Handgefertigte, hohle Silberperlen, die oft in <a href=\"https:\/\/www.prairiewind.ch\/newone\/produkt\/elisia-rodriguez-kewa-zweireihige-halskette\/\" data-wpil-monitor-id=\"2086\">Halsketten<\/a> verwendet werden.<\/li>\n<\/ul>\nZu den Techniken geh\u00f6ren:\n<ul>\n \t<li><strong>Stampwork<\/strong>: Pr\u00e4gen von Mustern in Silber <a href=\"https:\/\/www.prairiewind.ch\/newone\/produkt\/rosita-kaamasee-zuni-halskette-mit-voegeln\/\" data-wpil-monitor-id=\"2130\">mit<\/a> speziell angefertigten Stempeln.<\/li>\n \t<li><strong>Overlay<\/strong>: Eine zweischichtige Technik, \u00e4hnlich wie <a href=\"https:\/\/www.prairiewind.ch\/newone\/produkt-schlagwort\/hopi\/\" data-wpil-monitor-id=\"2148\">bei den Hopi<\/a>, jedoch weniger stark ausgepr\u00e4gt.<\/li>\n \t<li><strong>Inlay-Arbeiten<\/strong>: Einlegen von <a href=\"https:\/\/www.prairiewind.ch\/newone\/produkt\/paul-coriz-kewa-gurtelschnalle-3\/\" data-wpil-monitor-id=\"2084\">T\u00fcrkis<\/a>, Koralle oder anderen Steinen in Silber.<\/li>\n<\/ul>\nDie Motive repr\u00e4sentieren oft Elemente aus der Hopi-Mythologie und -Kosmologie, wie den Sch\u00f6pfergeist Tawa, die <a href=\"https:\/\/www.prairiewind.ch\/newone\/produkt\/warrior-kachina\/\" data-wpil-monitor-id=\"2203\">Geister der Kachina<\/a> oder die Bedeutung von Regen und Mais, die essenziell f\u00fcr die Hopi-Kultur sind.<\/p>\t\t\t\t\t\t\t\t<\/div>\n\t\t\t\t<\/div>\n\t\t\t\t<div class=\"elementor-element elementor-element-94a70bb elementor-widget elementor-widget-heading\" data-id=\"94a70bb\" data-element_type=\"widget\" data-e-type=\"widget\" data-widget_type=\"heading.default\">\n\t\t\t\t<div class=\"elementor-widget-container\">\n\t\t\t\t\t<h2 class=\"elementor-heading-title elementor-size-default\">Die spirituelle Bedeutung<\/h2>\t\t\t\t<\/div>\n\t\t\t\t<\/div>\n\t\t\t\t<div class=\"elementor-element elementor-element-ff45041 gm-text-col-2 elementor-widget elementor-widget-text-editor\" data-id=\"ff45041\" data-element_type=\"widget\" data-e-type=\"widget\" data-widget_type=\"text-editor.default\">\n\t\t\t\t<div class=\"elementor-widget-container\">\n\t\t\t\t\t\t\t\t\tF\u00fcr die <a href=\"https:\/\/www.prairiewind.ch\/newone\/produkt\/paul-thompson-wasserrohr-floete\/\" data-wpil-monitor-id=\"2178\">Navajo<\/a> ist Schmuck nicht nur Dekoration, sondern auch Ausdruck ihrer Spiritualit\u00e4t und ihrer Beziehung zur Natur. Viele Motive, wie Sonne, Mond, Wasser oder Pflanzen, spiegeln diese Verbundenheit wider. Schmuckst\u00fccke werden oft als Amulette getragen, die Schutz und positive Energien bringen sollen.<\/p>\t\t\t\t\t\t\t\t<\/div>\n\t\t\t\t<\/div>\n\t\t\t\t<section class=\"elementor-section elementor-inner-section elementor-element elementor-element-05c7f6c elementor-section-boxed elementor-section-height-default elementor-section-height-default\" data-id=\"05c7f6c\" data-element_type=\"section\" data-e-type=\"section\">\n\t\t\t\t\t\t<div class=\"elementor-container elementor-column-gap-default\">\n\t\t\t\t\t<div class=\"elementor-column elementor-col-50 elementor-inner-column elementor-element elementor-element-9a27d62\" data-id=\"9a27d62\" data-element_type=\"column\" data-e-type=\"column\">\n\t\t\t<div class=\"elementor-widget-wrap elementor-element-populated\">\n\t\t\t\t\t\t<div class=\"elementor-element elementor-element-cefe02e elementor-widget elementor-widget-image\" data-id=\"cefe02e\" data-element_type=\"widget\" data-e-type=\"widget\" data-widget_type=\"image.default\">\n\t\t\t\t<div class=\"elementor-widget-container\">\n\t\t\t\t\t\t\t\t\t\t\t\t<figure class=\"wp-caption\">\n\t\t\t\t\t\t\t\t\t\t\t<a href=\"https:\/\/www.prairiewind.ch\/newone\/produkt\/alvin-todacheene-navajo-concho-belt\/\">\n\t\t\t\t\t\t\t<img fetchpriority=\"high\" decoding=\"async\" width=\"300\" height=\"225\" src=\"https:\/\/www.prairiewind.ch\/newone\/wp-content\/uploads\/2020\/05\/products-2016-10-06-16.53.14-1-300x225.jpg\" class=\"attachment-medium size-medium wp-image-4176\" alt=\"Alvin Todacheene (Navajo) \u2013 Concha Belt\" srcset=\"https:\/\/www.prairiewind.ch\/newone\/wp-content\/uploads\/2020\/05\/products-2016-10-06-16.53.14-1-300x225.jpg 300w, https:\/\/www.prairiewind.ch\/newone\/wp-content\/uploads\/2020\/05\/products-2016-10-06-16.53.14-1-200x150.jpg 200w, https:\/\/www.prairiewind.ch\/newone\/wp-content\/uploads\/2020\/05\/products-2016-10-06-16.53.14-1-188x141.jpg 188w, https:\/\/www.prairiewind.ch\/newone\/wp-content\/uploads\/2020\/05\/products-2016-10-06-16.53.14-1-251x188.jpg 251w, https:\/\/www.prairiewind.ch\/newone\/wp-content\/uploads\/2020\/05\/products-2016-10-06-16.53.14-1-350x263.jpg 350w, https:\/\/www.prairiewind.ch\/newone\/wp-content\/uploads\/2020\/05\/products-2016-10-06-16.53.14-1.jpg 600w\" sizes=\"(max-width: 300px) 100vw, 300px\" title=\"\">\t\t\t\t\t\t\t\t<\/a>\n\t\t\t\t\t\t\t\t\t\t\t<figcaption class=\"widget-image-caption wp-caption-text\"><a href=\"https:\/\/www.prairiewind.ch\/newone\/produkt\/hs-03-indianerschmuck-haarring\/\" data-wpil-monitor-id=\"2080\">Alvin Todacheene<\/a><\/figcaption>\n\t\t\t\t\t\t\t\t\t\t<\/figure>\n\t\t\t\t\t\t\t\t\t<\/div>\n\t\t\t\t<\/div>\n\t\t\t\t\t<\/div>\n\t\t<\/div>\n\t\t\t\t<div class=\"elementor-column elementor-col-50 elementor-inner-column elementor-element elementor-element-279ad07\" data-id=\"279ad07\" data-element_type=\"column\" data-e-type=\"column\">\n\t\t\t<div class=\"elementor-widget-wrap elementor-element-populated\">\n\t\t\t\t\t\t<div class=\"elementor-element elementor-element-9e04cc8 elementor-widget elementor-widget-image\" data-id=\"9e04cc8\" data-element_type=\"widget\" data-e-type=\"widget\" data-widget_type=\"image.default\">\n\t\t\t\t<div class=\"elementor-widget-container\">\n\t\t\t\t\t\t\t\t\t\t\t\t<figure class=\"wp-caption\">\n\t\t\t\t\t\t\t\t\t\t\t<a href=\"https:\/\/www.prairiewind.ch\/newone\/produkt\/tommy-jackson-navajo-herzfoermiger-armreif\/\">\n\t\t\t\t\t\t\t<img decoding=\"async\" width=\"300\" height=\"225\" src=\"https:\/\/www.prairiewind.ch\/newone\/wp-content\/uploads\/2020\/12\/ios-21-scaled-300x225.webp\" class=\"attachment-medium size-medium wp-image-6060\" alt=\"TommyJackson(Navajo)&amp;#;herzf\u00f6rmigerArmreif\" srcset=\"https:\/\/www.prairiewind.ch\/newone\/wp-content\/uploads\/2020\/12\/ios-21-scaled-300x225.webp 300w, https:\/\/www.prairiewind.ch\/newone\/wp-content\/uploads\/2020\/12\/ios-21-scaled-1024x768.webp 1024w, https:\/\/www.prairiewind.ch\/newone\/wp-content\/uploads\/2020\/12\/ios-21-scaled-768x576.webp 768w, https:\/\/www.prairiewind.ch\/newone\/wp-content\/uploads\/2020\/12\/ios-21-scaled-1536x1152.webp 1536w, https:\/\/www.prairiewind.ch\/newone\/wp-content\/uploads\/2020\/12\/ios-21-scaled-200x150.webp 200w, https:\/\/www.prairiewind.ch\/newone\/wp-content\/uploads\/2020\/12\/ios-21-scaled.webp 1920w, https:\/\/www.prairiewind.ch\/newone\/wp-content\/uploads\/2020\/12\/ios-21-scaled-188x141.webp 188w, https:\/\/www.prairiewind.ch\/newone\/wp-content\/uploads\/2020\/12\/ios-21-scaled-251x188.webp 251w, https:\/\/www.prairiewind.ch\/newone\/wp-content\/uploads\/2020\/12\/ios-21-scaled-800x600.webp 800w\" sizes=\"(max-width: 300px) 100vw, 300px\" title=\"\">\t\t\t\t\t\t\t\t<\/a>\n\t\t\t\t\t\t\t\t\t\t\t<figcaption class=\"widget-image-caption wp-caption-text\">Tommy Jackson<\/figcaption>\n\t\t\t\t\t\t\t\t\t\t<\/figure>\n\t\t\t\t\t\t\t\t\t<\/div>\n\t\t\t\t<\/div>\n\t\t\t\t\t<\/div>\n\t\t<\/div>\n\t\t\t\t\t<\/div>\n\t\t<\/section>\n\t\t\t\t<div class=\"elementor-element elementor-element-a33de79 elementor-widget elementor-widget-heading\" data-id=\"a33de79\" data-element_type=\"widget\" data-e-type=\"widget\" data-widget_type=\"heading.default\">\n\t\t\t\t<div class=\"elementor-widget-container\">\n\t\t\t\t\t<h2 class=\"elementor-heading-title elementor-size-default\"><br>Ein Symbol kultureller St\u00e4rke<\/h2>\t\t\t\t<\/div>\n\t\t\t\t<\/div>\n\t\t\t\t<div class=\"elementor-element elementor-element-3c199ac elementor-widget elementor-widget-text-editor\" data-id=\"3c199ac\" data-element_type=\"widget\" data-e-type=\"widget\" data-widget_type=\"text-editor.default\">\n\t\t\t\t<div class=\"elementor-widget-container\">\n\t\t\t\t\t\t\t\t\t<p>Die Silberschmiedekunst der <a href=\"https:\/\/www.prairiewind.ch\/newone\/produkt\/paul-thompson-floete-beadwork\/\" data-wpil-monitor-id=\"2238\">Navajo steht f\u00fcr mehr<\/a> als nur handwerkliche Meisterschaft. Sie ist ein Ausdruck von Widerstandskraft, kultureller Identit\u00e4t und spiritueller Tiefe. Ihre Werke tragen die Geschichten eines Volkes, das seine Traditionen bewahrt und gleichzeitig innovative Wege geht.<\/p>\t\t\t\t\t\t\t\t<\/div>\n\t\t\t\t<\/div>\n\t\t\t\t\t<\/div>\n\t\t<\/div>\n\t\t\t\t\t<\/div>\n\t\t<\/section>\n\t\t\t\t<\/div>\n\t\t","protected":false},"excerpt":{"rendered":"<p>prairie wind verkauft den Kunden (nachfolgend &#171;Kunde&#187; genannt) die im Online Store (prairiewind.ch, prairiewind.biz, prairiewind.de, prairie-wind.com) spezifizierten Waren zu den nachstehend aufgef\u00fchrten Liefer- und Verkaufsbedingungen (AGB). Die von prairie wind gespeicherten Daten gelten als Beweis f\u00fcr s\u00e4mtliche zwischen prairie wind und ihren Kunden stattgefundenen Transaktionen.<\/p>\n","protected":false},"author":2,"featured_media":0,"parent":0,"menu_order":0,"comment_status":"closed","ping_status":"closed","template":"elementor_header_footer","meta":{"_uag_custom_page_level_css":"","site-sidebar-layout":"default","site-content-layout":"","ast-site-content-layout":"default","site-content-style":"default","site-sidebar-style":"default","ast-global-header-display":"","ast-banner-title-visibility":"","ast-main-header-display":"","ast-hfb-above-header-display":"","ast-hfb-below-header-display":"","ast-hfb-mobile-header-display":"","site-post-title":"","ast-breadcrumbs-content":"","ast-featured-img":"","footer-sml-layout":"","ast-disable-related-posts":"","theme-transparent-header-meta":"default","adv-header-id-meta":"","stick-header-meta":"","header-above-stick-meta":"","header-main-stick-meta":"","header-below-stick-meta":"","astra-migrate-meta-layouts":"set","ast-page-background-enabled":"default","ast-page-background-meta":{"desktop":{"background-color":"var(--ast-global-color-4)","background-image":"","background-repeat":"repeat","background-position":"center center","background-size":"auto","background-attachment":"scroll","background-type":"","background-media":"","overlay-type":"","overlay-color":"","overlay-opacity":"","overlay-gradient":""},"tablet":{"background-color":"","background-image":"","background-repeat":"repeat","background-position":"center center","background-size":"auto","background-attachment":"scroll","background-type":"","background-media":"","overlay-type":"","overlay-color":"","overlay-opacity":"","overlay-gradient":""},"mobile":{"background-color":"","background-image":"","background-repeat":"repeat","background-position":"center center","background-size":"auto","background-attachment":"scroll","background-type":"","background-media":"","overlay-type":"","overlay-color":"","overlay-opacity":"","overlay-gradient":""}},"ast-content-background-meta":{"desktop":{"background-color":"var(--ast-global-color-5)","background-image":"","background-repeat":"repeat","background-position":"center center","background-size":"auto","background-attachment":"scroll","background-type":"","background-media":"","overlay-type":"","overlay-color":"","overlay-opacity":"","overlay-gradient":""},"tablet":{"background-color":"var(--ast-global-color-5)","background-image":"","background-repeat":"repeat","background-position":"center center","background-size":"auto","background-attachment":"scroll","background-type":"","background-media":"","overlay-type":"","overlay-color":"","overlay-opacity":"","overlay-gradient":""},"mobile":{"background-color":"var(--ast-global-color-5)","background-image":"","background-repeat":"repeat","background-position":"center center","background-size":"auto","background-attachment":"scroll","background-type":"","background-media":"","overlay-type":"","overlay-color":"","overlay-opacity":"","overlay-gradient":""}},"footnotes":""},"class_list":["post-20173","page","type-page","status-publish","hentry"],"uagb_featured_image_src":{"full":false,"thumbnail":false,"medium":false,"medium_large":false,"large":false,"1536x1536":false,"2048x2048":false,"hero-banner":false,"category-thumb":false,"woocommerce_thumbnail":false,"woocommerce_single":false,"woocommerce_gallery_thumbnail":false},"uagb_author_info":{"display_name":"Kurt Weissen","author_link":"https:\/\/www.prairiewind.ch\/newone\/author\/kurt-weissen\/"},"uagb_comment_info":0,"uagb_excerpt":"prairie wind verkauft den Kunden (nachfolgend \"Kunde\" genannt) die im Online Store (prairiewind.ch, prairiewind.biz, prairiewind.de, prairie-wind.com) spezifizierten Waren zu den nachstehend aufgef\u00fchrten Liefer- und Verkaufsbedingungen (AGB). Die von prairie wind gespeicherten Daten gelten als Beweis f\u00fcr s\u00e4mtliche zwischen prairie wind und ihren Kunden stattgefundenen Transaktionen.","_links":{"self":[{"href":"https:\/\/www.prairiewind.ch\/newone\/wp-json\/wp\/v2\/pages\/20173","targetHints":{"allow":["GET"]}}],"collection":[{"href":"https:\/\/www.prairiewind.ch\/newone\/wp-json\/wp\/v2\/pages"}],"about":[{"href":"https:\/\/www.prairiewind.ch\/newone\/wp-json\/wp\/v2\/types\/page"}],"author":[{"embeddable":true,"href":"https:\/\/www.prairiewind.ch\/newone\/wp-json\/wp\/v2\/users\/2"}],"replies":[{"embeddable":true,"href":"https:\/\/www.prairiewind.ch\/newone\/wp-json\/wp\/v2\/comments?post=20173"}],"version-history":[{"count":1,"href":"https:\/\/www.prairiewind.ch\/newone\/wp-json\/wp\/v2\/pages\/20173\/revisions"}],"predecessor-version":[{"id":73055,"href":"https:\/\/www.prairiewind.ch\/newone\/wp-json\/wp\/v2\/pages\/20173\/revisions\/73055"}],"wp:attachment":[{"href":"https:\/\/www.prairiewind.ch\/newone\/wp-json\/wp\/v2\/media?parent=20173"}],"curies":[{"name":"wp","href":"https:\/\/api.w.org\/{rel}","templated":true}]}}