{"id":16657,"date":"2024-03-11T17:37:57","date_gmt":"2024-03-11T16:37:57","guid":{"rendered":"https:\/\/www.prairiewind.ch\/newone\/?page_id=16657"},"modified":"2025-10-30T05:52:06","modified_gmt":"2025-10-30T03:52:06","slug":"cookie-richtlinie","status":"publish","type":"page","link":"https:\/\/www.prairiewind.ch\/newone\/cookie-richtlinie\/","title":{"rendered":"Cookie-Richtlinie"},"content":{"rendered":"\t\t<div data-elementor-type=\"wp-page\" data-elementor-id=\"16657\" class=\"elementor elementor-16657\" data-elementor-post-type=\"page\">\n\t\t\t\t\t\t<section class=\"elementor-section elementor-top-section elementor-element elementor-element-ba1e010 elementor-section-stretched elementor-section-boxed elementor-section-height-default elementor-section-height-default\" data-id=\"ba1e010\" data-element_type=\"section\" data-e-type=\"section\" data-settings=\"{&quot;stretch_section&quot;:&quot;section-stretched&quot;}\">\n\t\t\t\t\t\t<div class=\"elementor-container elementor-column-gap-default\">\n\t\t\t\t\t<div class=\"elementor-column elementor-col-100 elementor-top-column elementor-element elementor-element-de02c9b\" data-id=\"de02c9b\" data-element_type=\"column\" data-e-type=\"column\">\n\t\t\t<div class=\"elementor-widget-wrap elementor-element-populated\">\n\t\t\t\t\t\t<div class=\"elementor-element elementor-element-938631e elementor-widget elementor-widget-heading\" data-id=\"938631e\" data-element_type=\"widget\" data-e-type=\"widget\" data-widget_type=\"heading.default\">\n\t\t\t\t<div class=\"elementor-widget-container\">\n\t\t\t\t\t<h1 class=\"elementor-heading-title elementor-size-default\">\u00dcber diese Cookie-Richtlinie\n<\/h1>\t\t\t\t<\/div>\n\t\t\t\t<\/div>\n\t\t\t\t<div class=\"elementor-element elementor-element-c8ad230 gm-text-col-2 elementor-widget elementor-widget-text-editor\" data-id=\"c8ad230\" data-element_type=\"widget\" data-e-type=\"widget\" data-widget_type=\"text-editor.default\">\n\t\t\t\t<div class=\"elementor-widget-container\">\n\t\t\t\t\t\t\t\t\tDiese Cookie-Richtlinie erkl\u00e4rt, was Cookies sind und wie wir sie verwenden, welche Arten von Cookies wir verwenden, welche Informationen wir mit Hilfe von Cookies sammeln und wie diese Informationen verwendet werden, und wie Sie die Cookie-Einstellungen steuern k\u00f6nnen.\nWeitere Informationen dar\u00fcber, wie wir Ihre personenbezogenen Daten verwenden, speichern und sicher aufbewahren, finden Sie in unserer Datenschutzrichtlinie. Sie k\u00f6nnen Ihre Einwilligung jederzeit in der Cookie-Erkl\u00e4rung auf unserer Website \u00e4ndern oder widerrufen.\nErfahren Sie in unserer Datenschutzrichtlinie mehr dar\u00fcber, wer wir sind, <a href=\"https:\/\/www.prairiewind.ch\/newone\/produkt-schlagwort\/san-felipe\/\"  data-wpil-monitor-id=\"1242\">wie Sie uns kontaktieren k\u00f6nnen und<\/a> wie wir personenbezogene Daten verarbeiten.\n<a href=\"https:\/\/www.prairiewind.ch\/newone\/produkt\/leland-boone-wolf-buendel\/\"  data-wpil-monitor-id=\"1451\">Ihre Einwilligung gilt f\u00fcr die folgenden<\/a> Bereiche: www.prairiewind.ch\t\t\t\t\t\t\t\t<\/div>\n\t\t\t\t<\/div>\n\t\t\t\t<div class=\"elementor-element elementor-element-fd13fd4 elementor-widget elementor-widget-heading\" data-id=\"fd13fd4\" data-element_type=\"widget\" data-e-type=\"widget\" data-widget_type=\"heading.default\">\n\t\t\t\t<div class=\"elementor-widget-container\">\n\t\t\t\t\t<h2 class=\"elementor-heading-title elementor-size-default\">Was sind Cookies?\n<\/h2>\t\t\t\t<\/div>\n\t\t\t\t<\/div>\n\t\t\t\t<div class=\"elementor-element elementor-element-ab302d3 gm-text-col-2 elementor-widget elementor-widget-text-editor\" data-id=\"ab302d3\" data-element_type=\"widget\" data-e-type=\"widget\" data-widget_type=\"text-editor.default\">\n\t\t\t\t<div class=\"elementor-widget-container\">\n\t\t\t\t\t\t\t\t\t<div>Cookies sind kleine Textdateien, <a href=\"https:\/\/www.prairiewind.ch\/newone\/produkt\/betty-rodriguez-kewa-halskette-aus-tuerkisscheiben\/\"  data-wpil-monitor-id=\"1514\">die dazu dienen<\/a>, kleine Informationen zu speichern. Sie werden auf Ihrem Ger\u00e4t gespeichert, <a href=\"https:\/\/www.prairiewind.ch\/newone\/cookie-politik\/\"  data-wpil-monitor-id=\"1264\">wenn die Website in Ihrem<\/a> Browser geladen wird. Diese Cookies helfen uns, die Website ordnungsgem\u00e4\u00df funktionieren zu lassen, sie sicherer zu machen, <a href=\"https:\/\/www.prairiewind.ch\/newone\/produkt\/lynn-quam-zuni-kraeftiger-baer\/\"  data-wpil-monitor-id=\"1377\">eine bessere Benutzererfahrung zu<\/a> bieten und zu verstehen, wie die Website funktioniert und zu analysieren, was funktioniert und wo sie verbessert werden muss.<\/div>\t\t\t\t\t\t\t\t<\/div>\n\t\t\t\t<\/div>\n\t\t\t\t<div class=\"elementor-element elementor-element-a1bec7e elementor-widget elementor-widget-heading\" data-id=\"a1bec7e\" data-element_type=\"widget\" data-e-type=\"widget\" data-widget_type=\"heading.default\">\n\t\t\t\t<div class=\"elementor-widget-container\">\n\t\t\t\t\t<h2 class=\"elementor-heading-title elementor-size-default\">Wie verwenden wir Cookies?\n<\/h2>\t\t\t\t<\/div>\n\t\t\t\t<\/div>\n\t\t\t\t<div class=\"elementor-element elementor-element-92254d3 gm-text-col-2 elementor-widget elementor-widget-text-editor\" data-id=\"92254d3\" data-element_type=\"widget\" data-e-type=\"widget\" data-widget_type=\"text-editor.default\">\n\t\t\t\t<div class=\"elementor-widget-container\">\n\t\t\t\t\t\t\t\t\t<div><a href=\"https:\/\/www.prairiewind.ch\/newone\/schmuck-handwerkskunst-indianer-naturmaterialien\/\" data-wpil-monitor-id=\"1650\">Wie die meisten Online-Dienste verwendet auch unsere Website Erstanbieter- und<\/a> Drittanbieter-Cookies f\u00fcr verschiedene Zwecke. <a href=\"https:\/\/www.prairiewind.ch\/newone\/produkt\/hopi-overlay-ring-longhair-kachina\/\" data-wpil-monitor-id=\"1334\">Cookies von Erstanbietern sind meist<\/a> notwendig, damit die Website richtig funktioniert, und sie sammeln keine personenbezogenen Daten.\u00a0<a href=\"https:\/\/www.prairiewind.ch\/newone\/produkt\/moccasins-aus-elchleder-blackfeet\/\" data-wpil-monitor-id=\"1674\">Die Cookies von Drittanbietern<\/a>, die auf unserer Website verwendet werden, dienen ausschliesslich dazu, zu verstehen, wie die Website funktioniert, wie Sie mit unserer Website interagieren, unsere Dienste sicher zu halten und Ihnen insgesamt eine bessere und verbesserte Benutzererfahrung zu bieten und Ihre zuk\u00fcnftigen Interaktionen mit unserer Website zu beschleunigen.\u00a0Diese Cookies dienen nicht zu Marketing- und Werbezwecken.<\/div>\t\t\t\t\t\t\t\t<\/div>\n\t\t\t\t<\/div>\n\t\t\t\t<div class=\"elementor-element elementor-element-8a21297 elementor-widget elementor-widget-heading\" data-id=\"8a21297\" data-element_type=\"widget\" data-e-type=\"widget\" data-widget_type=\"heading.default\">\n\t\t\t\t<div class=\"elementor-widget-container\">\n\t\t\t\t\t<h3 class=\"elementor-heading-title elementor-size-default\">Welche Arten von Cookies verwenden wir?\n<\/h3>\t\t\t\t<\/div>\n\t\t\t\t<\/div>\n\t\t\t\t<div class=\"elementor-element elementor-element-89ad4d2 gm-text-col-2 elementor-widget elementor-widget-text-editor\" data-id=\"89ad4d2\" data-element_type=\"widget\" data-e-type=\"widget\" data-widget_type=\"text-editor.default\">\n\t\t\t\t<div class=\"elementor-widget-container\">\n\t\t\t\t\t\t\t\t\t<div>Unverzichtbar: Einige Cookies sind unerl\u00e4sslich, damit du die volle Funktionalit\u00e4t unserer Website nutzen kannst. Sie erm\u00f6glichen es uns, Benutzersitzungen aufrechtzuerhalten und Sicherheitsbedrohungen zu verhindern. Sie sammeln und speichern keine <a href=\"https:\/\/www.prairiewind.ch\/newone\/mein-konto\/\" data-wpil-monitor-id=\"326\">pers\u00f6nlichen Daten<\/a>. Diese Cookies erm\u00f6glichen es dir zum Beispiel, dich bei deinem Konto anzumelden, Produkte in deinen\u00a0<a href=\"https:\/\/www.prairiewind.ch\/newone\/warenkorb\/\" data-wpil-monitor-id=\"27\">Warenkorb<\/a>\u00a0zu legen und sicher zur Kasse zu gehen.\u00a0Statistiken: Diese <a href=\"https:\/\/www.prairiewind.ch\/newone\/?elementor_library=cookie-richtlinie\" data-wpil-monitor-id=\"2382\">Cookies speichern<\/a> Informationen wie die Anzahl der Besucher der Website, die Anzahl der einzelnen Besucher, welche Seiten der Website besucht wurden, die Quelle des Besuchs usw. <a href=\"https:\/\/www.prairiewind.ch\/newone\/produkt\/herb-halate-zuni-baer-mit-buendel\/\" data-wpil-monitor-id=\"1893\">Diese Daten helfen uns zu verstehen und<\/a> zu analysieren, wie gut die Website funktioniert und wo sie verbessert werden muss.\u00a0Funktional: Dies sind die Cookies, <a href=\"https:\/\/www.prairiewind.ch\/newone\/native-american-fiction\/\" data-wpil-monitor-id=\"1697\">die bestimmte nicht-essentielle Funktionen auf unserer Website<\/a> unterst\u00fctzen. Zu diesen Funktionen geh\u00f6ren das Einbetten von Inhalten wie Videos oder das Teilen von Inhalten der Website auf Social-Media-Plattformen.\u00a0Pr\u00e4ferenzen: Diese Cookies helfen uns, deine Einstellungen und Browsing-Pr\u00e4ferenzen wie Spracheinstellungen zu speichern, <a href=\"\/\" data-wpil-monitor-id=\"1481\">damit du bei zuk\u00fcnftigen Besuchen der Website<\/a> ein besseres und effizienteres Erlebnis hast.[cookie_audit columns=\u201dCookie,Beschreibung\u201d heading=\u201dIn der folgenden Liste sind die auf unserer Website verwendeten Cookies aufgef\u00fchrt.\u201d]<\/div>\t\t\t\t\t\t\t\t<\/div>\n\t\t\t\t<\/div>\n\t\t\t\t<div class=\"elementor-element elementor-element-069abe0 elementor-widget elementor-widget-heading\" data-id=\"069abe0\" data-element_type=\"widget\" data-e-type=\"widget\" data-widget_type=\"heading.default\">\n\t\t\t\t<div class=\"elementor-widget-container\">\n\t\t\t\t\t<h3 class=\"elementor-heading-title elementor-size-default\">Wie kann ich die Cookie-Einstellungen kontrollieren?\n<\/h3>\t\t\t\t<\/div>\n\t\t\t\t<\/div>\n\t\t\t\t<div class=\"elementor-element elementor-element-29ba314 elementor-widget elementor-widget-text-editor\" data-id=\"29ba314\" data-element_type=\"widget\" data-e-type=\"widget\" data-widget_type=\"text-editor.default\">\n\t\t\t\t<div class=\"elementor-widget-container\">\n\t\t\t\t\t\t\t\t\t<div id=\"content\" class=\"content-area page-wrapper\" role=\"main\"><div class=\"row row-main\"><div class=\"large-12 col\"><div class=\"col-inner\"><div class=\"cli_pg_page_contaner\"><div>Sollten Sie Ihre Pr\u00e4ferenzen zu einem sp\u00e4teren Zeitpunkt <a href=\"https:\/\/www.prairiewind.ch\/newone\/produkt\/haarspange-brokeshoulder-shawnee\/\" data-wpil-monitor-id=\"678\">\u00e4ndern<\/a> wollen, k\u00f6nnen Sie auf die Registerkarte \u201cEinwilligung verwalten\u201d auf Ihrem Bildschirm klicken. Dadurch wird der Hinweis auf die Einwilligung erneut angezeigt, so dass Sie Ihre Einstellungen <a href=\"https:\/\/www.prairiewind.ch\/newone\/produkt\/012004-betty-rodriguez-kewa-halskette\/\" data-wpil-monitor-id=\"691\">\u00e4ndern<\/a> oder Ihre Einwilligung vollst\u00e4ndig widerrufen k\u00f6nnen.\u00a0<a href=\"https:\/\/www.prairiewind.ch\/newone\/about-us\/\" data-wpil-monitor-id=\"1708\">Dar\u00fcber hinaus bieten die verschiedenen Browser unterschiedliche Methoden zum Blockieren und<\/a> L\u00f6schen von Cookies, die von Websites verwendet werden. Sie k\u00f6nnen die Einstellungen Ihres Browsers <a href=\"https:\/\/www.prairiewind.ch\/newone\/produkt\/peggy-leekya-zuni-mosaic-inlay-ohrschmuck\/\" data-wpil-monitor-id=\"719\">\u00e4ndern<\/a>, um die Cookies zu blockieren\/l\u00f6schen. Weitere <a href=\"https:\/\/www.prairiewind.ch\/newone\/links-3\/\" data-wpil-monitor-id=\"569\">Informationen \u00fcber<\/a> die Verwaltung und L\u00f6schung von Cookies finden Sie unter wikipedia.org, www.allaboutcookies.org.<\/div><\/div><\/div><\/div><\/div><\/div>\t\t\t\t\t\t\t\t<\/div>\n\t\t\t\t<\/div>\n\t\t\t\t\t<\/div>\n\t\t<\/div>\n\t\t\t\t\t<\/div>\n\t\t<\/section>\n\t\t\t\t<\/div>\n\t\t","protected":false},"excerpt":{"rendered":"<p>Diese Cookie-Richtlinie erkl\u00e4rt, was Cookies sind und wie wir sie verwenden, welche Arten von Cookies wir verwenden, welche Informationen wir mit Hilfe von Cookies sammeln und wie diese Informationen verwendet werden, und wie Sie die Cookie-Einstellungen steuern k\u00f6nnen.<\/p>\n","protected":false},"author":2,"featured_media":0,"parent":0,"menu_order":0,"comment_status":"closed","ping_status":"closed","template":"elementor_header_footer","meta":{"_uag_custom_page_level_css":"","site-sidebar-layout":"default","site-content-layout":"","ast-site-content-layout":"default","site-content-style":"default","site-sidebar-style":"default","ast-global-header-display":"","ast-banner-title-visibility":"","ast-main-header-display":"","ast-hfb-above-header-display":"","ast-hfb-below-header-display":"","ast-hfb-mobile-header-display":"","site-post-title":"","ast-breadcrumbs-content":"","ast-featured-img":"","footer-sml-layout":"","ast-disable-related-posts":"","theme-transparent-header-meta":"","adv-header-id-meta":"","stick-header-meta":"","header-above-stick-meta":"","header-main-stick-meta":"","header-below-stick-meta":"","astra-migrate-meta-layouts":"default","ast-page-background-enabled":"default","ast-page-background-meta":{"desktop":{"background-color":"var(--ast-global-color-4)","background-image":"","background-repeat":"repeat","background-position":"center center","background-size":"auto","background-attachment":"scroll","background-type":"","background-media":"","overlay-type":"","overlay-color":"","overlay-opacity":"","overlay-gradient":""},"tablet":{"background-color":"","background-image":"","background-repeat":"repeat","background-position":"center center","background-size":"auto","background-attachment":"scroll","background-type":"","background-media":"","overlay-type":"","overlay-color":"","overlay-opacity":"","overlay-gradient":""},"mobile":{"background-color":"","background-image":"","background-repeat":"repeat","background-position":"center center","background-size":"auto","background-attachment":"scroll","background-type":"","background-media":"","overlay-type":"","overlay-color":"","overlay-opacity":"","overlay-gradient":""}},"ast-content-background-meta":{"desktop":{"background-color":"var(--ast-global-color-5)","background-image":"","background-repeat":"repeat","background-position":"center center","background-size":"auto","background-attachment":"scroll","background-type":"","background-media":"","overlay-type":"","overlay-color":"","overlay-opacity":"","overlay-gradient":""},"tablet":{"background-color":"var(--ast-global-color-5)","background-image":"","background-repeat":"repeat","background-position":"center center","background-size":"auto","background-attachment":"scroll","background-type":"","background-media":"","overlay-type":"","overlay-color":"","overlay-opacity":"","overlay-gradient":""},"mobile":{"background-color":"var(--ast-global-color-5)","background-image":"","background-repeat":"repeat","background-position":"center center","background-size":"auto","background-attachment":"scroll","background-type":"","background-media":"","overlay-type":"","overlay-color":"","overlay-opacity":"","overlay-gradient":""}},"footnotes":""},"class_list":["post-16657","page","type-page","status-publish","hentry"],"uagb_featured_image_src":{"full":false,"thumbnail":false,"medium":false,"medium_large":false,"large":false,"1536x1536":false,"2048x2048":false,"hero-banner":false,"category-thumb":false,"woocommerce_thumbnail":false,"woocommerce_single":false,"woocommerce_gallery_thumbnail":false},"uagb_author_info":{"display_name":"Kurt Weissen","author_link":"https:\/\/www.prairiewind.ch\/newone\/author\/kurt-weissen\/"},"uagb_comment_info":0,"uagb_excerpt":"Diese Cookie-Richtlinie erkl\u00e4rt, was Cookies sind und wie wir sie verwenden, welche Arten von Cookies wir verwenden, welche Informationen wir mit Hilfe von Cookies sammeln und wie diese Informationen verwendet werden, und wie Sie die Cookie-Einstellungen steuern k\u00f6nnen.","_links":{"self":[{"href":"https:\/\/www.prairiewind.ch\/newone\/wp-json\/wp\/v2\/pages\/16657","targetHints":{"allow":["GET"]}}],"collection":[{"href":"https:\/\/www.prairiewind.ch\/newone\/wp-json\/wp\/v2\/pages"}],"about":[{"href":"https:\/\/www.prairiewind.ch\/newone\/wp-json\/wp\/v2\/types\/page"}],"author":[{"embeddable":true,"href":"https:\/\/www.prairiewind.ch\/newone\/wp-json\/wp\/v2\/users\/2"}],"replies":[{"embeddable":true,"href":"https:\/\/www.prairiewind.ch\/newone\/wp-json\/wp\/v2\/comments?post=16657"}],"version-history":[{"count":1,"href":"https:\/\/www.prairiewind.ch\/newone\/wp-json\/wp\/v2\/pages\/16657\/revisions"}],"predecessor-version":[{"id":112076,"href":"https:\/\/www.prairiewind.ch\/newone\/wp-json\/wp\/v2\/pages\/16657\/revisions\/112076"}],"wp:attachment":[{"href":"https:\/\/www.prairiewind.ch\/newone\/wp-json\/wp\/v2\/media?parent=16657"}],"curies":[{"name":"wp","href":"https:\/\/api.w.org\/{rel}","templated":true}]}}