{"id":1430,"date":"2018-12-12T20:01:41","date_gmt":"2018-12-12T19:01:41","guid":{"rendered":"https:\/\/www.prairiewind.ch\/newone\/?page_id=1430"},"modified":"2026-01-12T08:22:26","modified_gmt":"2026-01-12T06:22:26","slug":"gutscheine","status":"publish","type":"page","link":"https:\/\/www.prairiewind.ch\/newone\/gutscheine\/","title":{"rendered":"Gutscheine zum Einkauf bei prairie wind"},"content":{"rendered":"\t\t<div data-elementor-type=\"wp-page\" data-elementor-id=\"1430\" class=\"elementor elementor-1430\" data-elementor-post-type=\"page\">\n\t\t\t\t\t\t<section class=\"elementor-section elementor-top-section elementor-element elementor-element-0eed6c4 elementor-section-stretched elementor-section-boxed elementor-section-height-default elementor-section-height-default\" data-id=\"0eed6c4\" data-element_type=\"section\" data-e-type=\"section\" data-settings=\"{&quot;stretch_section&quot;:&quot;section-stretched&quot;}\">\n\t\t\t\t\t\t<div class=\"elementor-container elementor-column-gap-default\">\n\t\t\t\t\t<div class=\"elementor-column elementor-col-100 elementor-top-column elementor-element elementor-element-4542a32\" data-id=\"4542a32\" data-element_type=\"column\" data-e-type=\"column\">\n\t\t\t<div class=\"elementor-widget-wrap elementor-element-populated\">\n\t\t\t\t\t\t<div class=\"elementor-element elementor-element-0c33468 elementor-widget elementor-widget-heading\" data-id=\"0c33468\" data-element_type=\"widget\" data-e-type=\"widget\" data-widget_type=\"heading.default\">\n\t\t\t\t<div class=\"elementor-widget-container\">\n\t\t\t\t\t<h1 class=\"elementor-heading-title elementor-size-default\">Gutscheine zum Einkauf bei prairie wind\n<\/h1>\t\t\t\t<\/div>\n\t\t\t\t<\/div>\n\t\t\t\t<section class=\"elementor-section elementor-inner-section elementor-element elementor-element-724b267 elementor-section-boxed elementor-section-height-default elementor-section-height-default\" data-id=\"724b267\" data-element_type=\"section\" data-e-type=\"section\">\n\t\t\t\t\t\t<div class=\"elementor-container elementor-column-gap-default\">\n\t\t\t\t\t<div class=\"elementor-column elementor-col-50 elementor-inner-column elementor-element elementor-element-6a8c062\" data-id=\"6a8c062\" data-element_type=\"column\" data-e-type=\"column\" data-settings=\"{&quot;background_background&quot;:&quot;classic&quot;}\">\n\t\t\t<div class=\"elementor-widget-wrap elementor-element-populated\">\n\t\t\t\t\t\t<div class=\"elementor-element elementor-element-f2af5bd elementor-widget elementor-widget-image\" data-id=\"f2af5bd\" data-element_type=\"widget\" data-e-type=\"widget\" data-widget_type=\"image.default\">\n\t\t\t\t<div class=\"elementor-widget-container\">\n\t\t\t\t\t\t\t\t\t\t\t\t\t\t\t<img fetchpriority=\"high\" decoding=\"async\" width=\"251\" height=\"251\" src=\"https:\/\/www.prairiewind.ch\/newone\/wp-content\/uploads\/2024\/09\/GIft-Card-251x251-1.webp\" class=\"attachment-large size-large wp-image-17195\" alt=\"\" srcset=\"https:\/\/www.prairiewind.ch\/newone\/wp-content\/uploads\/2024\/09\/GIft-Card-251x251-1.webp 251w, https:\/\/www.prairiewind.ch\/newone\/wp-content\/uploads\/2024\/09\/GIft-Card-251x251-1-150x150.webp 150w, https:\/\/www.prairiewind.ch\/newone\/wp-content\/uploads\/2024\/09\/GIft-Card-251x251-1-100x100.webp 100w\" sizes=\"(max-width: 251px) 100vw, 251px\" title=\"\">\t\t\t\t\t\t\t\t\t\t\t\t\t\t\t<\/div>\n\t\t\t\t<\/div>\n\t\t\t\t\t<\/div>\n\t\t<\/div>\n\t\t\t\t<div class=\"elementor-column elementor-col-50 elementor-inner-column elementor-element elementor-element-cf3f20a\" data-id=\"cf3f20a\" data-element_type=\"column\" data-e-type=\"column\">\n\t\t\t<div class=\"elementor-widget-wrap\">\n\t\t\t\t\t\t\t<\/div>\n\t\t<\/div>\n\t\t\t\t\t<\/div>\n\t\t<\/section>\n\t\t\t\t<div class=\"elementor-element elementor-element-9364675 gm-text-col-2 elementor-widget elementor-widget-text-editor\" data-id=\"9364675\" data-element_type=\"widget\" data-e-type=\"widget\" data-widget_type=\"text-editor.default\">\n\t\t\t\t<div class=\"elementor-widget-container\">\n\t\t\t\t\t\t\t\t\t<p>Im Onlineshop von prairie wind finden Sie eine grosse Zahl von sch\u00f6nen Sachen, die m\u00f6glicherweise einer zu beschenkenden Person grosse Freude machen w\u00fcrden. Aber was genau ist das Richtige? In vielen F\u00e4llen ist ein Geschenkgutschein die beste L\u00f6sung. So kann der oder die Beschenkte selber ausw\u00e4hlen.<\/p><p>Sie k\u00f6nnen bei\u00a0<strong><a href=\"https:\/\/www.prairiewind.ch\/newone\/\">prairie wind gerne<\/a><\/strong>\u00a0Gutscheine zum Einkauf in H\u00f6he eines beliebigen Betrages kaufen und an Ihre Freunde und Verwandten weitergeben. Diese k\u00f6nnen bei K\u00e4ufen im\u00a0<a href=\"https:\/\/www.prairiewind.ch\/newone\/warenkorb\/\" data-wpil-monitor-id=\"5\">Onlineshop<\/a>\u00a0oder bei telefonischen Bestellungen an Zahlung gegeben werden.<\/p><p>Gerne verschicke ich den Gutschein in Ihrem Auftrag direkt an die gl\u00fcckliche Person, der Sie eine Freude machen m\u00f6chten.<\/p><p>Der Gutschein wird originell verpackt, denn er wird mit <a href=\"https:\/\/www.prairiewind.ch\/newone\/kulturelle-aneignung\/\" data-wpil-monitor-id=\"601\">indianischem<\/a> Salbei aufgewertet.<\/p><p>Falls Sie in Eile sind, kann ich Ihnen auch einfach einen Code mit einer Email zusenden. Diesen k\u00f6nnen Sie dann direkt weiterleiten.<\/p><p>Rufen Sie mich an:\u00a0<a href=\"tel:+41612614366\">+41 61 261 43 66<\/a>\u00a0oder schreiben Sie eine Email an\u00a0mail @ prairiewind. ch.<\/p>\t\t\t\t\t\t\t\t<\/div>\n\t\t\t\t<\/div>\n\t\t\t\t<div class=\"elementor-element elementor-element-5204281 elementor-widget elementor-widget-heading\" data-id=\"5204281\" data-element_type=\"widget\" data-e-type=\"widget\" data-widget_type=\"heading.default\">\n\t\t\t\t<div class=\"elementor-widget-container\">\n\t\t\t\t\t<h2 class=\"elementor-heading-title elementor-size-default\">Gutscheine bereiten Freude und helfen gleichzeitig den Indianern\n<\/h2>\t\t\t\t<\/div>\n\t\t\t\t<\/div>\n\t\t\t\t<div class=\"elementor-element elementor-element-973b50a gm-text-col-2 elementor-widget elementor-widget-text-editor\" data-id=\"973b50a\" data-element_type=\"widget\" data-e-type=\"widget\" data-widget_type=\"text-editor.default\">\n\t\t\t\t<div class=\"elementor-widget-container\">\n\t\t\t\t\t\t\t\t\tMit\u00a0Geschenkgutscheinen zum Einkauf im Onlineshop machen Sie Freundinnen und Freunden der\u00a0<a href=\"https:\/\/www.prairiewind.ch\/newone\/begriff-indianer\/\">indianischen Kultur<\/a>\u00a0eine grosse Freude. Gleichzeitig helfen Sie den <a href=\"https:\/\/www.prairiewind.ch\/newone\/fairer-handel\/\"  data-wpil-monitor-id=\"323\">Native Americans<\/a> (Indianer) durch den Erwerb ihrer Produkte, das Elend auf den Reservaten ein klein wenig zu lindern.\n<div>\n\nDas Trauma und die Verfolgung, die die \u00e4lteren Generationen der Ureinwohner erdulden mussten, f\u00fchrten zu einem Zusammenbruch der indigenen Familien- und Stammesstruktur und zu einer Schw\u00e4chung der spirituellen Bindungen. Viele Natives, die Internate besuchten, verloren durch die erzwungene Besch\u00e4mung ihrer kulturellen Identit\u00e4t ihr Selbstbewusstsein. Infolgedessen wuchsen ihre Kinder mit einem geringen Bewusstsein f\u00fcr ihr indigenes Erbe auf und wurden von <a href=\"https:\/\/www.prairiewind.ch\/newone\/produkt\/anderson-koinva-hopi-armreif-mit-regenmotiven\/\"  data-wpil-monitor-id=\"1982\">ihrem<\/a> Stammeswissen abgekoppelt.\n\n<\/div>\t\t\t\t\t\t\t\t<\/div>\n\t\t\t\t<\/div>\n\t\t\t\t<div class=\"elementor-element elementor-element-d41ecc2 elementor-widget elementor-widget-heading\" data-id=\"d41ecc2\" data-element_type=\"widget\" data-e-type=\"widget\" data-widget_type=\"heading.default\">\n\t\t\t\t<div class=\"elementor-widget-container\">\n\t\t\t\t\t<h3 class=\"elementor-heading-title elementor-size-default\">Unterst\u00fctzen Sie auch \u201cRunning strong\u201d\n<\/h3>\t\t\t\t<\/div>\n\t\t\t\t<\/div>\n\t\t\t\t<section class=\"elementor-section elementor-inner-section elementor-element elementor-element-80a6478 elementor-section-boxed elementor-section-height-default elementor-section-height-default\" data-id=\"80a6478\" data-element_type=\"section\" data-e-type=\"section\">\n\t\t\t\t\t\t<div class=\"elementor-container elementor-column-gap-default\">\n\t\t\t\t\t<div class=\"elementor-column elementor-col-50 elementor-inner-column elementor-element elementor-element-a4e333e\" data-id=\"a4e333e\" data-element_type=\"column\" data-e-type=\"column\" data-settings=\"{&quot;background_background&quot;:&quot;classic&quot;}\">\n\t\t\t<div class=\"elementor-widget-wrap elementor-element-populated\">\n\t\t\t\t\t\t<div class=\"elementor-element elementor-element-e0e6338 elementor-widget elementor-widget-image\" data-id=\"e0e6338\" data-element_type=\"widget\" data-e-type=\"widget\" data-widget_type=\"image.default\">\n\t\t\t\t<div class=\"elementor-widget-container\">\n\t\t\t\t\t\t\t\t\t\t\t\t\t\t\t<img decoding=\"async\" width=\"300\" height=\"60\" src=\"https:\/\/www.prairiewind.ch\/newone\/wp-content\/uploads\/2024\/09\/RunningStrong-Logo-300x60-1.png\" class=\"attachment-large size-large wp-image-17196\" alt=\"\" srcset=\"https:\/\/www.prairiewind.ch\/newone\/wp-content\/uploads\/2024\/09\/RunningStrong-Logo-300x60-1.png 300w, https:\/\/www.prairiewind.ch\/newone\/wp-content\/uploads\/2024\/09\/RunningStrong-Logo-300x60-1-251x50.png 251w\" sizes=\"(max-width: 300px) 100vw, 300px\" title=\"\">\t\t\t\t\t\t\t\t\t\t\t\t\t\t\t<\/div>\n\t\t\t\t<\/div>\n\t\t\t\t\t<\/div>\n\t\t<\/div>\n\t\t\t\t<div class=\"elementor-column elementor-col-50 elementor-inner-column elementor-element elementor-element-d063772\" data-id=\"d063772\" data-element_type=\"column\" data-e-type=\"column\">\n\t\t\t<div class=\"elementor-widget-wrap\">\n\t\t\t\t\t\t\t<\/div>\n\t\t<\/div>\n\t\t\t\t\t<\/div>\n\t\t<\/section>\n\t\t\t\t<div class=\"elementor-element elementor-element-8175076 elementor-widget elementor-widget-text-editor\" data-id=\"8175076\" data-element_type=\"widget\" data-e-type=\"widget\" data-widget_type=\"text-editor.default\">\n\t\t\t\t<div class=\"elementor-widget-container\">\n\t\t\t\t\t\t\t\t\t<main id=\"main\" class=\"\"><\/main><div id=\"content\" class=\"content-area page-wrapper\" role=\"main\"><div class=\"row row-main\"><div class=\"large-12 col\"><div class=\"col-inner\"><div>Heute lassen viele St\u00e4mme in den Vereinigten Staaten ihre Traditionen und <a href=\"https:\/\/www.prairiewind.ch\/newone\/produkt\/amelia-cordell-dakota-mini-traumfaenger-mit-brauner-feder-2\/\" data-wpil-monitor-id=\"1791\">Kulturen<\/a> wieder aufleben. Im Mittelpunkt dieser kulturellen Renaissance steht die Bedeutung von Sprache und Zeremonien. Eine Reihe von St\u00e4mmen haben Sprachlernprogramme ins Leben gerufen, <a href=\"https:\/\/www.prairiewind.ch\/newone\/produkt\/paul-coriz-anhaenger-mosaic-inlay\/\" data-wpil-monitor-id=\"1954\">um ihre Stammesdialekte zu bewahren und<\/a> an k\u00fcnftige Generationen weiterzugeben. Zeremonien wurden wieder praktiziert, lokale Radiosender begannen, in indigenen Sprachen zu senden, Pow-Wows wurden zu einem stammes\u00fcbergreifenden Treffpunkt und einer neuen indigenen Generation wird beigebracht, <a href=\"https:\/\/www.prairiewind.ch\/newone\/produkt\/charlotte-percy-reano-kewa-ohrhaenger\/\" data-wpil-monitor-id=\"1860\">mit W\u00fcrde<\/a>, Charakter und Stolz zu leben. Alle St\u00e4mme haben eine reiche <a href=\"https:\/\/www.prairiewind.ch\/newone\/produkt\/oh-02-ohrhaenger\/\" data-wpil-monitor-id=\"1876\">Kultur<\/a>, die in der Sprache oder in Zeremonien begr\u00fcndet ist und die Amerika als Nation heute st\u00e4rkt. Obwohl die indianischen Kulturen damit zu k\u00e4mpfen haben, das sich st\u00e4ndig ver\u00e4ndernde Verh\u00e4ltnis zwischen Selbstbestimmung und Selbsterhaltung zu \u00fcberleben, bleiben sie lebendig und widerstandsf\u00e4hig wie eh und je.<\/div><\/div><\/div><\/div><\/div><p>\u00a0<\/p>\t\t\t\t\t\t\t\t<\/div>\n\t\t\t\t<\/div>\n\t\t\t\t\t<\/div>\n\t\t<\/div>\n\t\t\t\t\t<\/div>\n\t\t<\/section>\n\t\t\t\t<\/div>\n\t\t","protected":false},"excerpt":{"rendered":"<p>Gutscheine zum Einkauf bei prairie wind<\/p>\n","protected":false},"author":2,"featured_media":0,"parent":0,"menu_order":0,"comment_status":"closed","ping_status":"closed","template":"elementor_header_footer","meta":{"_uag_custom_page_level_css":"","site-sidebar-layout":"default","site-content-layout":"","ast-site-content-layout":"default","site-content-style":"default","site-sidebar-style":"default","ast-global-header-display":"","ast-banner-title-visibility":"","ast-main-header-display":"","ast-hfb-above-header-display":"","ast-hfb-below-header-display":"","ast-hfb-mobile-header-display":"","site-post-title":"","ast-breadcrumbs-content":"","ast-featured-img":"","footer-sml-layout":"","ast-disable-related-posts":"","theme-transparent-header-meta":"","adv-header-id-meta":"","stick-header-meta":"","header-above-stick-meta":"","header-main-stick-meta":"","header-below-stick-meta":"","astra-migrate-meta-layouts":"default","ast-page-background-enabled":"default","ast-page-background-meta":{"desktop":{"background-color":"var(--ast-global-color-4)","background-image":"","background-repeat":"repeat","background-position":"center center","background-size":"auto","background-attachment":"scroll","background-type":"","background-media":"","overlay-type":"","overlay-color":"","overlay-opacity":"","overlay-gradient":""},"tablet":{"background-color":"","background-image":"","background-repeat":"repeat","background-position":"center center","background-size":"auto","background-attachment":"scroll","background-type":"","background-media":"","overlay-type":"","overlay-color":"","overlay-opacity":"","overlay-gradient":""},"mobile":{"background-color":"","background-image":"","background-repeat":"repeat","background-position":"center center","background-size":"auto","background-attachment":"scroll","background-type":"","background-media":"","overlay-type":"","overlay-color":"","overlay-opacity":"","overlay-gradient":""}},"ast-content-background-meta":{"desktop":{"background-color":"var(--ast-global-color-5)","background-image":"","background-repeat":"repeat","background-position":"center center","background-size":"auto","background-attachment":"scroll","background-type":"","background-media":"","overlay-type":"","overlay-color":"","overlay-opacity":"","overlay-gradient":""},"tablet":{"background-color":"var(--ast-global-color-5)","background-image":"","background-repeat":"repeat","background-position":"center center","background-size":"auto","background-attachment":"scroll","background-type":"","background-media":"","overlay-type":"","overlay-color":"","overlay-opacity":"","overlay-gradient":""},"mobile":{"background-color":"var(--ast-global-color-5)","background-image":"","background-repeat":"repeat","background-position":"center center","background-size":"auto","background-attachment":"scroll","background-type":"","background-media":"","overlay-type":"","overlay-color":"","overlay-opacity":"","overlay-gradient":""}},"footnotes":""},"class_list":["post-1430","page","type-page","status-publish","hentry"],"uagb_featured_image_src":{"full":false,"thumbnail":false,"medium":false,"medium_large":false,"large":false,"1536x1536":false,"2048x2048":false,"hero-banner":false,"category-thumb":false,"woocommerce_thumbnail":false,"woocommerce_single":false,"woocommerce_gallery_thumbnail":false},"uagb_author_info":{"display_name":"Kurt Weissen","author_link":"https:\/\/www.prairiewind.ch\/newone\/author\/kurt-weissen\/"},"uagb_comment_info":0,"uagb_excerpt":"Gutscheine zum Einkauf bei prairie wind","_links":{"self":[{"href":"https:\/\/www.prairiewind.ch\/newone\/wp-json\/wp\/v2\/pages\/1430","targetHints":{"allow":["GET"]}}],"collection":[{"href":"https:\/\/www.prairiewind.ch\/newone\/wp-json\/wp\/v2\/pages"}],"about":[{"href":"https:\/\/www.prairiewind.ch\/newone\/wp-json\/wp\/v2\/types\/page"}],"author":[{"embeddable":true,"href":"https:\/\/www.prairiewind.ch\/newone\/wp-json\/wp\/v2\/users\/2"}],"replies":[{"embeddable":true,"href":"https:\/\/www.prairiewind.ch\/newone\/wp-json\/wp\/v2\/comments?post=1430"}],"version-history":[{"count":1,"href":"https:\/\/www.prairiewind.ch\/newone\/wp-json\/wp\/v2\/pages\/1430\/revisions"}],"predecessor-version":[{"id":91771,"href":"https:\/\/www.prairiewind.ch\/newone\/wp-json\/wp\/v2\/pages\/1430\/revisions\/91771"}],"wp:attachment":[{"href":"https:\/\/www.prairiewind.ch\/newone\/wp-json\/wp\/v2\/media?parent=1430"}],"curies":[{"name":"wp","href":"https:\/\/api.w.org\/{rel}","templated":true}]}}