{"id":119,"date":"2018-11-17T18:31:51","date_gmt":"2018-11-17T17:31:51","guid":{"rendered":"https:\/\/www.prairiewind.ch\/newone\/?page_id=119"},"modified":"2026-01-09T17:30:25","modified_gmt":"2026-01-09T15:30:25","slug":"fairer-handel","status":"publish","type":"page","link":"https:\/\/www.prairiewind.ch\/newone\/fairer-handel\/","title":{"rendered":"Ethische Grundlagen"},"content":{"rendered":"\t\t<div data-elementor-type=\"wp-page\" data-elementor-id=\"119\" class=\"elementor elementor-119\" data-elementor-post-type=\"page\">\n\t\t\t\t\t\t<section class=\"elementor-section elementor-top-section elementor-element elementor-element-1ae55539 elementor-section-stretched elementor-section-boxed elementor-section-height-default elementor-section-height-default\" data-id=\"1ae55539\" data-element_type=\"section\" data-e-type=\"section\" data-settings=\"{&quot;stretch_section&quot;:&quot;section-stretched&quot;}\">\n\t\t\t\t\t\t<div class=\"elementor-container elementor-column-gap-default\">\n\t\t\t\t\t<div class=\"elementor-column elementor-col-100 elementor-top-column elementor-element elementor-element-6b85cc1f\" data-id=\"6b85cc1f\" data-element_type=\"column\" data-e-type=\"column\">\n\t\t\t<div class=\"elementor-widget-wrap elementor-element-populated\">\n\t\t\t\t\t\t<div class=\"elementor-element elementor-element-24b64e37 elementor-widget elementor-widget-heading\" data-id=\"24b64e37\" data-element_type=\"widget\" data-e-type=\"widget\" data-widget_type=\"heading.default\">\n\t\t\t\t<div class=\"elementor-widget-container\">\n\t\t\t\t\t<h1 class=\"elementor-heading-title elementor-size-default\">Grunds\u00e4tze der Gesch\u00e4ftspolitik: fairer Handel mit den Native Americans\n<\/h1>\t\t\t\t<\/div>\n\t\t\t\t<\/div>\n\t\t\t\t<div class=\"elementor-element elementor-element-3ad988d2 elementor-widget elementor-widget-heading\" data-id=\"3ad988d2\" data-element_type=\"widget\" data-e-type=\"widget\" data-widget_type=\"heading.default\">\n\t\t\t\t<div class=\"elementor-widget-container\">\n\t\t\t\t\t<h2 class=\"elementor-heading-title elementor-size-default\">\u00dcber prairie wind\n<\/h2>\t\t\t\t<\/div>\n\t\t\t\t<\/div>\n\t\t\t\t<div class=\"elementor-element elementor-element-7faf5b43 gm-text-col-2 elementor-widget elementor-widget-text-editor\" data-id=\"7faf5b43\" data-element_type=\"widget\" data-e-type=\"widget\" data-widget_type=\"text-editor.default\">\n\t\t\t\t<div class=\"elementor-widget-container\">\n\t\t\t\t\t\t\t\t\t<p>prairie wind wurde am 13. Oktober 2000 von iris herzig gegr\u00fcndet, nachdem sie w\u00e4hrend vielen Reisen nach South Dakota, New Mexico und Arizona Freundschaften mit vielen Native Americans schliessen konnte. Viele davon z\u00e4hlen zu den besten K\u00fcnstlerinnen und K\u00fcnstlern traditionellen Schmucks und Kunsthandwerks. <a href=\"https:\/\/www.prairiewind.ch\/newone\/produkt\/barry-johnson-lakota-echsen-amulett\/\" data-wpil-monitor-id=\"863\">Das Ladengesch\u00e4ft am Petersgraben 15 in Basel wurde genau<\/a>\u00a0nach zwanzig Jahren geschlossen.\u00a0<a href=\"https:\/\/www.prairiewind.ch\/newone\/produkt\/gashwazra-hopi-overlay-ohrstecker\/\" data-wpil-monitor-id=\"264\">prairie wind<\/a>\u00a0existiert aber als Onlineshop\u00a0weiter und gilt in Europa als eine der wichtigsten Referenzen f\u00fcr authentische Produkte der Native Americans.<\/p>\t\t\t\t\t\t\t\t<\/div>\n\t\t\t\t<\/div>\n\t\t\t\t<div class=\"elementor-element elementor-element-1194dfb4 elementor-widget elementor-widget-heading\" data-id=\"1194dfb4\" data-element_type=\"widget\" data-e-type=\"widget\" data-widget_type=\"heading.default\">\n\t\t\t\t<div class=\"elementor-widget-container\">\n\t\t\t\t\t<h2 class=\"elementor-heading-title elementor-size-default\">prairie wind handelt in seinem Onlineshop nach folgenden Prinzipien<\/h2>\t\t\t\t<\/div>\n\t\t\t\t<\/div>\n\t\t\t\t<div class=\"elementor-element elementor-element-58c43de0 elementor-widget elementor-widget-text-editor\" data-id=\"58c43de0\" data-element_type=\"widget\" data-e-type=\"widget\" data-widget_type=\"text-editor.default\">\n\t\t\t\t<div class=\"elementor-widget-container\">\n\t\t\t\t\t\t\t\t\t<ul><li>Alle Waren werden direkt bei Native\u00a0<a href=\"https:\/\/www.prairiewind.ch\/newone\/books-native-americans\/\" data-wpil-monitor-id=\"2091\">Americans<\/a>\u00a0eingekauft: bei indianischen K\u00fcnstlerinnen und K\u00fcnstlern, Genossenschaften und \u201cnative owned\u201d Gesch\u00e4ften.<\/li><li>Dadurch\u00a0<a href=\"https:\/\/www.prairiewind.ch\/newone\/produkt\/ronnie-lunasee-zuni-bergloewe\/\" data-wpil-monitor-id=\"2271\">wird die indianische<\/a>\u00a0Herkunft sichergestellt.<\/li><li>Durch das Ausschalten des weissen Zwischenhandels wird das Zahlen eines h\u00f6heren\u00a0<a href=\"https:\/\/www.prairiewind.ch\/newone\/produkt\/antone-honanie-hopi-longhair-kachina-anhanger\/\" data-wpil-monitor-id=\"2210\">Einkaufspreises an die K\u00fcnstler<\/a>\u00a0erm\u00f6glicht.<\/li><li>Die Ware wird bei Bestellung vollst\u00e4ndig bezahlt.<\/li><li>Mit den Erzeugern wird immer eine langfristige Zusammenarbeit gesucht.<\/li><li>Im Bedarfsfall wird den Produzenten beim Kauf der Materialien geholfen.<\/li><li>Es werden keine Gegenst\u00e4nde verkauft,\u00a0<a href=\"https:\/\/www.prairiewind.ch\/newone\/produkt\/suzette-lementino-zuni-waschbaer\/\" data-wpil-monitor-id=\"2280\">welche f\u00fcr die Indianer<\/a>\u00a0von spiritueller Bedeutung sind, wie etwa Pfeifen.<\/li><\/ul>\t\t\t\t\t\t\t\t<\/div>\n\t\t\t\t<\/div>\n\t\t\t\t\t<\/div>\n\t\t<\/div>\n\t\t\t\t\t<\/div>\n\t\t<\/section>\n\t\t\t\t<\/div>\n\t\t","protected":false},"excerpt":{"rendered":"<p>Grunds\u00e4tze der Gesch\u00e4ftspolitik: fairer Handel mit den Native Americans \u00dcber prairie wind prairie wind wurde am 13. Oktober 2000 von [&hellip;]<\/p>\n","protected":false},"author":2,"featured_media":0,"parent":0,"menu_order":0,"comment_status":"closed","ping_status":"closed","template":"elementor_header_footer","meta":{"_uag_custom_page_level_css":"","site-sidebar-layout":"default","site-content-layout":"","ast-site-content-layout":"default","site-content-style":"default","site-sidebar-style":"default","ast-global-header-display":"","ast-banner-title-visibility":"","ast-main-header-display":"","ast-hfb-above-header-display":"","ast-hfb-below-header-display":"","ast-hfb-mobile-header-display":"","site-post-title":"","ast-breadcrumbs-content":"","ast-featured-img":"","footer-sml-layout":"","ast-disable-related-posts":"","theme-transparent-header-meta":"default","adv-header-id-meta":"","stick-header-meta":"","header-above-stick-meta":"","header-main-stick-meta":"","header-below-stick-meta":"","astra-migrate-meta-layouts":"set","ast-page-background-enabled":"default","ast-page-background-meta":{"desktop":{"background-color":"var(--ast-global-color-4)","background-image":"","background-repeat":"repeat","background-position":"center center","background-size":"auto","background-attachment":"scroll","background-type":"","background-media":"","overlay-type":"","overlay-color":"","overlay-opacity":"","overlay-gradient":""},"tablet":{"background-color":"","background-image":"","background-repeat":"repeat","background-position":"center center","background-size":"auto","background-attachment":"scroll","background-type":"","background-media":"","overlay-type":"","overlay-color":"","overlay-opacity":"","overlay-gradient":""},"mobile":{"background-color":"","background-image":"","background-repeat":"repeat","background-position":"center center","background-size":"auto","background-attachment":"scroll","background-type":"","background-media":"","overlay-type":"","overlay-color":"","overlay-opacity":"","overlay-gradient":""}},"ast-content-background-meta":{"desktop":{"background-color":"var(--ast-global-color-5)","background-image":"","background-repeat":"repeat","background-position":"center center","background-size":"auto","background-attachment":"scroll","background-type":"","background-media":"","overlay-type":"","overlay-color":"","overlay-opacity":"","overlay-gradient":""},"tablet":{"background-color":"var(--ast-global-color-5)","background-image":"","background-repeat":"repeat","background-position":"center center","background-size":"auto","background-attachment":"scroll","background-type":"","background-media":"","overlay-type":"","overlay-color":"","overlay-opacity":"","overlay-gradient":""},"mobile":{"background-color":"var(--ast-global-color-5)","background-image":"","background-repeat":"repeat","background-position":"center center","background-size":"auto","background-attachment":"scroll","background-type":"","background-media":"","overlay-type":"","overlay-color":"","overlay-opacity":"","overlay-gradient":""}},"footnotes":""},"class_list":["post-119","page","type-page","status-publish","hentry"],"uagb_featured_image_src":{"full":false,"thumbnail":false,"medium":false,"medium_large":false,"large":false,"1536x1536":false,"2048x2048":false,"hero-banner":false,"category-thumb":false,"woocommerce_thumbnail":false,"woocommerce_single":false,"woocommerce_gallery_thumbnail":false},"uagb_author_info":{"display_name":"Kurt Weissen","author_link":"https:\/\/www.prairiewind.ch\/newone\/author\/kurt-weissen\/"},"uagb_comment_info":0,"uagb_excerpt":"Grunds\u00e4tze der Gesch\u00e4ftspolitik: fairer Handel mit den Native Americans \u00dcber prairie wind prairie wind wurde am 13. Oktober 2000 von [&hellip;]","_links":{"self":[{"href":"https:\/\/www.prairiewind.ch\/newone\/wp-json\/wp\/v2\/pages\/119","targetHints":{"allow":["GET"]}}],"collection":[{"href":"https:\/\/www.prairiewind.ch\/newone\/wp-json\/wp\/v2\/pages"}],"about":[{"href":"https:\/\/www.prairiewind.ch\/newone\/wp-json\/wp\/v2\/types\/page"}],"author":[{"embeddable":true,"href":"https:\/\/www.prairiewind.ch\/newone\/wp-json\/wp\/v2\/users\/2"}],"replies":[{"embeddable":true,"href":"https:\/\/www.prairiewind.ch\/newone\/wp-json\/wp\/v2\/comments?post=119"}],"version-history":[{"count":2,"href":"https:\/\/www.prairiewind.ch\/newone\/wp-json\/wp\/v2\/pages\/119\/revisions"}],"predecessor-version":[{"id":109793,"href":"https:\/\/www.prairiewind.ch\/newone\/wp-json\/wp\/v2\/pages\/119\/revisions\/109793"}],"wp:attachment":[{"href":"https:\/\/www.prairiewind.ch\/newone\/wp-json\/wp\/v2\/media?parent=119"}],"curies":[{"name":"wp","href":"https:\/\/api.w.org\/{rel}","templated":true}]}}