{"id":10804,"date":"2022-11-11T16:47:43","date_gmt":"2022-11-11T15:47:43","guid":{"rendered":"https:\/\/www.prairiewind.ch\/newone\/?page_id=10804"},"modified":"2026-01-12T08:27:58","modified_gmt":"2026-01-12T06:27:58","slug":"schmuckstile-indianer","status":"publish","type":"page","link":"https:\/\/www.prairiewind.ch\/newone\/schmuckstile-indianer\/","title":{"rendered":"Schmuckstile"},"content":{"rendered":"\t\t<div data-elementor-type=\"wp-page\" data-elementor-id=\"10804\" class=\"elementor elementor-10804\" data-elementor-post-type=\"page\">\n\t\t\t\t\t\t<section class=\"elementor-section elementor-top-section elementor-element elementor-element-3759ac7 elementor-section-stretched elementor-section-boxed elementor-section-height-default elementor-section-height-default\" data-id=\"3759ac7\" data-element_type=\"section\" data-e-type=\"section\" data-settings=\"{&quot;stretch_section&quot;:&quot;section-stretched&quot;}\">\n\t\t\t\t\t\t<div class=\"elementor-container elementor-column-gap-default\">\n\t\t\t\t\t<div class=\"elementor-column elementor-col-100 elementor-top-column elementor-element elementor-element-f5966e6\" data-id=\"f5966e6\" data-element_type=\"column\" data-e-type=\"column\">\n\t\t\t<div class=\"elementor-widget-wrap elementor-element-populated\">\n\t\t\t\t\t\t<div class=\"elementor-element elementor-element-52907d2 elementor-widget elementor-widget-heading\" data-id=\"52907d2\" data-element_type=\"widget\" data-e-type=\"widget\" data-widget_type=\"heading.default\">\n\t\t\t\t<div class=\"elementor-widget-container\">\n\t\t\t\t\t<h1 class=\"elementor-heading-title elementor-size-default\">Schmuckstile<\/h1>\t\t\t\t<\/div>\n\t\t\t\t<\/div>\n\t\t\t\t<div class=\"elementor-element elementor-element-2872645 gm-text-col-2 elementor-widget elementor-widget-text-editor\" data-id=\"2872645\" data-element_type=\"widget\" data-e-type=\"widget\" data-widget_type=\"text-editor.default\">\n\t\t\t\t<div class=\"elementor-widget-container\">\n\t\t\t\t\t\t\t\t\t<p>Die verschiedenen Native American Nations haben im Laufe ihrer langen und reichen Geschichte jeweils unverwechselbare Stile f\u00fcr die Gestaltung ihres Schmucks entwickelt. Diese einzigartigen Designs sind tief verwurzelt in den Traditionen, spirituellen \u00dcberzeugungen und der Lebensweise der jeweiligen Nationen. Jedes Schmuckst\u00fcck erz\u00e4hlt eine Geschichte, sei es durch die Auswahl der Materialien wie Silber, T\u00fcrkis, Koralle oder Muscheln, die symbolische Bedeutung der Muster oder die handwerklichen Techniken, die \u00fcber Generationen weitergegeben wurden.<\/p><p>Um mehr \u00fcber die verschiedenen Stile, Techniken und die Bedeutung von Schmuck der Native <a href=\"https:\/\/www.prairiewind.ch\/newone\/books-native-americans\/\" data-wpil-monitor-id=\"2090\">American<\/a> Nations zu erfahren, besuchen Sie die folgenden Links und tauchen Sie ein in die faszinierende Welt indigener Kunst und Kultur.<\/p><ul><li><a class=\"wpil_keyword_link\" href=\"https:\/\/www.prairiewind.ch\/newone\/produkt-kategorie\/navajo-rugs\/\"   title=\"Navajo Rugs\" data-wpil-keyword-link=\"linked\"  data-wpil-monitor-id=\"159478\">Navajo<\/a><\/li><li><a style=\"font-weight: normal;\" href=\"https:\/\/www.prairiewind.ch\/newone\/silberschmiedekunst-hopi\/\">Hopi<\/a><\/li><li><a href=\"https:\/\/www.prairiewind.ch\/newone\/silberschmiedekunst-kewa\/\">Kewa<\/a><\/li><li><a href=\"https:\/\/www.prairiewind.ch\/newone\/kunst-lakota\/\">Lakota<\/a><\/li><li><a href=\"https:\/\/www.prairiewind.ch\/newone\/silberschmiedekunst-zuni\/\">Zuni<\/a><\/li><\/ul>\t\t\t\t\t\t\t\t<\/div>\n\t\t\t\t<\/div>\n\t\t\t\t<div class=\"elementor-element elementor-element-8302e08 elementor-widget elementor-widget-heading\" data-id=\"8302e08\" data-element_type=\"widget\" data-e-type=\"widget\" data-widget_type=\"heading.default\">\n\t\t\t\t<div class=\"elementor-widget-container\">\n\t\t\t\t\t<h2 class=\"elementor-heading-title elementor-size-default\">Welchen Schmuck trugen die Indianer selbst?<\/h2>\t\t\t\t<\/div>\n\t\t\t\t<\/div>\n\t\t\t\t<div class=\"elementor-element elementor-element-35f3468 gm-text-col-2 elementor-widget elementor-widget-text-editor\" data-id=\"35f3468\" data-element_type=\"widget\" data-e-type=\"widget\" data-widget_type=\"text-editor.default\">\n\t\t\t\t<div class=\"elementor-widget-container\">\n\t\t\t\t\t\t\t\t\t<p>Die Native Americans haben geschnitztes Holz, Tierknochen, Klauen und Z\u00e4hne zu Perlen verarbeitet, die dann auf die Kleidung gen\u00e4ht oder zu <a href=\"https:\/\/www.prairiewind.ch\/newone\/produkt\/betty-rodriguez-kewa-muschelhalskette\/\"  data-wpil-monitor-id=\"2054\">Halsketten<\/a> aufgereiht wurden. T\u00fcrkis ist eines der wichtigsten <a href=\"https:\/\/www.prairiewind.ch\/newone\/produkt\/tommy-jackson-navajo-herzfoermiger-armreif\/\"  data-wpil-monitor-id=\"2219\">Materialien f\u00fcr den Schmuck<\/a> der amerikanischen Ureinwohner im S\u00fcdwesten. Tausende von St\u00fccken wurden in den St\u00e4tten der Pueblo im Chaco Canyon <a class=\"wpil_keyword_link\" href=\"https:\/\/www.prairiewind.ch\/newone\/?p=9844\"   title=\"Seite nicht gefunden\" data-wpil-keyword-link=\"linked\"  data-wpil-monitor-id=\"188960\">gefunden<\/a>.<\/p><p>Tier- und Fischknochen konnten zu kunstvollen <a href=\"https:\/\/www.prairiewind.ch\/newone\/produkt\/alvin-todacheene-navaho-silbriger-anhaenger\/\" data-wpil-monitor-id=\"409\">Anh\u00e4ngern<\/a> geschnitzt werden, w\u00e4hrend Steine, Muscheln und Korallen zu winzigen Perlen f\u00fcr Halsketten oder Kleidungsschmuck verarbeitet werden konnten. Die indianischen St\u00e4mme stellen auch heute noch wundersch\u00f6ne Schmuckst\u00fccke <a href=\"https:\/\/www.prairiewind.ch\/newone\/produkt\/harley-zephier-lakota-dakota-traumfaenger-aus-salbei\/\" data-wpil-monitor-id=\"1133\">aus modernen Materialien<\/a> wie Gold und Titan her.<\/p><p><a href=\"https:\/\/www.prairiewind.ch\/newone\/warenzoll\/\" data-wpil-monitor-id=\"1271\">Traditionelle Designs spiegeln die wichtigen Symbole<\/a>, Motive und den Glauben der Nation wider, von dem sie angefertigt werden. F\u00fcr viele Stammesv\u00f6lker, darunter auch die <a href=\"https:\/\/www.prairiewind.ch\/newone\/produkt-schlagwort\/navajo\/\" data-wpil-monitor-id=\"619\">Navajo<\/a>, hat Schmuck eine spirituelle, finanzielle oder \u00e4sthetische Bedeutung oder eine Kombination aus diesen drei Aspekten. Traditionell repr\u00e4senti<a href=\"https:\/\/www.prairiewind.ch\/newone\/produkt\/amelia-cordell-dakota-grosser-traumfaenger-mit-pferdehaar\/\" data-wpil-monitor-id=\"1608\">er<\/a>t er den Status seines Tr\u00e4gers.<\/p><p><a href=\"https:\/\/www.prairiewind.ch\/newone\/produkt\/donovan-laiwakete-zuni-wolf-mit-buendel\/\" data-wpil-monitor-id=\"1285\">Perlenstickerei war f\u00fcr die amerikanischen<\/a> Ureinwohner eine M\u00f6glichkeit, sich k\u00fcnstlerisch auszudr\u00fccken, die mit ihrem nomadischen Lebensstil vereinbar war. <a href=\"https:\/\/www.prairiewind.ch\/newone\/produkt-schlagwort\/san-felipe\/\" data-wpil-monitor-id=\"1248\">Muster und Designs wurden auf praktische Gegenst\u00e4nde<\/a> wie Kleidung, Lederwaren, Pferdegeschirr und Schmuck gewebt, die leicht eingepackt und transportiert werden konnten.<\/p>\t\t\t\t\t\t\t\t<\/div>\n\t\t\t\t<\/div>\n\t\t\t\t<div class=\"elementor-element elementor-element-1db0795 elementor-widget elementor-widget-heading\" data-id=\"1db0795\" data-element_type=\"widget\" data-e-type=\"widget\" data-widget_type=\"heading.default\">\n\t\t\t\t<div class=\"elementor-widget-container\">\n\t\t\t\t\t<h2 class=\"elementor-heading-title elementor-size-default\">Seit wann handeln die Indianer mit Schmuck?\n<\/h2>\t\t\t\t<\/div>\n\t\t\t\t<\/div>\n\t\t\t\t<div class=\"elementor-element elementor-element-04fdee5 gm-text-col-2 elementor-widget elementor-widget-text-editor\" data-id=\"04fdee5\" data-element_type=\"widget\" data-e-type=\"widget\" data-widget_type=\"text-editor.default\">\n\t\t\t\t<div class=\"elementor-widget-container\">\n\t\t\t\t\t\t\t\t\t<p>Die amerikanischen Ureinwohner im S\u00fcdwesten begannen um 1900, Schmuck aus Silber und <a href=\"https:\/\/www.prairiewind.ch\/newone\/produkt\/bennard-dallasvuyoma-mosaic-inlay-haenger\/\" data-wpil-monitor-id=\"504\">T\u00fcrkisen<\/a> an Touristen zu verkaufen. Ohrspulen aus Stein (wie die heutigen Ohrringe) wurden getragen. Oft wurden Halbedelsteine verwendet, vor allem <a href=\"https:\/\/www.prairiewind.ch\/newone\/produkt\/049007-vernon-vacit-zuni-runde-ohrstecker\/\" data-wpil-monitor-id=\"509\">T\u00fcrkis<\/a>, aber auch Charoit, Howlit und Granat.<\/p>\t\t\t\t\t\t\t\t<\/div>\n\t\t\t\t<\/div>\n\t\t\t\t<section class=\"elementor-section elementor-inner-section elementor-element elementor-element-ed978de elementor-section-boxed elementor-section-height-default elementor-section-height-default\" data-id=\"ed978de\" data-element_type=\"section\" data-e-type=\"section\">\n\t\t\t\t\t\t<div class=\"elementor-container elementor-column-gap-default\">\n\t\t\t\t\t<div class=\"elementor-column elementor-col-50 elementor-inner-column elementor-element elementor-element-8b61bac\" data-id=\"8b61bac\" data-element_type=\"column\" data-e-type=\"column\">\n\t\t\t<div class=\"elementor-widget-wrap elementor-element-populated\">\n\t\t\t\t\t\t<div class=\"elementor-element elementor-element-a22bd58 elementor-widget elementor-widget-video\" data-id=\"a22bd58\" data-element_type=\"widget\" data-e-type=\"widget\" data-settings=\"{&quot;youtube_url&quot;:&quot;https:\\\/\\\/youtu.be\\\/Rpwz1q33vBI?si=UpmT4hSWILOBDqvo&quot;,&quot;video_type&quot;:&quot;youtube&quot;}\" data-widget_type=\"video.default\">\n\t\t\t\t<div class=\"elementor-widget-container\">\n\t\t\t\t\t\t\t<div class=\"elementor-wrapper elementor-open-inline\">\n\t\t\t<div class=\"elementor-video\"><\/div>\t\t<\/div>\n\t\t\t\t\t\t<\/div>\n\t\t\t\t<\/div>\n\t\t\t\t\t<\/div>\n\t\t<\/div>\n\t\t\t\t<div class=\"elementor-column elementor-col-50 elementor-inner-column elementor-element elementor-element-91188d7\" data-id=\"91188d7\" data-element_type=\"column\" data-e-type=\"column\">\n\t\t\t<div class=\"elementor-widget-wrap elementor-element-populated\">\n\t\t\t\t\t\t<div class=\"elementor-element elementor-element-7fe2e69 elementor-widget elementor-widget-video\" data-id=\"7fe2e69\" data-element_type=\"widget\" data-e-type=\"widget\" data-settings=\"{&quot;youtube_url&quot;:&quot;https:\\\/\\\/youtu.be\\\/zvMyhioYtN0?si=7zROlclPfO-0T2lj&quot;,&quot;video_type&quot;:&quot;youtube&quot;,&quot;controls&quot;:&quot;yes&quot;}\" data-widget_type=\"video.default\">\n\t\t\t\t<div class=\"elementor-widget-container\">\n\t\t\t\t\t\t\t<div class=\"elementor-wrapper elementor-open-inline\">\n\t\t\t<div class=\"elementor-video\"><\/div>\t\t<\/div>\n\t\t\t\t\t\t<\/div>\n\t\t\t\t<\/div>\n\t\t\t\t\t<\/div>\n\t\t<\/div>\n\t\t\t\t\t<\/div>\n\t\t<\/section>\n\t\t\t\t\t<\/div>\n\t\t<\/div>\n\t\t\t\t\t<\/div>\n\t\t<\/section>\n\t\t\t\t<\/div>\n\t\t","protected":false},"excerpt":{"rendered":"<p>Schmuckstile Die verschiedenen Native American Nations haben im Laufe ihrer langen und reichen Geschichte jeweils unverwechselbare Stile f\u00fcr die Gestaltung [&hellip;]<\/p>\n","protected":false},"author":2,"featured_media":0,"parent":0,"menu_order":0,"comment_status":"closed","ping_status":"closed","template":"elementor_header_footer","meta":{"_uag_custom_page_level_css":"","site-sidebar-layout":"default","site-content-layout":"","ast-site-content-layout":"default","site-content-style":"default","site-sidebar-style":"default","ast-global-header-display":"","ast-banner-title-visibility":"","ast-main-header-display":"","ast-hfb-above-header-display":"","ast-hfb-below-header-display":"","ast-hfb-mobile-header-display":"","site-post-title":"","ast-breadcrumbs-content":"","ast-featured-img":"","footer-sml-layout":"","ast-disable-related-posts":"","theme-transparent-header-meta":"default","adv-header-id-meta":"","stick-header-meta":"","header-above-stick-meta":"","header-main-stick-meta":"","header-below-stick-meta":"","astra-migrate-meta-layouts":"set","ast-page-background-enabled":"default","ast-page-background-meta":{"desktop":{"background-color":"var(--ast-global-color-4)","background-image":"","background-repeat":"repeat","background-position":"center center","background-size":"auto","background-attachment":"scroll","background-type":"","background-media":"","overlay-type":"","overlay-color":"","overlay-opacity":"","overlay-gradient":""},"tablet":{"background-color":"","background-image":"","background-repeat":"repeat","background-position":"center center","background-size":"auto","background-attachment":"scroll","background-type":"","background-media":"","overlay-type":"","overlay-color":"","overlay-opacity":"","overlay-gradient":""},"mobile":{"background-color":"","background-image":"","background-repeat":"repeat","background-position":"center center","background-size":"auto","background-attachment":"scroll","background-type":"","background-media":"","overlay-type":"","overlay-color":"","overlay-opacity":"","overlay-gradient":""}},"ast-content-background-meta":{"desktop":{"background-color":"var(--ast-global-color-5)","background-image":"","background-repeat":"repeat","background-position":"center center","background-size":"auto","background-attachment":"scroll","background-type":"","background-media":"","overlay-type":"","overlay-color":"","overlay-opacity":"","overlay-gradient":""},"tablet":{"background-color":"var(--ast-global-color-5)","background-image":"","background-repeat":"repeat","background-position":"center center","background-size":"auto","background-attachment":"scroll","background-type":"","background-media":"","overlay-type":"","overlay-color":"","overlay-opacity":"","overlay-gradient":""},"mobile":{"background-color":"var(--ast-global-color-5)","background-image":"","background-repeat":"repeat","background-position":"center center","background-size":"auto","background-attachment":"scroll","background-type":"","background-media":"","overlay-type":"","overlay-color":"","overlay-opacity":"","overlay-gradient":""}},"footnotes":""},"class_list":["post-10804","page","type-page","status-publish","hentry"],"uagb_featured_image_src":{"full":false,"thumbnail":false,"medium":false,"medium_large":false,"large":false,"1536x1536":false,"2048x2048":false,"hero-banner":false,"category-thumb":false,"woocommerce_thumbnail":false,"woocommerce_single":false,"woocommerce_gallery_thumbnail":false},"uagb_author_info":{"display_name":"Kurt Weissen","author_link":"https:\/\/www.prairiewind.ch\/newone\/author\/kurt-weissen\/"},"uagb_comment_info":0,"uagb_excerpt":"Schmuckstile Die verschiedenen Native American Nations haben im Laufe ihrer langen und reichen Geschichte jeweils unverwechselbare Stile f\u00fcr die Gestaltung [&hellip;]","_links":{"self":[{"href":"https:\/\/www.prairiewind.ch\/newone\/wp-json\/wp\/v2\/pages\/10804","targetHints":{"allow":["GET"]}}],"collection":[{"href":"https:\/\/www.prairiewind.ch\/newone\/wp-json\/wp\/v2\/pages"}],"about":[{"href":"https:\/\/www.prairiewind.ch\/newone\/wp-json\/wp\/v2\/types\/page"}],"author":[{"embeddable":true,"href":"https:\/\/www.prairiewind.ch\/newone\/wp-json\/wp\/v2\/users\/2"}],"replies":[{"embeddable":true,"href":"https:\/\/www.prairiewind.ch\/newone\/wp-json\/wp\/v2\/comments?post=10804"}],"version-history":[{"count":2,"href":"https:\/\/www.prairiewind.ch\/newone\/wp-json\/wp\/v2\/pages\/10804\/revisions"}],"predecessor-version":[{"id":112043,"href":"https:\/\/www.prairiewind.ch\/newone\/wp-json\/wp\/v2\/pages\/10804\/revisions\/112043"}],"wp:attachment":[{"href":"https:\/\/www.prairiewind.ch\/newone\/wp-json\/wp\/v2\/media?parent=10804"}],"curies":[{"name":"wp","href":"https:\/\/api.w.org\/{rel}","templated":true}]}}